{"id":15738,"date":"2026-04-22T13:27:48","date_gmt":"2026-04-22T11:27:48","guid":{"rendered":"https:\/\/x-peptides.com\/?post_type=product&#038;p=15738"},"modified":"2026-04-22T13:32:14","modified_gmt":"2026-04-22T11:32:14","slug":"selank-semax-10-mg-10-ml-spray","status":"publish","type":"product","link":"https:\/\/x-peptides.com\/de\/produkt\/selank-semax-10-mg-10-ml-spray\/","title":{"rendered":"Selank + Semax 10 mg\/10 ml Spray"},"content":{"rendered":"<p data-start=\"1390\" data-end=\"1741\"><strong>Selank + Semax<\/strong> ist eine Kombination von Peptiden, die in wissenschaftlichen Studien im Zusammenhang mit neuronalen Prozessen und regulatorischer Aktivit\u00e4t im zentralen Nervensystem untersucht wird. Sie umfasst zwei bioaktive Peptide, die hinsichtlich ihrer Rolle bei der zellul\u00e4ren Signal\u00fcbertragung und Kommunikation im Gehirngewebe erforscht werden.<\/p>\n<p data-start=\"1743\" data-end=\"2239\">Forschungsergebnisse deuten darauf hin, dass Peptide dieses Typs an Signalwegen beteiligt sein k\u00f6nnen, die mit neuronaler Signal\u00fcbertragung, synaptischer Aktivit\u00e4t sowie Mechanismen im Zusammenhang mit kognitiven Funktionen und dem Gleichgewicht des Nervensystems verbunden sind. Studien haben ihre Wechselwirkung mit Nervenzellen untersucht, einschlie\u00dflich Prozesse, die mit Signal\u00fcbertragung und der Aufrechterhaltung der funktionellen Stabilit\u00e4t unter verschiedenen Bedingungen zusammenh\u00e4ngen.<\/p>\n<p data-start=\"2241\" data-end=\"2681\"><strong data-start=\"2241\" data-end=\"2295\">Laborreagenz \u2013 ausschlie\u00dflich f\u00fcr Forschungszwecke<\/strong><br data-start=\"2295\" data-end=\"2298\" \/>Dieses Produkt ist als chemisches Reagenz ausschlie\u00dflich f\u00fcr Forschungszwecke klassifiziert und darf nur von qualifizierten Fachkr\u00e4ften unter Laborbedingungen gehandhabt werden. Es ist weder ein Nahrungserg\u00e4nzungsmittel noch ein Arzneimittel oder Lebensmittel und nicht f\u00fcr den menschlichen Verzehr bestimmt. Alle bereitgestellten Informationen dienen ausschlie\u00dflich Bildungszwecken.<\/p>\n","protected":false},"excerpt":{"rendered":"<p>Selank + Semax ist eine Kombination von Peptiden, die in wissenschaftlichen Studien im Zusammenhang mit neuronalen Prozessen und regulatorischer Aktivit\u00e4t im zentralen Nervensystem untersucht wird. Sie umfasst zwei bioaktive Peptide, die hinsichtlich ihrer Rolle bei der zellul\u00e4ren Signal\u00fcbertragung und Kommunikation im Gehirngewebe erforscht werden. Forschungsergebnisse deuten darauf hin, dass Peptide dieses Typs an Signalwegen beteiligt&#8230;<\/p>\n","protected":false},"featured_media":15737,"comment_status":"open","ping_status":"closed","template":"","meta":{"_kadence_starter_templates_imported_post":false,"_kad_post_transparent":"default","_kad_post_title":"","_kad_post_layout":"default","_kad_post_sidebar_id":"","_kad_post_content_style":"default","_kad_post_vertical_padding":"default","_kad_post_feature":"","_kad_post_feature_position":"","_kad_post_header":false,"_kad_post_footer":false,"_kad_post_classname":""},"product_brand":[],"product_cat":[102,125,120,150,88],"product_tag":[],"class_list":{"0":"post-15738","1":"product","2":"type-product","3":"status-publish","4":"has-post-thumbnail","6":"product_cat-gehirn-gedachtnis-konzentration","7":"product_cat-nootropics","8":"product_cat-peptides","9":"product_cat-spray","10":"product_cat-unkategorisiert","12":"first","13":"instock","14":"shipping-taxable","15":"purchasable","16":"product-type-simple","17":"entry","18":"content-bg","19":"loop-entry"},"_links":{"self":[{"href":"https:\/\/x-peptides.com\/de\/wp-json\/wp\/v2\/product\/15738","targetHints":{"allow":["GET"]}}],"collection":[{"href":"https:\/\/x-peptides.com\/de\/wp-json\/wp\/v2\/product"}],"about":[{"href":"https:\/\/x-peptides.com\/de\/wp-json\/wp\/v2\/types\/product"}],"replies":[{"embeddable":true,"href":"https:\/\/x-peptides.com\/de\/wp-json\/wp\/v2\/comments?post=15738"}],"wp:featuredmedia":[{"embeddable":true,"href":"https:\/\/x-peptides.com\/de\/wp-json\/wp\/v2\/media\/15737"}],"wp:attachment":[{"href":"https:\/\/x-peptides.com\/de\/wp-json\/wp\/v2\/media?parent=15738"}],"wp:term":[{"taxonomy":"product_brand","embeddable":true,"href":"https:\/\/x-peptides.com\/de\/wp-json\/wp\/v2\/product_brand?post=15738"},{"taxonomy":"product_cat","embeddable":true,"href":"https:\/\/x-peptides.com\/de\/wp-json\/wp\/v2\/product_cat?post=15738"},{"taxonomy":"product_tag","embeddable":true,"href":"https:\/\/x-peptides.com\/de\/wp-json\/wp\/v2\/product_tag?post=15738"}],"curies":[{"name":"wp","href":"https:\/\/api.w.org\/{rel}","templated":true}]}}