{"id":15709,"date":"2026-04-22T12:59:58","date_gmt":"2026-04-22T10:59:58","guid":{"rendered":"https:\/\/x-peptides.com\/?post_type=product&#038;p=15709"},"modified":"2026-04-22T13:03:27","modified_gmt":"2026-04-22T11:03:27","slug":"ace-031","status":"publish","type":"product","link":"https:\/\/x-peptides.com\/de\/produkt\/ace-031\/","title":{"rendered":"ACE-031"},"content":{"rendered":"<p data-start=\"1386\" data-end=\"1775\"><strong>ACE-031<\/strong> ist eine proteinbasierte Verbindung, die in wissenschaftlichen Studien im Zusammenhang mit Muskelgewebe und regulatorischen Signalwegen untersucht wird, die mit Wachstum und Entwicklung verbunden sind. Es geh\u00f6rt zu einer Klasse biologisch aktiver Molek\u00fcle, die hinsichtlich ihrer Rolle bei Signalmechanismen erforscht werden, welche zellul\u00e4re Prozesse im Muskelgewebe beeinflussen.<\/p>\n<p data-start=\"1777\" data-end=\"2209\">Forschungsergebnisse deuten darauf hin, dass Verbindungen dieses Typs an Signalwegen beteiligt sein k\u00f6nnen, die mit der Regulation von Muskelzellen zusammenh\u00e4ngen, einschlie\u00dflich Mechanismen, die mit Gewebeentwicklung und struktureller Anpassung verbunden sind. Studien haben ihre Wechselwirkung mit Signalsystemen untersucht, die die Zellaktivit\u00e4t und das Gleichgewicht im Muskelgewebe unter verschiedenen Bedingungen beeinflussen.<\/p>\n<p data-start=\"2211\" data-end=\"2651\"><strong data-start=\"2211\" data-end=\"2265\">Laborreagenz \u2013 ausschlie\u00dflich f\u00fcr Forschungszwecke<\/strong><br data-start=\"2265\" data-end=\"2268\" \/>Dieses Produkt ist als chemisches Reagenz ausschlie\u00dflich f\u00fcr Forschungszwecke klassifiziert und darf nur von qualifizierten Fachkr\u00e4ften unter Laborbedingungen gehandhabt werden. Es ist weder ein Nahrungserg\u00e4nzungsmittel noch ein Arzneimittel oder Lebensmittel und nicht f\u00fcr den menschlichen Verzehr bestimmt. Alle bereitgestellten Informationen dienen ausschlie\u00dflich Bildungszwecken.<\/p>\n","protected":false},"excerpt":{"rendered":"<p>ACE-031 ist eine proteinbasierte Verbindung, die in wissenschaftlichen Studien im Zusammenhang mit Muskelgewebe und regulatorischen Signalwegen untersucht wird, die mit Wachstum und Entwicklung verbunden sind. Es geh\u00f6rt zu einer Klasse biologisch aktiver Molek\u00fcle, die hinsichtlich ihrer Rolle bei Signalmechanismen erforscht werden, welche zellul\u00e4re Prozesse im Muskelgewebe beeinflussen. Forschungsergebnisse deuten darauf hin, dass Verbindungen dieses Typs&#8230;<\/p>\n","protected":false},"featured_media":15708,"comment_status":"open","ping_status":"closed","template":"","meta":{"_kadence_starter_templates_imported_post":false,"_kad_post_transparent":"default","_kad_post_title":"","_kad_post_layout":"default","_kad_post_sidebar_id":"","_kad_post_content_style":"default","_kad_post_vertical_padding":"default","_kad_post_feature":"","_kad_post_feature_position":"","_kad_post_header":false,"_kad_post_footer":false,"_kad_post_classname":""},"product_brand":[],"product_cat":[101,122,120,88,144],"product_tag":[],"class_list":{"0":"post-15709","1":"product","2":"type-product","3":"status-publish","4":"has-post-thumbnail","6":"product_cat-erholung","7":"product_cat-flaschchen","8":"product_cat-peptides","9":"product_cat-unkategorisiert","10":"product_cat-wachstum-der-muskeln","12":"first","13":"instock","14":"shipping-taxable","15":"purchasable","16":"product-type-simple","17":"entry","18":"content-bg","19":"loop-entry"},"_links":{"self":[{"href":"https:\/\/x-peptides.com\/de\/wp-json\/wp\/v2\/product\/15709","targetHints":{"allow":["GET"]}}],"collection":[{"href":"https:\/\/x-peptides.com\/de\/wp-json\/wp\/v2\/product"}],"about":[{"href":"https:\/\/x-peptides.com\/de\/wp-json\/wp\/v2\/types\/product"}],"replies":[{"embeddable":true,"href":"https:\/\/x-peptides.com\/de\/wp-json\/wp\/v2\/comments?post=15709"}],"wp:featuredmedia":[{"embeddable":true,"href":"https:\/\/x-peptides.com\/de\/wp-json\/wp\/v2\/media\/15708"}],"wp:attachment":[{"href":"https:\/\/x-peptides.com\/de\/wp-json\/wp\/v2\/media?parent=15709"}],"wp:term":[{"taxonomy":"product_brand","embeddable":true,"href":"https:\/\/x-peptides.com\/de\/wp-json\/wp\/v2\/product_brand?post=15709"},{"taxonomy":"product_cat","embeddable":true,"href":"https:\/\/x-peptides.com\/de\/wp-json\/wp\/v2\/product_cat?post=15709"},{"taxonomy":"product_tag","embeddable":true,"href":"https:\/\/x-peptides.com\/de\/wp-json\/wp\/v2\/product_tag?post=15709"}],"curies":[{"name":"wp","href":"https:\/\/api.w.org\/{rel}","templated":true}]}}