{"id":15636,"date":"2026-04-20T10:41:27","date_gmt":"2026-04-20T08:41:27","guid":{"rendered":"https:\/\/x-peptides.com\/?post_type=product&#038;p=15636"},"modified":"2026-04-20T10:47:44","modified_gmt":"2026-04-20T08:47:44","slug":"hmg-75-iu","status":"publish","type":"product","link":"https:\/\/x-peptides.com\/de\/produkt\/hmg-75-iu\/","title":{"rendered":"HMG 75 IU"},"content":{"rendered":"<p data-start=\"1320\" data-end=\"1659\"><strong>HMG (Human Menopausal Gonadotropin)<\/strong> ist ein hormonbasiertes Pr\u00e4parat, das in wissenschaftlichen und klinischen Studien im Zusammenhang mit der Reproduktionsfunktion untersucht wird. Es enth\u00e4lt eine Kombination von Gonadotropinen, die hinsichtlich ihrer Rolle bei der regulatorischen Signal\u00fcbertragung im endokrinen System erforscht werden.<\/p>\n<p data-start=\"1661\" data-end=\"2133\">Forschungsergebnisse deuten darauf hin, dass Verbindungen dieses Typs an Signalwegen beteiligt sein k\u00f6nnen, die mit hormoneller Signal\u00fcbertragung und der Regulation von Prozessen im reproduktiven System zusammenh\u00e4ngen. Studien haben ihre Wechselwirkung mit Zellen untersucht, die mit reproduktivem Gewebe verbunden sind, einschlie\u00dflich Mechanismen, die mit Zellkommunikation und dem Erhalt des physiologischen Gleichgewichts unter verschiedenen Bedingungen zusammenh\u00e4ngen.<\/p>\n<p data-start=\"2135\" data-end=\"2575\"><strong data-start=\"2135\" data-end=\"2189\">Laborreagenz \u2013 ausschlie\u00dflich f\u00fcr Forschungszwecke<\/strong><br data-start=\"2189\" data-end=\"2192\" \/>Dieses Produkt ist als chemisches Reagenz ausschlie\u00dflich f\u00fcr Forschungszwecke klassifiziert und darf nur von qualifizierten Fachkr\u00e4ften unter Laborbedingungen gehandhabt werden. Es ist weder ein Nahrungserg\u00e4nzungsmittel noch ein Arzneimittel oder Lebensmittel und nicht f\u00fcr den menschlichen Verzehr bestimmt. Alle bereitgestellten Informationen dienen ausschlie\u00dflich Bildungszwecken.<\/p>\n","protected":false},"excerpt":{"rendered":"<p>HMG (Human Menopausal Gonadotropin) ist ein hormonbasiertes Pr\u00e4parat, das in wissenschaftlichen und klinischen Studien im Zusammenhang mit der Reproduktionsfunktion untersucht wird. Es enth\u00e4lt eine Kombination von Gonadotropinen, die hinsichtlich ihrer Rolle bei der regulatorischen Signal\u00fcbertragung im endokrinen System erforscht werden. Forschungsergebnisse deuten darauf hin, dass Verbindungen dieses Typs an Signalwegen beteiligt sein k\u00f6nnen, die mit&#8230;<\/p>\n","protected":false},"featured_media":15635,"comment_status":"open","ping_status":"closed","template":"","meta":{"_kadence_starter_templates_imported_post":false,"_kad_post_transparent":"default","_kad_post_title":"","_kad_post_layout":"default","_kad_post_sidebar_id":"","_kad_post_content_style":"default","_kad_post_vertical_padding":"default","_kad_post_feature":"","_kad_post_feature_position":"","_kad_post_header":false,"_kad_post_footer":false,"_kad_post_classname":""},"product_brand":[],"product_cat":[122,120,88],"product_tag":[],"class_list":{"0":"post-15636","1":"product","2":"type-product","3":"status-publish","4":"has-post-thumbnail","6":"product_cat-flaschchen","7":"product_cat-peptides","8":"product_cat-unkategorisiert","10":"first","11":"instock","12":"shipping-taxable","13":"purchasable","14":"product-type-simple","15":"entry","16":"content-bg","17":"loop-entry"},"_links":{"self":[{"href":"https:\/\/x-peptides.com\/de\/wp-json\/wp\/v2\/product\/15636","targetHints":{"allow":["GET"]}}],"collection":[{"href":"https:\/\/x-peptides.com\/de\/wp-json\/wp\/v2\/product"}],"about":[{"href":"https:\/\/x-peptides.com\/de\/wp-json\/wp\/v2\/types\/product"}],"replies":[{"embeddable":true,"href":"https:\/\/x-peptides.com\/de\/wp-json\/wp\/v2\/comments?post=15636"}],"wp:featuredmedia":[{"embeddable":true,"href":"https:\/\/x-peptides.com\/de\/wp-json\/wp\/v2\/media\/15635"}],"wp:attachment":[{"href":"https:\/\/x-peptides.com\/de\/wp-json\/wp\/v2\/media?parent=15636"}],"wp:term":[{"taxonomy":"product_brand","embeddable":true,"href":"https:\/\/x-peptides.com\/de\/wp-json\/wp\/v2\/product_brand?post=15636"},{"taxonomy":"product_cat","embeddable":true,"href":"https:\/\/x-peptides.com\/de\/wp-json\/wp\/v2\/product_cat?post=15636"},{"taxonomy":"product_tag","embeddable":true,"href":"https:\/\/x-peptides.com\/de\/wp-json\/wp\/v2\/product_tag?post=15636"}],"curies":[{"name":"wp","href":"https:\/\/api.w.org\/{rel}","templated":true}]}}