{"id":15625,"date":"2026-04-22T12:44:03","date_gmt":"2026-04-22T10:44:03","guid":{"rendered":"https:\/\/x-peptides.com\/?post_type=product&#038;p=15625"},"modified":"2026-04-22T12:46:14","modified_gmt":"2026-04-22T10:46:14","slug":"slu-pp-5-mg","status":"publish","type":"product","link":"https:\/\/x-peptides.com\/de\/produkt\/slu-pp-5-mg\/","title":{"rendered":"SLU-PP 5 mg"},"content":{"rendered":"<p data-start=\"1324\" data-end=\"1657\"><strong>SLU-PP<\/strong> ist eine Verbindung, die in wissenschaftlichen Studien im Zusammenhang mit der Regulation des Stoffwechsels und energiebezogenen Prozessen untersucht wird. Es geh\u00f6rt zu einer Gruppe von Molek\u00fclen, die hinsichtlich ihrer Rolle in zellul\u00e4ren Signalwegen erforscht werden, die mit Stoffwechsel und Energiehaushalt verbunden sind.<\/p>\n<p data-start=\"1659\" data-end=\"2104\">Forschungsergebnisse deuten darauf hin, dass Verbindungen dieses Typs an Signalwegen beteiligt sein k\u00f6nnen, die mit mitochondrialer Aktivit\u00e4t, der Nutzung von Energiesubstraten und der zellul\u00e4ren Energiedynamik zusammenh\u00e4ngen. Studien haben ihre Wechselwirkung mit metabolischen Prozessen untersucht, einschlie\u00dflich Mechanismen, die mit Energieverbrauch und der Regulation metabolischer Funktionen unter verschiedenen Bedingungen verbunden sind.<\/p>\n<p data-start=\"2106\" data-end=\"2546\"><strong data-start=\"2106\" data-end=\"2160\">Laborreagenz \u2013 ausschlie\u00dflich f\u00fcr Forschungszwecke<\/strong><br data-start=\"2160\" data-end=\"2163\" \/>Dieses Produkt ist als chemisches Reagenz ausschlie\u00dflich f\u00fcr Forschungszwecke klassifiziert und darf nur von qualifizierten Fachkr\u00e4ften unter Laborbedingungen gehandhabt werden. Es ist weder ein Nahrungserg\u00e4nzungsmittel noch ein Arzneimittel oder Lebensmittel und nicht f\u00fcr den menschlichen Verzehr bestimmt. Alle bereitgestellten Informationen dienen ausschlie\u00dflich Bildungszwecken.<\/p>\n","protected":false},"excerpt":{"rendered":"<p>SLU-PP ist eine Verbindung, die in wissenschaftlichen Studien im Zusammenhang mit der Regulation des Stoffwechsels und energiebezogenen Prozessen untersucht wird. Es geh\u00f6rt zu einer Gruppe von Molek\u00fclen, die hinsichtlich ihrer Rolle in zellul\u00e4ren Signalwegen erforscht werden, die mit Stoffwechsel und Energiehaushalt verbunden sind. Forschungsergebnisse deuten darauf hin, dass Verbindungen dieses Typs an Signalwegen beteiligt sein&#8230;<\/p>\n","protected":false},"featured_media":15624,"comment_status":"open","ping_status":"closed","template":"","meta":{"_kadence_starter_templates_imported_post":false,"_kad_post_transparent":"default","_kad_post_title":"","_kad_post_layout":"default","_kad_post_sidebar_id":"","_kad_post_content_style":"default","_kad_post_vertical_padding":"default","_kad_post_feature":"","_kad_post_feature_position":"","_kad_post_header":false,"_kad_post_footer":false,"_kad_post_classname":""},"product_brand":[],"product_cat":[122,143,120,88,144],"product_tag":[],"class_list":{"0":"post-15625","1":"product","2":"type-product","3":"status-publish","4":"has-post-thumbnail","6":"product_cat-flaschchen","7":"product_cat-gewichtsverlust","8":"product_cat-peptides","9":"product_cat-unkategorisiert","10":"product_cat-wachstum-der-muskeln","12":"first","13":"instock","14":"shipping-taxable","15":"purchasable","16":"product-type-simple","17":"entry","18":"content-bg","19":"loop-entry"},"_links":{"self":[{"href":"https:\/\/x-peptides.com\/de\/wp-json\/wp\/v2\/product\/15625","targetHints":{"allow":["GET"]}}],"collection":[{"href":"https:\/\/x-peptides.com\/de\/wp-json\/wp\/v2\/product"}],"about":[{"href":"https:\/\/x-peptides.com\/de\/wp-json\/wp\/v2\/types\/product"}],"replies":[{"embeddable":true,"href":"https:\/\/x-peptides.com\/de\/wp-json\/wp\/v2\/comments?post=15625"}],"wp:featuredmedia":[{"embeddable":true,"href":"https:\/\/x-peptides.com\/de\/wp-json\/wp\/v2\/media\/15624"}],"wp:attachment":[{"href":"https:\/\/x-peptides.com\/de\/wp-json\/wp\/v2\/media?parent=15625"}],"wp:term":[{"taxonomy":"product_brand","embeddable":true,"href":"https:\/\/x-peptides.com\/de\/wp-json\/wp\/v2\/product_brand?post=15625"},{"taxonomy":"product_cat","embeddable":true,"href":"https:\/\/x-peptides.com\/de\/wp-json\/wp\/v2\/product_cat?post=15625"},{"taxonomy":"product_tag","embeddable":true,"href":"https:\/\/x-peptides.com\/de\/wp-json\/wp\/v2\/product_tag?post=15625"}],"curies":[{"name":"wp","href":"https:\/\/api.w.org\/{rel}","templated":true}]}}