{"id":15614,"date":"2026-04-20T10:18:56","date_gmt":"2026-04-20T08:18:56","guid":{"rendered":"https:\/\/x-peptides.com\/?post_type=product&#038;p=15614"},"modified":"2026-04-20T10:20:41","modified_gmt":"2026-04-20T08:20:41","slug":"adamax-5-mg","status":"publish","type":"product","link":"https:\/\/x-peptides.com\/de\/produkt\/adamax-5-mg\/","title":{"rendered":"Adamax 5 mg"},"content":{"rendered":"<p data-start=\"1316\" data-end=\"1629\"><strong>Adamax<\/strong> ist ein Peptid, das in wissenschaftlichen Studien im Zusammenhang mit zellul\u00e4ren Prozessen und regulatorischen Mechanismen untersucht wird. Es geh\u00f6rt zu einer Gruppe bioaktiver Peptide, die hinsichtlich ihrer Rolle bei der zellul\u00e4ren Signal\u00fcbertragung und der gewebespezifischen Aktivit\u00e4t erforscht werden.<\/p>\n<p data-start=\"1631\" data-end=\"2110\">Forschungsergebnisse deuten darauf hin, dass Peptide dieses Typs an Signalwegen beteiligt sein k\u00f6nnen, die mit Zellkommunikation, Genexpression sowie Mechanismen verbunden sind, die zur Aufrechterhaltung des funktionellen Gleichgewichts auf zellul\u00e4rer Ebene beitragen. Studien haben ihre Wechselwirkung mit verschiedenen Zelltypen untersucht, einschlie\u00dflich Prozesse, die mit zellul\u00e4rer Anpassung und regulatorischen Reaktionen unter unterschiedlichen Bedingungen zusammenh\u00e4ngen.<\/p>\n<p data-start=\"2112\" data-end=\"2552\"><strong data-start=\"2112\" data-end=\"2166\">Laborreagenz \u2013 ausschlie\u00dflich f\u00fcr Forschungszwecke<\/strong><br data-start=\"2166\" data-end=\"2169\" \/>Dieses Produkt ist als chemisches Reagenz ausschlie\u00dflich f\u00fcr Forschungszwecke klassifiziert und darf nur von qualifizierten Fachkr\u00e4ften unter Laborbedingungen gehandhabt werden. Es ist weder ein Nahrungserg\u00e4nzungsmittel noch ein Arzneimittel oder Lebensmittel und nicht f\u00fcr den menschlichen Verzehr bestimmt. Alle bereitgestellten Informationen dienen ausschlie\u00dflich Bildungszwecken.<\/p>\n","protected":false},"excerpt":{"rendered":"<p>Adamax ist ein Peptid, das in wissenschaftlichen Studien im Zusammenhang mit zellul\u00e4ren Prozessen und regulatorischen Mechanismen untersucht wird. Es geh\u00f6rt zu einer Gruppe bioaktiver Peptide, die hinsichtlich ihrer Rolle bei der zellul\u00e4ren Signal\u00fcbertragung und der gewebespezifischen Aktivit\u00e4t erforscht werden. Forschungsergebnisse deuten darauf hin, dass Peptide dieses Typs an Signalwegen beteiligt sein k\u00f6nnen, die mit Zellkommunikation,&#8230;<\/p>\n","protected":false},"featured_media":15613,"comment_status":"open","ping_status":"closed","template":"","meta":{"_kadence_starter_templates_imported_post":false,"_kad_post_transparent":"default","_kad_post_title":"","_kad_post_layout":"default","_kad_post_sidebar_id":"","_kad_post_content_style":"default","_kad_post_vertical_padding":"default","_kad_post_feature":"","_kad_post_feature_position":"","_kad_post_header":false,"_kad_post_footer":false,"_kad_post_classname":""},"product_brand":[],"product_cat":[104,122,120,88],"product_tag":[],"class_list":{"0":"post-15614","1":"product","2":"type-product","3":"status-publish","4":"has-post-thumbnail","6":"product_cat-anti-aging","7":"product_cat-flaschchen","8":"product_cat-peptides","9":"product_cat-unkategorisiert","11":"first","12":"instock","13":"shipping-taxable","14":"purchasable","15":"product-type-simple","16":"entry","17":"content-bg","18":"loop-entry"},"_links":{"self":[{"href":"https:\/\/x-peptides.com\/de\/wp-json\/wp\/v2\/product\/15614","targetHints":{"allow":["GET"]}}],"collection":[{"href":"https:\/\/x-peptides.com\/de\/wp-json\/wp\/v2\/product"}],"about":[{"href":"https:\/\/x-peptides.com\/de\/wp-json\/wp\/v2\/types\/product"}],"replies":[{"embeddable":true,"href":"https:\/\/x-peptides.com\/de\/wp-json\/wp\/v2\/comments?post=15614"}],"wp:featuredmedia":[{"embeddable":true,"href":"https:\/\/x-peptides.com\/de\/wp-json\/wp\/v2\/media\/15613"}],"wp:attachment":[{"href":"https:\/\/x-peptides.com\/de\/wp-json\/wp\/v2\/media?parent=15614"}],"wp:term":[{"taxonomy":"product_brand","embeddable":true,"href":"https:\/\/x-peptides.com\/de\/wp-json\/wp\/v2\/product_brand?post=15614"},{"taxonomy":"product_cat","embeddable":true,"href":"https:\/\/x-peptides.com\/de\/wp-json\/wp\/v2\/product_cat?post=15614"},{"taxonomy":"product_tag","embeddable":true,"href":"https:\/\/x-peptides.com\/de\/wp-json\/wp\/v2\/product_tag?post=15614"}],"curies":[{"name":"wp","href":"https:\/\/api.w.org\/{rel}","templated":true}]}}