{"id":15604,"date":"2026-04-20T10:13:03","date_gmt":"2026-04-20T08:13:03","guid":{"rendered":"https:\/\/x-peptides.com\/?post_type=product&#038;p=15604"},"modified":"2026-04-20T10:14:43","modified_gmt":"2026-04-20T08:14:43","slug":"vesugen-20-mg","status":"publish","type":"product","link":"https:\/\/x-peptides.com\/de\/produkt\/vesugen-20-mg\/","title":{"rendered":"Vesugen 20 mg"},"content":{"rendered":"<p data-start=\"1291\" data-end=\"1563\"><strong>Vesugen<\/strong> ist ein Peptid, das in wissenschaftlichen Studien im Zusammenhang mit vaskul\u00e4rem Gewebe untersucht wird. Es geh\u00f6rt zu einer Gruppe bioaktiver Peptide, die hinsichtlich ihrer Rolle bei der zellul\u00e4ren Regulation und der gewebespezifischen Aktivit\u00e4t erforscht werden.<\/p>\n<p data-start=\"1565\" data-end=\"2037\">Forschungsergebnisse deuten darauf hin, dass Peptide dieses Typs an zellul\u00e4ren Prozessen beteiligt sein k\u00f6nnen, die mit der Struktur und Funktion von Blutgef\u00e4\u00dfen zusammenh\u00e4ngen. Unter experimentellen Bedingungen wurden sie mit Signalwegen in Verbindung gebracht, die die Aktivit\u00e4t von Endothelzellen, die Zellkommunikation sowie Mechanismen betreffen, die zur Aufrechterhaltung der funktionellen Integrit\u00e4t des vaskul\u00e4ren Gewebes unter verschiedenen Bedingungen beitragen.<\/p>\n<p data-start=\"2039\" data-end=\"2479\"><strong data-start=\"2039\" data-end=\"2093\">Laborreagenz \u2013 ausschlie\u00dflich f\u00fcr Forschungszwecke<\/strong><br data-start=\"2093\" data-end=\"2096\" \/>Dieses Produkt ist als chemisches Reagenz ausschlie\u00dflich f\u00fcr Forschungszwecke klassifiziert und darf nur von qualifizierten Fachkr\u00e4ften unter Laborbedingungen gehandhabt werden. Es ist weder ein Nahrungserg\u00e4nzungsmittel noch ein Arzneimittel oder Lebensmittel und nicht f\u00fcr den menschlichen Verzehr bestimmt. Alle bereitgestellten Informationen dienen ausschlie\u00dflich Bildungszwecken.<\/p>\n","protected":false},"excerpt":{"rendered":"<p>Vesugen ist ein Peptid, das in wissenschaftlichen Studien im Zusammenhang mit vaskul\u00e4rem Gewebe untersucht wird. Es geh\u00f6rt zu einer Gruppe bioaktiver Peptide, die hinsichtlich ihrer Rolle bei der zellul\u00e4ren Regulation und der gewebespezifischen Aktivit\u00e4t erforscht werden. Forschungsergebnisse deuten darauf hin, dass Peptide dieses Typs an zellul\u00e4ren Prozessen beteiligt sein k\u00f6nnen, die mit der Struktur und&#8230;<\/p>\n","protected":false},"featured_media":15603,"comment_status":"open","ping_status":"closed","template":"","meta":{"_kadence_starter_templates_imported_post":false,"_kad_post_transparent":"default","_kad_post_title":"","_kad_post_layout":"default","_kad_post_sidebar_id":"","_kad_post_content_style":"default","_kad_post_vertical_padding":"default","_kad_post_feature":"","_kad_post_feature_position":"","_kad_post_header":false,"_kad_post_footer":false,"_kad_post_classname":""},"product_brand":[],"product_cat":[101,122,120,88],"product_tag":[],"class_list":{"0":"post-15604","1":"product","2":"type-product","3":"status-publish","4":"has-post-thumbnail","6":"product_cat-erholung","7":"product_cat-flaschchen","8":"product_cat-peptides","9":"product_cat-unkategorisiert","11":"first","12":"instock","13":"shipping-taxable","14":"purchasable","15":"product-type-simple","16":"entry","17":"content-bg","18":"loop-entry"},"_links":{"self":[{"href":"https:\/\/x-peptides.com\/de\/wp-json\/wp\/v2\/product\/15604","targetHints":{"allow":["GET"]}}],"collection":[{"href":"https:\/\/x-peptides.com\/de\/wp-json\/wp\/v2\/product"}],"about":[{"href":"https:\/\/x-peptides.com\/de\/wp-json\/wp\/v2\/types\/product"}],"replies":[{"embeddable":true,"href":"https:\/\/x-peptides.com\/de\/wp-json\/wp\/v2\/comments?post=15604"}],"wp:featuredmedia":[{"embeddable":true,"href":"https:\/\/x-peptides.com\/de\/wp-json\/wp\/v2\/media\/15603"}],"wp:attachment":[{"href":"https:\/\/x-peptides.com\/de\/wp-json\/wp\/v2\/media?parent=15604"}],"wp:term":[{"taxonomy":"product_brand","embeddable":true,"href":"https:\/\/x-peptides.com\/de\/wp-json\/wp\/v2\/product_brand?post=15604"},{"taxonomy":"product_cat","embeddable":true,"href":"https:\/\/x-peptides.com\/de\/wp-json\/wp\/v2\/product_cat?post=15604"},{"taxonomy":"product_tag","embeddable":true,"href":"https:\/\/x-peptides.com\/de\/wp-json\/wp\/v2\/product_tag?post=15604"}],"curies":[{"name":"wp","href":"https:\/\/api.w.org\/{rel}","templated":true}]}}