{"id":15589,"date":"2026-04-20T10:03:20","date_gmt":"2026-04-20T08:03:20","guid":{"rendered":"https:\/\/x-peptides.com\/?post_type=product&#038;p=15589"},"modified":"2026-04-20T10:04:34","modified_gmt":"2026-04-20T08:04:34","slug":"p-21-10-mg","status":"publish","type":"product","link":"https:\/\/x-peptides.com\/de\/produkt\/p-21-10-mg\/","title":{"rendered":"P-21 10 mg"},"content":{"rendered":"<p data-start=\"1336\" data-end=\"1679\"><strong>P-21<\/strong> ist ein Peptid, das in wissenschaftlichen Studien im Zusammenhang mit neuronalen Geweben und Prozessen der zellul\u00e4ren Signal\u00fcbertragung im Gehirn untersucht wird. Es geh\u00f6rt zu einer Gruppe bioaktiver Peptide, die hinsichtlich ihrer Rolle bei der zellul\u00e4ren Regulation und der gewebespezifischen Aktivit\u00e4t im Nervensystem erforscht werden.<\/p>\n<p data-start=\"1681\" data-end=\"2125\">Forschungsergebnisse deuten darauf hin, dass Peptide dieses Typs an Signalwegen beteiligt sein k\u00f6nnen, die mit neuronaler Kommunikation, synaptischer Aktivit\u00e4t sowie zellul\u00e4ren Prozessen im Zusammenhang mit kognitiven Funktionen verbunden sind. Studien haben ihre Wechselwirkung mit Nervenzellen untersucht, einschlie\u00dflich Mechanismen, die an der Signal\u00fcbertragung und dem Erhalt des funktionellen Gleichgewichts im Nervensystem beteiligt sind.<\/p>\n<p data-start=\"2127\" data-end=\"2567\"><strong data-start=\"2127\" data-end=\"2181\">Laborreagenz \u2013 ausschlie\u00dflich f\u00fcr Forschungszwecke<\/strong><br data-start=\"2181\" data-end=\"2184\" \/>Dieses Produkt ist als chemisches Reagenz ausschlie\u00dflich f\u00fcr Forschungszwecke klassifiziert und darf nur von qualifizierten Fachkr\u00e4ften unter Laborbedingungen gehandhabt werden. Es ist weder ein Nahrungserg\u00e4nzungsmittel noch ein Arzneimittel oder Lebensmittel und nicht f\u00fcr den menschlichen Verzehr bestimmt. Alle bereitgestellten Informationen dienen ausschlie\u00dflich Bildungszwecken.<\/p>\n","protected":false},"excerpt":{"rendered":"<p>P-21 ist ein Peptid, das in wissenschaftlichen Studien im Zusammenhang mit neuronalen Geweben und Prozessen der zellul\u00e4ren Signal\u00fcbertragung im Gehirn untersucht wird. Es geh\u00f6rt zu einer Gruppe bioaktiver Peptide, die hinsichtlich ihrer Rolle bei der zellul\u00e4ren Regulation und der gewebespezifischen Aktivit\u00e4t im Nervensystem erforscht werden. Forschungsergebnisse deuten darauf hin, dass Peptide dieses Typs an Signalwegen&#8230;<\/p>\n","protected":false},"featured_media":15596,"comment_status":"open","ping_status":"closed","template":"","meta":{"_kadence_starter_templates_imported_post":false,"_kad_post_transparent":"default","_kad_post_title":"","_kad_post_layout":"default","_kad_post_sidebar_id":"","_kad_post_content_style":"default","_kad_post_vertical_padding":"default","_kad_post_feature":"","_kad_post_feature_position":"","_kad_post_header":false,"_kad_post_footer":false,"_kad_post_classname":""},"product_brand":[],"product_cat":[122,102,125,120,88],"product_tag":[],"class_list":{"0":"post-15589","1":"product","2":"type-product","3":"status-publish","4":"has-post-thumbnail","6":"product_cat-flaschchen","7":"product_cat-gehirn-gedachtnis-konzentration","8":"product_cat-nootropics","9":"product_cat-peptides","10":"product_cat-unkategorisiert","12":"first","13":"instock","14":"shipping-taxable","15":"purchasable","16":"product-type-simple","17":"entry","18":"content-bg","19":"loop-entry"},"_links":{"self":[{"href":"https:\/\/x-peptides.com\/de\/wp-json\/wp\/v2\/product\/15589","targetHints":{"allow":["GET"]}}],"collection":[{"href":"https:\/\/x-peptides.com\/de\/wp-json\/wp\/v2\/product"}],"about":[{"href":"https:\/\/x-peptides.com\/de\/wp-json\/wp\/v2\/types\/product"}],"replies":[{"embeddable":true,"href":"https:\/\/x-peptides.com\/de\/wp-json\/wp\/v2\/comments?post=15589"}],"wp:featuredmedia":[{"embeddable":true,"href":"https:\/\/x-peptides.com\/de\/wp-json\/wp\/v2\/media\/15596"}],"wp:attachment":[{"href":"https:\/\/x-peptides.com\/de\/wp-json\/wp\/v2\/media?parent=15589"}],"wp:term":[{"taxonomy":"product_brand","embeddable":true,"href":"https:\/\/x-peptides.com\/de\/wp-json\/wp\/v2\/product_brand?post=15589"},{"taxonomy":"product_cat","embeddable":true,"href":"https:\/\/x-peptides.com\/de\/wp-json\/wp\/v2\/product_cat?post=15589"},{"taxonomy":"product_tag","embeddable":true,"href":"https:\/\/x-peptides.com\/de\/wp-json\/wp\/v2\/product_tag?post=15589"}],"curies":[{"name":"wp","href":"https:\/\/api.w.org\/{rel}","templated":true}]}}