{"id":15578,"date":"2026-04-20T09:48:41","date_gmt":"2026-04-20T07:48:41","guid":{"rendered":"https:\/\/x-peptides.com\/?post_type=product&#038;p=15578"},"modified":"2026-04-20T09:51:09","modified_gmt":"2026-04-20T07:51:09","slug":"ovagen-20-mg","status":"publish","type":"product","link":"https:\/\/x-peptides.com\/de\/produkt\/ovagen-20-mg\/","title":{"rendered":"Ovagen 20 mg"},"content":{"rendered":"<p data-start=\"1331\" data-end=\"1678\"><strong>Ovagen<\/strong> ist ein Peptid, das in wissenschaftlichen Studien im Zusammenhang mit reproduktivem Gewebe untersucht wird, insbesondere mit Strukturen, die mit der Ovarialfunktion verbunden sind. Es geh\u00f6rt zu einer Gruppe bioaktiver Peptide, die hinsichtlich ihrer Rolle bei der zellul\u00e4ren Regulation und der gewebespezifischen Aktivit\u00e4t erforscht werden.<\/p>\n<p data-start=\"1680\" data-end=\"2161\">Forschungsergebnisse deuten darauf hin, dass Peptide dieses Typs an zellul\u00e4ren Prozessen beteiligt sein k\u00f6nnen, die mit der Gewebefunktion sowie regulatorischen Signalprozessen im reproduktiven System zusammenh\u00e4ngen. Studien haben ihre Wechselwirkung mit Zellen untersucht, die mit ovariellen Strukturen verbunden sind, einschlie\u00dflich Signalwegen, die mit der Zellkommunikation und dem Erhalt des physiologischen Gleichgewichts unter verschiedenen Bedingungen in Verbindung stehen.<\/p>\n<p data-start=\"2163\" data-end=\"2603\"><strong data-start=\"2163\" data-end=\"2217\">Laborreagenz \u2013 ausschlie\u00dflich f\u00fcr Forschungszwecke<\/strong><br data-start=\"2217\" data-end=\"2220\" \/>Dieses Produkt ist als chemisches Reagenz ausschlie\u00dflich f\u00fcr Forschungszwecke klassifiziert und darf nur von qualifizierten Fachkr\u00e4ften unter Laborbedingungen gehandhabt werden. Es ist weder ein Nahrungserg\u00e4nzungsmittel noch ein Arzneimittel oder Lebensmittel und nicht f\u00fcr den menschlichen Verzehr bestimmt. Alle bereitgestellten Informationen dienen ausschlie\u00dflich Bildungszwecken.<\/p>\n","protected":false},"excerpt":{"rendered":"<p>Ovagen ist ein Peptid, das in wissenschaftlichen Studien im Zusammenhang mit reproduktivem Gewebe untersucht wird, insbesondere mit Strukturen, die mit der Ovarialfunktion verbunden sind. Es geh\u00f6rt zu einer Gruppe bioaktiver Peptide, die hinsichtlich ihrer Rolle bei der zellul\u00e4ren Regulation und der gewebespezifischen Aktivit\u00e4t erforscht werden. Forschungsergebnisse deuten darauf hin, dass Peptide dieses Typs an zellul\u00e4ren&#8230;<\/p>\n","protected":false},"featured_media":15577,"comment_status":"open","ping_status":"closed","template":"","meta":{"_kadence_starter_templates_imported_post":false,"_kad_post_transparent":"default","_kad_post_title":"","_kad_post_layout":"default","_kad_post_sidebar_id":"","_kad_post_content_style":"default","_kad_post_vertical_padding":"default","_kad_post_feature":"","_kad_post_feature_position":"","_kad_post_header":false,"_kad_post_footer":false,"_kad_post_classname":""},"product_brand":[],"product_cat":[122,120,88],"product_tag":[],"class_list":{"0":"post-15578","1":"product","2":"type-product","3":"status-publish","4":"has-post-thumbnail","6":"product_cat-flaschchen","7":"product_cat-peptides","8":"product_cat-unkategorisiert","10":"first","11":"instock","12":"shipping-taxable","13":"purchasable","14":"product-type-simple","15":"entry","16":"content-bg","17":"loop-entry"},"_links":{"self":[{"href":"https:\/\/x-peptides.com\/de\/wp-json\/wp\/v2\/product\/15578","targetHints":{"allow":["GET"]}}],"collection":[{"href":"https:\/\/x-peptides.com\/de\/wp-json\/wp\/v2\/product"}],"about":[{"href":"https:\/\/x-peptides.com\/de\/wp-json\/wp\/v2\/types\/product"}],"replies":[{"embeddable":true,"href":"https:\/\/x-peptides.com\/de\/wp-json\/wp\/v2\/comments?post=15578"}],"wp:featuredmedia":[{"embeddable":true,"href":"https:\/\/x-peptides.com\/de\/wp-json\/wp\/v2\/media\/15577"}],"wp:attachment":[{"href":"https:\/\/x-peptides.com\/de\/wp-json\/wp\/v2\/media?parent=15578"}],"wp:term":[{"taxonomy":"product_brand","embeddable":true,"href":"https:\/\/x-peptides.com\/de\/wp-json\/wp\/v2\/product_brand?post=15578"},{"taxonomy":"product_cat","embeddable":true,"href":"https:\/\/x-peptides.com\/de\/wp-json\/wp\/v2\/product_cat?post=15578"},{"taxonomy":"product_tag","embeddable":true,"href":"https:\/\/x-peptides.com\/de\/wp-json\/wp\/v2\/product_tag?post=15578"}],"curies":[{"name":"wp","href":"https:\/\/api.w.org\/{rel}","templated":true}]}}