{"id":15556,"date":"2026-04-20T09:18:17","date_gmt":"2026-04-20T07:18:17","guid":{"rendered":"https:\/\/x-peptides.com\/?post_type=product&#038;p=15556"},"modified":"2026-04-20T09:20:58","modified_gmt":"2026-04-20T07:20:58","slug":"cartalax-20-mg","status":"publish","type":"product","link":"https:\/\/x-peptides.com\/de\/produkt\/cartalax-20-mg\/","title":{"rendered":"Cartalax 20 mg"},"content":{"rendered":"<p data-start=\"1276\" data-end=\"1699\"><strong>Cartalax<\/strong> ist ein Peptid, das in wissenschaftlichen Studien im Zusammenhang mit Knorpel- und Bindegewebe untersucht wird, insbesondere im Kontext der Aufrechterhaltung der strukturellen Integrit\u00e4t auf zellul\u00e4rer Ebene. Es geh\u00f6rt zu einer Gruppe bioaktiver Peptide, die hinsichtlich ihrer Rolle bei der gewebespezifischen Regulation und der Modulation zellul\u00e4rer Prozesse innerhalb von Bindegewebsstrukturen erforscht werden.<\/p>\n<p data-start=\"1701\" data-end=\"2003\">Forschungsergebnisse deuten darauf hin, dass Peptide dieses Typs mit Signalwegen in Verbindung stehen k\u00f6nnen, die an der Organisation der extrazellul\u00e4ren Matrix sowie an der zellul\u00e4ren Kommunikation beteiligt sind, welche f\u00fcr den Erhalt der funktionellen Eigenschaften des Bindegewebes wesentlich sind.<\/p>\n<p data-start=\"2005\" data-end=\"2445\"><strong data-start=\"2005\" data-end=\"2059\">Laborreagenz \u2013 ausschlie\u00dflich f\u00fcr Forschungszwecke<\/strong><br data-start=\"2059\" data-end=\"2062\" \/>Dieses Produkt ist als chemisches Reagenz ausschlie\u00dflich f\u00fcr Forschungszwecke klassifiziert und darf nur von qualifizierten Fachkr\u00e4ften unter Laborbedingungen gehandhabt werden. Es ist weder ein Nahrungserg\u00e4nzungsmittel noch ein Arzneimittel oder Lebensmittel und nicht f\u00fcr den menschlichen Verzehr bestimmt. Alle bereitgestellten Informationen dienen ausschlie\u00dflich Bildungszwecken.<\/p>\n","protected":false},"excerpt":{"rendered":"<p>Cartalax ist ein Peptid, das in wissenschaftlichen Studien im Zusammenhang mit Knorpel- und Bindegewebe untersucht wird, insbesondere im Kontext der Aufrechterhaltung der strukturellen Integrit\u00e4t auf zellul\u00e4rer Ebene. Es geh\u00f6rt zu einer Gruppe bioaktiver Peptide, die hinsichtlich ihrer Rolle bei der gewebespezifischen Regulation und der Modulation zellul\u00e4rer Prozesse innerhalb von Bindegewebsstrukturen erforscht werden. Forschungsergebnisse deuten darauf&#8230;<\/p>\n","protected":false},"featured_media":15555,"comment_status":"open","ping_status":"closed","template":"","meta":{"_kadence_starter_templates_imported_post":false,"_kad_post_transparent":"default","_kad_post_title":"","_kad_post_layout":"default","_kad_post_sidebar_id":"","_kad_post_content_style":"default","_kad_post_vertical_padding":"default","_kad_post_feature":"","_kad_post_feature_position":"","_kad_post_header":false,"_kad_post_footer":false,"_kad_post_classname":""},"product_brand":[],"product_cat":[104,101,122,133,120,88],"product_tag":[],"class_list":{"0":"post-15556","1":"product","2":"type-product","3":"status-publish","4":"has-post-thumbnail","6":"product_cat-anti-aging","7":"product_cat-erholung","8":"product_cat-flaschchen","9":"product_cat-gelenke-sehnen","10":"product_cat-peptides","11":"product_cat-unkategorisiert","13":"first","14":"instock","15":"shipping-taxable","16":"purchasable","17":"product-type-simple","18":"entry","19":"content-bg","20":"loop-entry"},"_links":{"self":[{"href":"https:\/\/x-peptides.com\/de\/wp-json\/wp\/v2\/product\/15556","targetHints":{"allow":["GET"]}}],"collection":[{"href":"https:\/\/x-peptides.com\/de\/wp-json\/wp\/v2\/product"}],"about":[{"href":"https:\/\/x-peptides.com\/de\/wp-json\/wp\/v2\/types\/product"}],"replies":[{"embeddable":true,"href":"https:\/\/x-peptides.com\/de\/wp-json\/wp\/v2\/comments?post=15556"}],"wp:featuredmedia":[{"embeddable":true,"href":"https:\/\/x-peptides.com\/de\/wp-json\/wp\/v2\/media\/15555"}],"wp:attachment":[{"href":"https:\/\/x-peptides.com\/de\/wp-json\/wp\/v2\/media?parent=15556"}],"wp:term":[{"taxonomy":"product_brand","embeddable":true,"href":"https:\/\/x-peptides.com\/de\/wp-json\/wp\/v2\/product_brand?post=15556"},{"taxonomy":"product_cat","embeddable":true,"href":"https:\/\/x-peptides.com\/de\/wp-json\/wp\/v2\/product_cat?post=15556"},{"taxonomy":"product_tag","embeddable":true,"href":"https:\/\/x-peptides.com\/de\/wp-json\/wp\/v2\/product_tag?post=15556"}],"curies":[{"name":"wp","href":"https:\/\/api.w.org\/{rel}","templated":true}]}}