{"id":15453,"date":"2026-04-17T11:57:50","date_gmt":"2026-04-17T09:57:50","guid":{"rendered":"https:\/\/x-peptides.com\/?post_type=product&#038;p=15453"},"modified":"2026-04-17T12:11:48","modified_gmt":"2026-04-17T10:11:48","slug":"cardiogen-20-mg","status":"publish","type":"product","link":"https:\/\/x-peptides.com\/de\/produkt\/cardiogen-20-mg\/","title":{"rendered":"Cardiogen 20 mg"},"content":{"rendered":"<p data-start=\"1458\" data-end=\"1738\"><strong>Cardiogen<\/strong> ist ein Peptid, das in wissenschaftlichen Studien im Zusammenhang mit kardiovaskul\u00e4rem Gewebe untersucht wird. Es geh\u00f6rt zu einer Gruppe bioaktiver Peptide, die hinsichtlich ihrer Rolle bei der zellul\u00e4ren Regulation und der gewebespezifischen Aktivit\u00e4t erforscht werden.<\/p>\n<p data-start=\"1740\" data-end=\"2335\">Forschungsergebnisse deuten darauf hin, dass Peptide dieses Typs zellul\u00e4re Prozesse im kardiovaskul\u00e4ren System beeinflussen k\u00f6nnen, einschlie\u00dflich der Zellaktivit\u00e4t, der strukturellen Aufrechterhaltung sowie der Signalwege, die an der Gewebefunktion beteiligt sind. Studien haben seine Interaktion mit Herzmuskelzellen sowie Mechanismen im Zusammenhang mit zellul\u00e4rem Gleichgewicht und Kommunikation untersucht. Cardiogen geh\u00f6rt zu einer breiteren Klasse von Peptiden, die f\u00fcr ihre gezielte Interaktion mit spezifischen Geweben, einschlie\u00dflich des Herzens und des Gef\u00e4\u00dfsystems, erforscht werden.<\/p>\n<p data-start=\"2337\" data-end=\"2777\"><strong data-start=\"2337\" data-end=\"2391\">Laborreagenz \u2013 ausschlie\u00dflich f\u00fcr Forschungszwecke<\/strong><br data-start=\"2391\" data-end=\"2394\" \/>Dieses Produkt ist als chemisches Reagenz ausschlie\u00dflich f\u00fcr Forschungszwecke klassifiziert und darf nur von qualifizierten Fachkr\u00e4ften unter Laborbedingungen gehandhabt werden. Es ist weder ein Nahrungserg\u00e4nzungsmittel noch ein Arzneimittel oder Lebensmittel und nicht f\u00fcr den menschlichen Verzehr bestimmt. Alle bereitgestellten Informationen dienen ausschlie\u00dflich Bildungszwecken.<\/p>\n","protected":false},"excerpt":{"rendered":"<p>Cardiogen ist ein Peptid, das in wissenschaftlichen Studien im Zusammenhang mit kardiovaskul\u00e4rem Gewebe untersucht wird. Es geh\u00f6rt zu einer Gruppe bioaktiver Peptide, die hinsichtlich ihrer Rolle bei der zellul\u00e4ren Regulation und der gewebespezifischen Aktivit\u00e4t erforscht werden. Forschungsergebnisse deuten darauf hin, dass Peptide dieses Typs zellul\u00e4re Prozesse im kardiovaskul\u00e4ren System beeinflussen k\u00f6nnen, einschlie\u00dflich der Zellaktivit\u00e4t, der&#8230;<\/p>\n","protected":false},"featured_media":15452,"comment_status":"open","ping_status":"closed","template":"","meta":{"_kadence_starter_templates_imported_post":false,"_kad_post_transparent":"default","_kad_post_title":"","_kad_post_layout":"default","_kad_post_sidebar_id":"","_kad_post_content_style":"default","_kad_post_vertical_padding":"default","_kad_post_feature":"","_kad_post_feature_position":"","_kad_post_header":false,"_kad_post_footer":false,"_kad_post_classname":""},"product_brand":[],"product_cat":[104,101,122,120,88],"product_tag":[],"class_list":{"0":"post-15453","1":"product","2":"type-product","3":"status-publish","4":"has-post-thumbnail","6":"product_cat-anti-aging","7":"product_cat-erholung","8":"product_cat-flaschchen","9":"product_cat-peptides","10":"product_cat-unkategorisiert","12":"first","13":"instock","14":"shipping-taxable","15":"purchasable","16":"product-type-simple","17":"entry","18":"content-bg","19":"loop-entry"},"_links":{"self":[{"href":"https:\/\/x-peptides.com\/de\/wp-json\/wp\/v2\/product\/15453","targetHints":{"allow":["GET"]}}],"collection":[{"href":"https:\/\/x-peptides.com\/de\/wp-json\/wp\/v2\/product"}],"about":[{"href":"https:\/\/x-peptides.com\/de\/wp-json\/wp\/v2\/types\/product"}],"replies":[{"embeddable":true,"href":"https:\/\/x-peptides.com\/de\/wp-json\/wp\/v2\/comments?post=15453"}],"wp:featuredmedia":[{"embeddable":true,"href":"https:\/\/x-peptides.com\/de\/wp-json\/wp\/v2\/media\/15452"}],"wp:attachment":[{"href":"https:\/\/x-peptides.com\/de\/wp-json\/wp\/v2\/media?parent=15453"}],"wp:term":[{"taxonomy":"product_brand","embeddable":true,"href":"https:\/\/x-peptides.com\/de\/wp-json\/wp\/v2\/product_brand?post=15453"},{"taxonomy":"product_cat","embeddable":true,"href":"https:\/\/x-peptides.com\/de\/wp-json\/wp\/v2\/product_cat?post=15453"},{"taxonomy":"product_tag","embeddable":true,"href":"https:\/\/x-peptides.com\/de\/wp-json\/wp\/v2\/product_tag?post=15453"}],"curies":[{"name":"wp","href":"https:\/\/api.w.org\/{rel}","templated":true}]}}