{"id":15431,"date":"2026-04-17T11:34:13","date_gmt":"2026-04-17T09:34:13","guid":{"rendered":"https:\/\/x-peptides.com\/?post_type=product&#038;p=15431"},"modified":"2026-04-17T11:36:58","modified_gmt":"2026-04-17T09:36:58","slug":"vilon-20-mg","status":"publish","type":"product","link":"https:\/\/x-peptides.com\/de\/produkt\/vilon-20-mg\/","title":{"rendered":"Vilon 20 mg"},"content":{"rendered":"<p data-start=\"1142\" data-end=\"1485\"><strong>Vilon<\/strong> ist ein kurzkettiges Peptid, das in wissenschaftlichen Studien hinsichtlich seiner Rolle in der zellul\u00e4ren Signal\u00fcbertragung und regulatorischen Prozessen untersucht wird. Es geh\u00f6rt zu einer Klasse bioaktiver Peptide, die im Hinblick auf ihre Interaktion mit genetischem Material und ihren Einfluss auf die Zellfunktion erforscht werden.<\/p>\n<p data-start=\"1487\" data-end=\"1718\">Forschungsergebnisse deuten darauf hin, dass Peptide dieses Typs die Genexpression und Proteinsynthese beeinflussen k\u00f6nnen und dabei zentrale Mechanismen unterst\u00fctzen, die an der zellul\u00e4ren Balance und Kommunikation beteiligt sind.<\/p>\n<p data-start=\"1720\" data-end=\"2160\"><strong data-start=\"1720\" data-end=\"1774\">Laborreagenz \u2013 ausschlie\u00dflich f\u00fcr Forschungszwecke<\/strong><br data-start=\"1774\" data-end=\"1777\" \/>Dieses Produkt ist als chemisches Reagenz ausschlie\u00dflich f\u00fcr Forschungszwecke klassifiziert und darf nur von qualifizierten Fachkr\u00e4ften unter Laborbedingungen gehandhabt werden. Es ist weder ein Nahrungserg\u00e4nzungsmittel noch ein Arzneimittel oder Lebensmittel und nicht f\u00fcr den menschlichen Verzehr bestimmt. Alle bereitgestellten Informationen dienen ausschlie\u00dflich Bildungszwecken.<\/p>\n","protected":false},"excerpt":{"rendered":"<p>Vilon ist ein kurzkettiges Peptid, das in wissenschaftlichen Studien hinsichtlich seiner Rolle in der zellul\u00e4ren Signal\u00fcbertragung und regulatorischen Prozessen untersucht wird. Es geh\u00f6rt zu einer Klasse bioaktiver Peptide, die im Hinblick auf ihre Interaktion mit genetischem Material und ihren Einfluss auf die Zellfunktion erforscht werden. Forschungsergebnisse deuten darauf hin, dass Peptide dieses Typs die Genexpression&#8230;<\/p>\n","protected":false},"featured_media":15430,"comment_status":"open","ping_status":"closed","template":"","meta":{"_kadence_starter_templates_imported_post":false,"_kad_post_transparent":"default","_kad_post_title":"","_kad_post_layout":"default","_kad_post_sidebar_id":"","_kad_post_content_style":"default","_kad_post_vertical_padding":"default","_kad_post_feature":"","_kad_post_feature_position":"","_kad_post_header":false,"_kad_post_footer":false,"_kad_post_classname":""},"product_brand":[],"product_cat":[104,101,122,120,88],"product_tag":[],"class_list":{"0":"post-15431","1":"product","2":"type-product","3":"status-publish","4":"has-post-thumbnail","6":"product_cat-anti-aging","7":"product_cat-erholung","8":"product_cat-flaschchen","9":"product_cat-peptides","10":"product_cat-unkategorisiert","12":"first","13":"instock","14":"shipping-taxable","15":"purchasable","16":"product-type-simple","17":"entry","18":"content-bg","19":"loop-entry"},"_links":{"self":[{"href":"https:\/\/x-peptides.com\/de\/wp-json\/wp\/v2\/product\/15431","targetHints":{"allow":["GET"]}}],"collection":[{"href":"https:\/\/x-peptides.com\/de\/wp-json\/wp\/v2\/product"}],"about":[{"href":"https:\/\/x-peptides.com\/de\/wp-json\/wp\/v2\/types\/product"}],"replies":[{"embeddable":true,"href":"https:\/\/x-peptides.com\/de\/wp-json\/wp\/v2\/comments?post=15431"}],"wp:featuredmedia":[{"embeddable":true,"href":"https:\/\/x-peptides.com\/de\/wp-json\/wp\/v2\/media\/15430"}],"wp:attachment":[{"href":"https:\/\/x-peptides.com\/de\/wp-json\/wp\/v2\/media?parent=15431"}],"wp:term":[{"taxonomy":"product_brand","embeddable":true,"href":"https:\/\/x-peptides.com\/de\/wp-json\/wp\/v2\/product_brand?post=15431"},{"taxonomy":"product_cat","embeddable":true,"href":"https:\/\/x-peptides.com\/de\/wp-json\/wp\/v2\/product_cat?post=15431"},{"taxonomy":"product_tag","embeddable":true,"href":"https:\/\/x-peptides.com\/de\/wp-json\/wp\/v2\/product_tag?post=15431"}],"curies":[{"name":"wp","href":"https:\/\/api.w.org\/{rel}","templated":true}]}}