{"id":15418,"date":"2026-04-17T11:24:42","date_gmt":"2026-04-17T09:24:42","guid":{"rendered":"https:\/\/x-peptides.com\/?post_type=product&#038;p=15418"},"modified":"2026-04-17T11:28:03","modified_gmt":"2026-04-17T09:28:03","slug":"bronchogen-20-mg","status":"publish","type":"product","link":"https:\/\/x-peptides.com\/de\/produkt\/bronchogen-20-mg\/","title":{"rendered":"Bronchogen 20 mg"},"content":{"rendered":"<p data-start=\"1218\" data-end=\"1524\"><strong>Bronchogen<\/strong> ist ein kurzkettiger Peptidkomplex, der in wissenschaftlichen Studien im Zusammenhang mit bronchialem und pulmonalem Gewebe untersucht wurde. Es geh\u00f6rt zu einer Gruppe von Peptiden, die hinsichtlich ihrer Rolle bei der zellul\u00e4ren Regulation und der gewebespezifischen Aktivit\u00e4t erforscht werden.<\/p>\n<p data-start=\"1526\" data-end=\"1774\">Forschungsergebnisse deuten darauf hin, dass Peptide dieses Typs zellul\u00e4re Prozesse im respiratorischen Gewebe beeinflussen k\u00f6nnen, einschlie\u00dflich der Zellaktivit\u00e4t, der strukturellen Aufrechterhaltung sowie der Regeneration auf epithelialer Ebene.<\/p>\n<p data-start=\"1776\" data-end=\"2215\"><strong data-start=\"1776\" data-end=\"1830\">Laborreagenz \u2013 ausschlie\u00dflich f\u00fcr Forschungszwecke<\/strong><br data-start=\"1830\" data-end=\"1833\" \/>Dieses Produkt ist als chemisches Reagenz ausschlie\u00dflich f\u00fcr Forschungszwecke klassifiziert und darf nur von qualifizierten Fachkr\u00e4ften unter Laborbedingungen verwendet werden. Es ist weder ein Nahrungserg\u00e4nzungsmittel noch ein Arzneimittel oder Lebensmittel und nicht f\u00fcr den menschlichen Verzehr bestimmt. Alle bereitgestellten Informationen dienen ausschlie\u00dflich Bildungszwecken.<\/p>\n","protected":false},"excerpt":{"rendered":"<p>Bronchogen ist ein kurzkettiger Peptidkomplex, der in wissenschaftlichen Studien im Zusammenhang mit bronchialem und pulmonalem Gewebe untersucht wurde. Es geh\u00f6rt zu einer Gruppe von Peptiden, die hinsichtlich ihrer Rolle bei der zellul\u00e4ren Regulation und der gewebespezifischen Aktivit\u00e4t erforscht werden. Forschungsergebnisse deuten darauf hin, dass Peptide dieses Typs zellul\u00e4re Prozesse im respiratorischen Gewebe beeinflussen k\u00f6nnen, einschlie\u00dflich&#8230;<\/p>\n","protected":false},"featured_media":15417,"comment_status":"open","ping_status":"closed","template":"","meta":{"_kadence_starter_templates_imported_post":false,"_kad_post_transparent":"default","_kad_post_title":"","_kad_post_layout":"default","_kad_post_sidebar_id":"","_kad_post_content_style":"default","_kad_post_vertical_padding":"default","_kad_post_feature":"","_kad_post_feature_position":"","_kad_post_header":false,"_kad_post_footer":false,"_kad_post_classname":""},"product_brand":[],"product_cat":[101,122,120,88],"product_tag":[],"class_list":{"0":"post-15418","1":"product","2":"type-product","3":"status-publish","4":"has-post-thumbnail","6":"product_cat-erholung","7":"product_cat-flaschchen","8":"product_cat-peptides","9":"product_cat-unkategorisiert","11":"first","12":"instock","13":"shipping-taxable","14":"purchasable","15":"product-type-simple","16":"entry","17":"content-bg","18":"loop-entry"},"_links":{"self":[{"href":"https:\/\/x-peptides.com\/de\/wp-json\/wp\/v2\/product\/15418","targetHints":{"allow":["GET"]}}],"collection":[{"href":"https:\/\/x-peptides.com\/de\/wp-json\/wp\/v2\/product"}],"about":[{"href":"https:\/\/x-peptides.com\/de\/wp-json\/wp\/v2\/types\/product"}],"replies":[{"embeddable":true,"href":"https:\/\/x-peptides.com\/de\/wp-json\/wp\/v2\/comments?post=15418"}],"wp:featuredmedia":[{"embeddable":true,"href":"https:\/\/x-peptides.com\/de\/wp-json\/wp\/v2\/media\/15417"}],"wp:attachment":[{"href":"https:\/\/x-peptides.com\/de\/wp-json\/wp\/v2\/media?parent=15418"}],"wp:term":[{"taxonomy":"product_brand","embeddable":true,"href":"https:\/\/x-peptides.com\/de\/wp-json\/wp\/v2\/product_brand?post=15418"},{"taxonomy":"product_cat","embeddable":true,"href":"https:\/\/x-peptides.com\/de\/wp-json\/wp\/v2\/product_cat?post=15418"},{"taxonomy":"product_tag","embeddable":true,"href":"https:\/\/x-peptides.com\/de\/wp-json\/wp\/v2\/product_tag?post=15418"}],"curies":[{"name":"wp","href":"https:\/\/api.w.org\/{rel}","templated":true}]}}