{"id":14483,"date":"2026-03-31T13:38:48","date_gmt":"2026-03-31T11:38:48","guid":{"rendered":"https:\/\/x-peptides.com\/?post_type=product&#038;p=14483"},"modified":"2026-03-31T13:42:48","modified_gmt":"2026-03-31T11:42:48","slug":"vitamin-a","status":"publish","type":"product","link":"https:\/\/x-peptides.com\/de\/produkt\/vitamin-a\/","title":{"rendered":"Vitamin A"},"content":{"rendered":"<p data-start=\"614\" data-end=\"1139\"><strong>Vitamin A<\/strong> ist eine fettl\u00f6sliche Verbindung aus der Gruppe der Retinoide, die h\u00e4ufig im Zusammenhang mit zellul\u00e4ren Prozessen und biologischen Systemen untersucht wird. In Laborumgebungen wird es in Studien zur Zelldifferenzierung, Genexpression und Funktion epithelialer Gewebe eingesetzt. Aufgrund seiner chemischen Eigenschaften wird Vitamin A h\u00e4ufig in Untersuchungen zum oxidativen Gleichgewicht, zur Stabilit\u00e4t von Formulierungen und zu Wechselwirkungen innerhalb biologischer Signalwege verwendet.<\/p>\n<p data-start=\"1141\" data-end=\"1196\"><strong>Produkt ausschlie\u00dflich f\u00fcr Forschungszwecke bestimmt.<\/strong><\/p>\n","protected":false},"excerpt":{"rendered":"<p>Vitamin A ist eine fettl\u00f6sliche Verbindung aus der Gruppe der Retinoide, die h\u00e4ufig im Zusammenhang mit zellul\u00e4ren Prozessen und biologischen Systemen untersucht wird. In Laborumgebungen wird es in Studien zur Zelldifferenzierung, Genexpression und Funktion epithelialer Gewebe eingesetzt. Aufgrund seiner chemischen Eigenschaften wird Vitamin A h\u00e4ufig in Untersuchungen zum oxidativen Gleichgewicht, zur Stabilit\u00e4t von Formulierungen und&#8230;<\/p>\n","protected":false},"featured_media":14482,"comment_status":"open","ping_status":"closed","template":"","meta":{"_kadence_starter_templates_imported_post":false,"_kad_post_transparent":"default","_kad_post_title":"","_kad_post_layout":"default","_kad_post_sidebar_id":"","_kad_post_content_style":"default","_kad_post_vertical_padding":"default","_kad_post_feature":"","_kad_post_feature_position":"","_kad_post_header":false,"_kad_post_footer":false,"_kad_post_classname":""},"product_brand":[],"product_cat":[104,100,137,88],"product_tag":[],"class_list":{"0":"post-14483","1":"product","2":"type-product","3":"status-publish","4":"has-post-thumbnail","6":"product_cat-anti-aging","7":"product_cat-erganzungen","8":"product_cat-haut-haare-nagel","9":"product_cat-unkategorisiert","11":"first","12":"instock","13":"shipping-taxable","14":"purchasable","15":"product-type-simple","16":"entry","17":"content-bg","18":"loop-entry"},"_links":{"self":[{"href":"https:\/\/x-peptides.com\/de\/wp-json\/wp\/v2\/product\/14483","targetHints":{"allow":["GET"]}}],"collection":[{"href":"https:\/\/x-peptides.com\/de\/wp-json\/wp\/v2\/product"}],"about":[{"href":"https:\/\/x-peptides.com\/de\/wp-json\/wp\/v2\/types\/product"}],"replies":[{"embeddable":true,"href":"https:\/\/x-peptides.com\/de\/wp-json\/wp\/v2\/comments?post=14483"}],"wp:featuredmedia":[{"embeddable":true,"href":"https:\/\/x-peptides.com\/de\/wp-json\/wp\/v2\/media\/14482"}],"wp:attachment":[{"href":"https:\/\/x-peptides.com\/de\/wp-json\/wp\/v2\/media?parent=14483"}],"wp:term":[{"taxonomy":"product_brand","embeddable":true,"href":"https:\/\/x-peptides.com\/de\/wp-json\/wp\/v2\/product_brand?post=14483"},{"taxonomy":"product_cat","embeddable":true,"href":"https:\/\/x-peptides.com\/de\/wp-json\/wp\/v2\/product_cat?post=14483"},{"taxonomy":"product_tag","embeddable":true,"href":"https:\/\/x-peptides.com\/de\/wp-json\/wp\/v2\/product_tag?post=14483"}],"curies":[{"name":"wp","href":"https:\/\/api.w.org\/{rel}","templated":true}]}}