{"id":14458,"date":"2026-03-31T13:06:59","date_gmt":"2026-03-31T11:06:59","guid":{"rendered":"https:\/\/x-peptides.com\/?post_type=product&#038;p=14458"},"modified":"2026-03-31T13:21:43","modified_gmt":"2026-03-31T11:21:43","slug":"astaxanthin","status":"publish","type":"product","link":"https:\/\/x-peptides.com\/de\/produkt\/astaxanthin\/","title":{"rendered":"Astaxanthin"},"content":{"rendered":"<p data-start=\"0\" data-end=\"426\"><strong>Astaxanthin<\/strong> ist ein starkes nat\u00fcrliches Antioxidans aus der Familie der Carotinoide. Es hilft, die Zellen vor oxidativem Stress zu sch\u00fctzen, unterst\u00fctzt die Hautgesundheit sowie Anti-Aging-Prozesse und kann zu einer verbesserten Regeneration und allgemeinen Leistungsf\u00e4higkeit beitragen. Dar\u00fcber hinaus ist es bekannt f\u00fcr seine positiven Effekte auf die Augengesundheit, das Immunsystem und die Reduzierung von Entz\u00fcndungen.<\/p>\n<p data-start=\"428\" data-end=\"481\" data-is-last-node=\"\" data-is-only-node=\"\"><strong>Produkt ausschlie\u00dflich f\u00fcr Forschungszwecke bestimmt.<\/strong><\/p>\n","protected":false},"excerpt":{"rendered":"<p>Astaxanthin ist ein starkes nat\u00fcrliches Antioxidans aus der Familie der Carotinoide. Es hilft, die Zellen vor oxidativem Stress zu sch\u00fctzen, unterst\u00fctzt die Hautgesundheit sowie Anti-Aging-Prozesse und kann zu einer verbesserten Regeneration und allgemeinen Leistungsf\u00e4higkeit beitragen. Dar\u00fcber hinaus ist es bekannt f\u00fcr seine positiven Effekte auf die Augengesundheit, das Immunsystem und die Reduzierung von Entz\u00fcndungen. Produkt&#8230;<\/p>\n","protected":false},"featured_media":14457,"comment_status":"open","ping_status":"closed","template":"","meta":{"_kadence_starter_templates_imported_post":false,"_kad_post_transparent":"default","_kad_post_title":"","_kad_post_layout":"default","_kad_post_sidebar_id":"","_kad_post_content_style":"default","_kad_post_vertical_padding":"default","_kad_post_feature":"","_kad_post_feature_position":"","_kad_post_header":false,"_kad_post_footer":false,"_kad_post_classname":""},"product_brand":[],"product_cat":[104,100,101,137,88],"product_tag":[],"class_list":{"0":"post-14458","1":"product","2":"type-product","3":"status-publish","4":"has-post-thumbnail","6":"product_cat-anti-aging","7":"product_cat-erganzungen","8":"product_cat-erholung","9":"product_cat-haut-haare-nagel","10":"product_cat-unkategorisiert","12":"first","13":"instock","14":"shipping-taxable","15":"purchasable","16":"product-type-simple","17":"entry","18":"content-bg","19":"loop-entry"},"_links":{"self":[{"href":"https:\/\/x-peptides.com\/de\/wp-json\/wp\/v2\/product\/14458","targetHints":{"allow":["GET"]}}],"collection":[{"href":"https:\/\/x-peptides.com\/de\/wp-json\/wp\/v2\/product"}],"about":[{"href":"https:\/\/x-peptides.com\/de\/wp-json\/wp\/v2\/types\/product"}],"replies":[{"embeddable":true,"href":"https:\/\/x-peptides.com\/de\/wp-json\/wp\/v2\/comments?post=14458"}],"wp:featuredmedia":[{"embeddable":true,"href":"https:\/\/x-peptides.com\/de\/wp-json\/wp\/v2\/media\/14457"}],"wp:attachment":[{"href":"https:\/\/x-peptides.com\/de\/wp-json\/wp\/v2\/media?parent=14458"}],"wp:term":[{"taxonomy":"product_brand","embeddable":true,"href":"https:\/\/x-peptides.com\/de\/wp-json\/wp\/v2\/product_brand?post=14458"},{"taxonomy":"product_cat","embeddable":true,"href":"https:\/\/x-peptides.com\/de\/wp-json\/wp\/v2\/product_cat?post=14458"},{"taxonomy":"product_tag","embeddable":true,"href":"https:\/\/x-peptides.com\/de\/wp-json\/wp\/v2\/product_tag?post=14458"}],"curies":[{"name":"wp","href":"https:\/\/api.w.org\/{rel}","templated":true}]}}