{"id":14111,"date":"2026-03-20T11:20:12","date_gmt":"2026-03-20T10:20:12","guid":{"rendered":"https:\/\/x-peptides.com\/?post_type=product&#038;p=14111"},"modified":"2026-03-20T11:22:48","modified_gmt":"2026-03-20T10:22:48","slug":"benfotiamin","status":"publish","type":"product","link":"https:\/\/x-peptides.com\/de\/produkt\/benfotiamin\/","title":{"rendered":"Benfotiamin"},"content":{"rendered":"<p data-start=\"0\" data-end=\"359\"><strong>Benfotiamin<\/strong> ist ein fettl\u00f6sliches Derivat von Thiamin (Vitamin B1) und wird in Laborumgebungen f\u00fcr seine Stabilit\u00e4t sowie sein klar definiertes chemisches Profil gesch\u00e4tzt. Es wird h\u00e4ufig in der biochemischen und experimentellen Forschung eingesetzt, insbesondere im Zusammenhang mit Energiestoffwechsel, zellul\u00e4ren Prozessen und Modellen des Nervensystems.<\/p>\n<p data-start=\"361\" data-end=\"548\">Diese Verbindung wird im Kontext molekularer Wechselwirkungen und biochemischer Signalwege untersucht, die mit metabolischen und neurologischen Forschungsbereichen in Verbindung stehen.<\/p>\n<p data-start=\"550\" data-end=\"603\" data-is-last-node=\"\" data-is-only-node=\"\"><strong>Produkt ausschlie\u00dflich f\u00fcr Forschungszwecke bestimmt.<\/strong><\/p>\n","protected":false},"excerpt":{"rendered":"<p>Benfotiamin ist ein fettl\u00f6sliches Derivat von Thiamin (Vitamin B1) und wird in Laborumgebungen f\u00fcr seine Stabilit\u00e4t sowie sein klar definiertes chemisches Profil gesch\u00e4tzt. Es wird h\u00e4ufig in der biochemischen und experimentellen Forschung eingesetzt, insbesondere im Zusammenhang mit Energiestoffwechsel, zellul\u00e4ren Prozessen und Modellen des Nervensystems. Diese Verbindung wird im Kontext molekularer Wechselwirkungen und biochemischer Signalwege untersucht,&#8230;<\/p>\n","protected":false},"featured_media":14110,"comment_status":"open","ping_status":"closed","template":"","meta":{"_kadence_starter_templates_imported_post":false,"_kad_post_transparent":"default","_kad_post_title":"","_kad_post_layout":"default","_kad_post_sidebar_id":"","_kad_post_content_style":"default","_kad_post_vertical_padding":"default","_kad_post_feature":"","_kad_post_feature_position":"","_kad_post_header":false,"_kad_post_footer":false,"_kad_post_classname":""},"product_brand":[],"product_cat":[101,125,88],"product_tag":[],"class_list":{"0":"post-14111","1":"product","2":"type-product","3":"status-publish","4":"has-post-thumbnail","6":"product_cat-erholung","7":"product_cat-nootropics","8":"product_cat-unkategorisiert","10":"first","11":"instock","12":"shipping-taxable","13":"purchasable","14":"product-type-simple","15":"entry","16":"content-bg","17":"loop-entry"},"_links":{"self":[{"href":"https:\/\/x-peptides.com\/de\/wp-json\/wp\/v2\/product\/14111","targetHints":{"allow":["GET"]}}],"collection":[{"href":"https:\/\/x-peptides.com\/de\/wp-json\/wp\/v2\/product"}],"about":[{"href":"https:\/\/x-peptides.com\/de\/wp-json\/wp\/v2\/types\/product"}],"replies":[{"embeddable":true,"href":"https:\/\/x-peptides.com\/de\/wp-json\/wp\/v2\/comments?post=14111"}],"wp:featuredmedia":[{"embeddable":true,"href":"https:\/\/x-peptides.com\/de\/wp-json\/wp\/v2\/media\/14110"}],"wp:attachment":[{"href":"https:\/\/x-peptides.com\/de\/wp-json\/wp\/v2\/media?parent=14111"}],"wp:term":[{"taxonomy":"product_brand","embeddable":true,"href":"https:\/\/x-peptides.com\/de\/wp-json\/wp\/v2\/product_brand?post=14111"},{"taxonomy":"product_cat","embeddable":true,"href":"https:\/\/x-peptides.com\/de\/wp-json\/wp\/v2\/product_cat?post=14111"},{"taxonomy":"product_tag","embeddable":true,"href":"https:\/\/x-peptides.com\/de\/wp-json\/wp\/v2\/product_tag?post=14111"}],"curies":[{"name":"wp","href":"https:\/\/api.w.org\/{rel}","templated":true}]}}