{"id":14099,"date":"2026-03-20T11:12:04","date_gmt":"2026-03-20T10:12:04","guid":{"rendered":"https:\/\/x-peptides.com\/?post_type=product&#038;p=14099"},"modified":"2026-03-20T11:14:06","modified_gmt":"2026-03-20T10:14:06","slug":"chlorophyll","status":"publish","type":"product","link":"https:\/\/x-peptides.com\/de\/produkt\/chlorophyll\/","title":{"rendered":"Chlorophyll"},"content":{"rendered":"<div class=\"flex flex-col text-sm pb-25\">\n<section class=\"text-token-text-primary w-full focus:outline-none [--shadow-height:45px] has-data-writing-block:pointer-events-none has-data-writing-block:-mt-(--shadow-height) has-data-writing-block:pt-(--shadow-height) [&amp;:has([data-writing-block])&gt;*]:pointer-events-auto scroll-mt-[calc(var(--header-height)+min(200px,max(70px,20svh)))]\" dir=\"auto\" data-turn-id=\"request-WEB:e309a644-2b00-48fb-aca9-96e88eb78008-60\" data-testid=\"conversation-turn-120\" data-scroll-anchor=\"true\" data-turn=\"assistant\">\n<div class=\"text-base my-auto mx-auto pb-10 [--thread-content-margin:var(--thread-content-margin-xs,calc(var(--spacing)*4))] @w-sm\/main:[--thread-content-margin:var(--thread-content-margin-sm,calc(var(--spacing)*6))] @w-lg\/main:[--thread-content-margin:var(--thread-content-margin-lg,calc(var(--spacing)*16))] px-(--thread-content-margin)\">\n<div class=\"[--thread-content-max-width:40rem] @w-lg\/main:[--thread-content-max-width:48rem] mx-auto max-w-(--thread-content-max-width) flex-1 group\/turn-messages focus-visible:outline-hidden relative flex w-full min-w-0 flex-col agent-turn\">\n<div class=\"flex max-w-full flex-col gap-4 grow\">\n<div class=\"min-h-8 text-message relative flex w-full flex-col items-end gap-2 text-start break-words whitespace-normal outline-none keyboard-focused:focus-ring [.text-message+&amp;]:mt-1\" dir=\"auto\" tabindex=\"0\" data-message-author-role=\"assistant\" data-message-id=\"f6ab6950-406c-4446-91d5-0eb5b6bd29c4\" data-message-model-slug=\"gpt-5-3\" data-turn-start-message=\"true\">\n<div class=\"flex w-full flex-col gap-1 empty:hidden\">\n<div class=\"markdown prose dark:prose-invert w-full wrap-break-word light markdown-new-styling\">\n<p data-start=\"0\" data-end=\"381\"><strong>Chlorophyll<\/strong> ist ein nat\u00fcrlich vorkommendes Pflanzenpigment, das \u00fcblicherweise aus gr\u00fcnen Pflanzen gewonnen und in der Forschung in Form von Natrium-Kupfer-Chlorophyllin verwendet wird. Es wird in Laborumgebungen f\u00fcr seine klar definierten chemischen Eigenschaften, seine Stabilit\u00e4t sowie seine Kompatibilit\u00e4t mit verschiedenen analytischen und experimentellen Systemen gesch\u00e4tzt.<\/p>\n<p data-start=\"383\" data-end=\"599\">Diese Verbindung wird im Kontext biochemischer Prozesse, molekularer Wechselwirkungen und oxidativer Systeme untersucht, was sie f\u00fcr ein breites Spektrum an In-vitro- und experimentellen Anwendungen relevant macht.<\/p>\n<p data-start=\"601\" data-end=\"654\" data-is-last-node=\"\" data-is-only-node=\"\"><strong>Produkt ausschlie\u00dflich f\u00fcr Forschungszwecke bestimmt.<\/strong><\/p>\n<\/div>\n<\/div>\n<\/div>\n<\/div>\n<div class=\"z-0 flex min-h-[46px] justify-start\"><\/div>\n<div class=\"mt-3 w-full empty:hidden\">\n<div class=\"text-center\"><\/div>\n<\/div>\n<\/div>\n<\/div>\n<\/section>\n<\/div>\n<div class=\"pointer-events-none h-px w-px absolute bottom-0\" aria-hidden=\"true\" data-edge=\"true\"><\/div>\n","protected":false},"excerpt":{"rendered":"<p>Chlorophyll ist ein nat\u00fcrlich vorkommendes Pflanzenpigment, das \u00fcblicherweise aus gr\u00fcnen Pflanzen gewonnen und in der Forschung in Form von Natrium-Kupfer-Chlorophyllin verwendet wird. Es wird in Laborumgebungen f\u00fcr seine klar definierten chemischen Eigenschaften, seine Stabilit\u00e4t sowie seine Kompatibilit\u00e4t mit verschiedenen analytischen und experimentellen Systemen gesch\u00e4tzt. Diese Verbindung wird im Kontext biochemischer Prozesse, molekularer Wechselwirkungen und oxidativer&#8230;<\/p>\n","protected":false},"featured_media":14098,"comment_status":"open","ping_status":"closed","template":"","meta":{"_kadence_starter_templates_imported_post":false,"_kad_post_transparent":"default","_kad_post_title":"","_kad_post_layout":"default","_kad_post_sidebar_id":"","_kad_post_content_style":"default","_kad_post_vertical_padding":"default","_kad_post_feature":"","_kad_post_feature_position":"","_kad_post_header":false,"_kad_post_footer":false,"_kad_post_classname":""},"product_brand":[],"product_cat":[104,101,88],"product_tag":[],"class_list":{"0":"post-14099","1":"product","2":"type-product","3":"status-publish","4":"has-post-thumbnail","6":"product_cat-anti-aging","7":"product_cat-erholung","8":"product_cat-unkategorisiert","10":"first","11":"instock","12":"shipping-taxable","13":"purchasable","14":"product-type-simple","15":"entry","16":"content-bg","17":"loop-entry"},"_links":{"self":[{"href":"https:\/\/x-peptides.com\/de\/wp-json\/wp\/v2\/product\/14099","targetHints":{"allow":["GET"]}}],"collection":[{"href":"https:\/\/x-peptides.com\/de\/wp-json\/wp\/v2\/product"}],"about":[{"href":"https:\/\/x-peptides.com\/de\/wp-json\/wp\/v2\/types\/product"}],"replies":[{"embeddable":true,"href":"https:\/\/x-peptides.com\/de\/wp-json\/wp\/v2\/comments?post=14099"}],"wp:featuredmedia":[{"embeddable":true,"href":"https:\/\/x-peptides.com\/de\/wp-json\/wp\/v2\/media\/14098"}],"wp:attachment":[{"href":"https:\/\/x-peptides.com\/de\/wp-json\/wp\/v2\/media?parent=14099"}],"wp:term":[{"taxonomy":"product_brand","embeddable":true,"href":"https:\/\/x-peptides.com\/de\/wp-json\/wp\/v2\/product_brand?post=14099"},{"taxonomy":"product_cat","embeddable":true,"href":"https:\/\/x-peptides.com\/de\/wp-json\/wp\/v2\/product_cat?post=14099"},{"taxonomy":"product_tag","embeddable":true,"href":"https:\/\/x-peptides.com\/de\/wp-json\/wp\/v2\/product_tag?post=14099"}],"curies":[{"name":"wp","href":"https:\/\/api.w.org\/{rel}","templated":true}]}}