{"id":14084,"date":"2026-03-20T10:57:15","date_gmt":"2026-03-20T09:57:15","guid":{"rendered":"https:\/\/x-peptides.com\/?post_type=product&#038;p=14084"},"modified":"2026-03-20T11:00:32","modified_gmt":"2026-03-20T10:00:32","slug":"prostacare","status":"publish","type":"product","link":"https:\/\/x-peptides.com\/de\/produkt\/prostacare\/","title":{"rendered":"ProstaCare"},"content":{"rendered":"<section class=\"text-token-text-primary w-full focus:outline-none [--shadow-height:45px] has-data-writing-block:pointer-events-none has-data-writing-block:-mt-(--shadow-height) has-data-writing-block:pt-(--shadow-height) [&amp;:has([data-writing-block])&gt;*]:pointer-events-auto scroll-mt-(--header-height)\" dir=\"auto\" data-turn-id=\"81faade6-3908-48ff-831c-e0b9f44e07ba\" data-testid=\"conversation-turn-109\" data-scroll-anchor=\"false\" data-turn=\"user\"><\/section>\n<section class=\"text-token-text-primary w-full focus:outline-none [--shadow-height:45px] has-data-writing-block:pointer-events-none has-data-writing-block:-mt-(--shadow-height) has-data-writing-block:pt-(--shadow-height) [&amp;:has([data-writing-block])&gt;*]:pointer-events-auto scroll-mt-[calc(var(--header-height)+min(200px,max(70px,20svh)))]\" dir=\"auto\" data-turn-id=\"request-WEB:e309a644-2b00-48fb-aca9-96e88eb78008-55\" data-testid=\"conversation-turn-110\" data-scroll-anchor=\"false\" data-turn=\"assistant\">\n<div class=\"text-base my-auto mx-auto [--thread-content-margin:var(--thread-content-margin-xs,calc(var(--spacing)*4))] @w-sm\/main:[--thread-content-margin:var(--thread-content-margin-sm,calc(var(--spacing)*6))] @w-lg\/main:[--thread-content-margin:var(--thread-content-margin-lg,calc(var(--spacing)*16))] px-(--thread-content-margin)\">\n<div class=\"[--thread-content-max-width:40rem] @w-lg\/main:[--thread-content-max-width:48rem] mx-auto max-w-(--thread-content-max-width) flex-1 group\/turn-messages focus-visible:outline-hidden relative flex w-full min-w-0 flex-col agent-turn\">\n<div class=\"flex max-w-full flex-col gap-4 grow\">\n<div class=\"min-h-8 text-message relative flex w-full flex-col items-end gap-2 text-start break-words whitespace-normal outline-none keyboard-focused:focus-ring [.text-message+&amp;]:mt-1\" dir=\"auto\" data-message-author-role=\"assistant\" data-message-id=\"340d5286-525c-4f61-bfe6-c0d2dd1a2544\" data-message-model-slug=\"gpt-5-3\">\n<div class=\"flex w-full flex-col gap-1 empty:hidden\">\n<div class=\"markdown prose dark:prose-invert w-full wrap-break-word light markdown-new-styling\">\n<p data-start=\"0\" data-end=\"381\"><strong>ProstaCare<\/strong> ist eine Mehrkomponenten-Forschungsformulierung, die eine Kombination aus pflanzlichen Verbindungen und ausgew\u00e4hlten bioaktiven Inhaltsstoffen enth\u00e4lt. Jede Kapsel enth\u00e4lt Tomatenfruchtextrakt (<em data-start=\"205\" data-end=\"227\">Solanum lycopersicum<\/em>) \u2013 200 mg (davon 20 mg Lycopin), Palmitoylethanolamid (PEA) \u2013 350 mg, Zinkpicolinat \u2013 10 mg, Apigenin \u2013 50 mg sowie Selen (L-Selenomethionin) \u2013 200 \u00b5g.<\/p>\n<p data-start=\"383\" data-end=\"644\">Diese Verbindungen werden im Kontext biochemischer Signalwege, molekularer Wechselwirkungen und zellul\u00e4rer Prozesse untersucht, einschlie\u00dflich Forschungsbereichen im Zusammenhang mit der allgemeinen Physiologie und m\u00e4nnlich orientierten biologischen Modellen.<\/p>\n<p data-start=\"646\" data-end=\"699\" data-is-last-node=\"\" data-is-only-node=\"\"><strong>Produkt ausschlie\u00dflich f\u00fcr Forschungszwecke bestimmt.<\/strong><\/p>\n<\/div>\n<\/div>\n<\/div>\n<\/div>\n<\/div>\n<\/div>\n<\/section>\n","protected":false},"excerpt":{"rendered":"<p>ProstaCare ist eine Mehrkomponenten-Forschungsformulierung, die eine Kombination aus pflanzlichen Verbindungen und ausgew\u00e4hlten bioaktiven Inhaltsstoffen enth\u00e4lt. Jede Kapsel enth\u00e4lt Tomatenfruchtextrakt (Solanum lycopersicum) \u2013 200 mg (davon 20 mg Lycopin), Palmitoylethanolamid (PEA) \u2013 350 mg, Zinkpicolinat \u2013 10 mg, Apigenin \u2013 50 mg sowie Selen (L-Selenomethionin) \u2013 200 \u00b5g. Diese Verbindungen werden im Kontext biochemischer Signalwege, molekularer&#8230;<\/p>\n","protected":false},"featured_media":14083,"comment_status":"open","ping_status":"closed","template":"","meta":{"_kadence_starter_templates_imported_post":false,"_kad_post_transparent":"default","_kad_post_title":"","_kad_post_layout":"default","_kad_post_sidebar_id":"","_kad_post_content_style":"default","_kad_post_vertical_padding":"default","_kad_post_feature":"","_kad_post_feature_position":"","_kad_post_header":false,"_kad_post_footer":false,"_kad_post_classname":""},"product_brand":[],"product_cat":[104,88],"product_tag":[],"class_list":{"0":"post-14084","1":"product","2":"type-product","3":"status-publish","4":"has-post-thumbnail","6":"product_cat-anti-aging","7":"product_cat-unkategorisiert","9":"first","10":"instock","11":"shipping-taxable","12":"purchasable","13":"product-type-simple","14":"entry","15":"content-bg","16":"loop-entry"},"_links":{"self":[{"href":"https:\/\/x-peptides.com\/de\/wp-json\/wp\/v2\/product\/14084","targetHints":{"allow":["GET"]}}],"collection":[{"href":"https:\/\/x-peptides.com\/de\/wp-json\/wp\/v2\/product"}],"about":[{"href":"https:\/\/x-peptides.com\/de\/wp-json\/wp\/v2\/types\/product"}],"replies":[{"embeddable":true,"href":"https:\/\/x-peptides.com\/de\/wp-json\/wp\/v2\/comments?post=14084"}],"wp:featuredmedia":[{"embeddable":true,"href":"https:\/\/x-peptides.com\/de\/wp-json\/wp\/v2\/media\/14083"}],"wp:attachment":[{"href":"https:\/\/x-peptides.com\/de\/wp-json\/wp\/v2\/media?parent=14084"}],"wp:term":[{"taxonomy":"product_brand","embeddable":true,"href":"https:\/\/x-peptides.com\/de\/wp-json\/wp\/v2\/product_brand?post=14084"},{"taxonomy":"product_cat","embeddable":true,"href":"https:\/\/x-peptides.com\/de\/wp-json\/wp\/v2\/product_cat?post=14084"},{"taxonomy":"product_tag","embeddable":true,"href":"https:\/\/x-peptides.com\/de\/wp-json\/wp\/v2\/product_tag?post=14084"}],"curies":[{"name":"wp","href":"https:\/\/api.w.org\/{rel}","templated":true}]}}