{"id":14069,"date":"2026-03-20T10:41:42","date_gmt":"2026-03-20T09:41:42","guid":{"rendered":"https:\/\/x-peptides.com\/?post_type=product&#038;p=14069"},"modified":"2026-03-20T10:46:16","modified_gmt":"2026-03-20T09:46:16","slug":"lycopin","status":"publish","type":"product","link":"https:\/\/x-peptides.com\/de\/produkt\/lycopin\/","title":{"rendered":"Lycopin"},"content":{"rendered":"<p data-start=\"0\" data-end=\"272\"><strong>Lycopin<\/strong> ist ein nat\u00fcrlich vorkommendes Carotinoid, das in Tomaten (<em data-start=\"67\" data-end=\"89\">Solanum lycopersicum<\/em>) enthalten ist. Es wird aufgrund seiner gut charakterisierten Struktur und seiner Rolle in oxidativen Prozessen h\u00e4ufig in der biochemischen und laborbasierten Forschung eingesetzt.<\/p>\n<p data-start=\"274\" data-end=\"426\">Dieser Stoff wird in verschiedenen experimentellen Modellen untersucht, die sich mit zellul\u00e4ren Mechanismen und molekularen Wechselwirkungen befassen.<\/p>\n<p data-start=\"428\" data-end=\"481\" data-is-last-node=\"\" data-is-only-node=\"\"><strong>Produkt ausschlie\u00dflich f\u00fcr Forschungszwecke bestimmt.<\/strong><\/p>\n","protected":false},"excerpt":{"rendered":"<p>Lycopin ist ein nat\u00fcrlich vorkommendes Carotinoid, das in Tomaten (Solanum lycopersicum) enthalten ist. Es wird aufgrund seiner gut charakterisierten Struktur und seiner Rolle in oxidativen Prozessen h\u00e4ufig in der biochemischen und laborbasierten Forschung eingesetzt. Dieser Stoff wird in verschiedenen experimentellen Modellen untersucht, die sich mit zellul\u00e4ren Mechanismen und molekularen Wechselwirkungen befassen. Produkt ausschlie\u00dflich f\u00fcr Forschungszwecke&#8230;<\/p>\n","protected":false},"featured_media":14068,"comment_status":"open","ping_status":"closed","template":"","meta":{"_kadence_starter_templates_imported_post":false,"_kad_post_transparent":"default","_kad_post_title":"","_kad_post_layout":"default","_kad_post_sidebar_id":"","_kad_post_content_style":"default","_kad_post_vertical_padding":"default","_kad_post_feature":"","_kad_post_feature_position":"","_kad_post_header":false,"_kad_post_footer":false,"_kad_post_classname":""},"product_brand":[],"product_cat":[104,101,88],"product_tag":[],"class_list":{"0":"post-14069","1":"product","2":"type-product","3":"status-publish","4":"has-post-thumbnail","6":"product_cat-anti-aging","7":"product_cat-erholung","8":"product_cat-unkategorisiert","10":"first","11":"instock","12":"shipping-taxable","13":"purchasable","14":"product-type-simple","15":"entry","16":"content-bg","17":"loop-entry"},"_links":{"self":[{"href":"https:\/\/x-peptides.com\/de\/wp-json\/wp\/v2\/product\/14069","targetHints":{"allow":["GET"]}}],"collection":[{"href":"https:\/\/x-peptides.com\/de\/wp-json\/wp\/v2\/product"}],"about":[{"href":"https:\/\/x-peptides.com\/de\/wp-json\/wp\/v2\/types\/product"}],"replies":[{"embeddable":true,"href":"https:\/\/x-peptides.com\/de\/wp-json\/wp\/v2\/comments?post=14069"}],"wp:featuredmedia":[{"embeddable":true,"href":"https:\/\/x-peptides.com\/de\/wp-json\/wp\/v2\/media\/14068"}],"wp:attachment":[{"href":"https:\/\/x-peptides.com\/de\/wp-json\/wp\/v2\/media?parent=14069"}],"wp:term":[{"taxonomy":"product_brand","embeddable":true,"href":"https:\/\/x-peptides.com\/de\/wp-json\/wp\/v2\/product_brand?post=14069"},{"taxonomy":"product_cat","embeddable":true,"href":"https:\/\/x-peptides.com\/de\/wp-json\/wp\/v2\/product_cat?post=14069"},{"taxonomy":"product_tag","embeddable":true,"href":"https:\/\/x-peptides.com\/de\/wp-json\/wp\/v2\/product_tag?post=14069"}],"curies":[{"name":"wp","href":"https:\/\/api.w.org\/{rel}","templated":true}]}}