{"id":13827,"date":"2026-03-13T12:45:11","date_gmt":"2026-03-13T11:45:11","guid":{"rendered":"https:\/\/x-peptides.com\/?post_type=product&#038;p=13827"},"modified":"2026-04-17T14:11:58","modified_gmt":"2026-04-17T12:11:58","slug":"tmg-wasserfreies-betain-pulver","status":"publish","type":"product","link":"https:\/\/x-peptides.com\/de\/produkt\/tmg-wasserfreies-betain-pulver\/","title":{"rendered":"TMG (wasserfreies Betain) Pulver"},"content":{"rendered":"<div class=\"flex flex-col text-sm pb-25\">\n<article class=\"text-token-text-primary w-full focus:outline-none [--shadow-height:45px] has-data-writing-block:pointer-events-none has-data-writing-block:-mt-(--shadow-height) has-data-writing-block:pt-(--shadow-height) [&amp;:has([data-writing-block])&gt;*]:pointer-events-auto scroll-mt-[calc(var(--header-height)+min(200px,max(70px,20svh)))]\" dir=\"auto\" tabindex=\"-1\" data-turn-id=\"request-WEB:f0138b7a-753e-401e-bf27-fcf40ca66616-61\" data-testid=\"conversation-turn-124\" data-scroll-anchor=\"true\" data-turn=\"assistant\">\n<div class=\"text-base my-auto mx-auto pb-10 [--thread-content-margin:var(--thread-content-margin-xs,calc(var(--spacing)*4))] @w-sm\/main:[--thread-content-margin:var(--thread-content-margin-sm,calc(var(--spacing)*6))] @w-lg\/main:[--thread-content-margin:var(--thread-content-margin-lg,calc(var(--spacing)*16))] px-(--thread-content-margin)\">\n<div class=\"[--thread-content-max-width:40rem] @w-lg\/main:[--thread-content-max-width:48rem] mx-auto max-w-(--thread-content-max-width) flex-1 group\/turn-messages focus-visible:outline-hidden relative flex w-full min-w-0 flex-col agent-turn\" tabindex=\"-1\">\n<div class=\"flex max-w-full flex-col gap-4 grow\">\n<div class=\"min-h-8 text-message relative flex w-full flex-col items-end gap-2 text-start break-words whitespace-normal [.text-message+&amp;]:mt-1\" dir=\"auto\" data-message-author-role=\"assistant\" data-message-id=\"89f7e2de-320f-4bff-b9be-7e5f4820a613\" data-message-model-slug=\"gpt-5-3\">\n<div class=\"flex w-full flex-col gap-1 empty:hidden\">\n<div class=\"markdown prose dark:prose-invert w-full wrap-break-word light markdown-new-styling\">\n<p data-start=\"0\" data-end=\"602\"><strong data-start=\"0\" data-end=\"25\">TMG (Trimethylglycin)<\/strong>, auch bekannt als <strong data-start=\"44\" data-end=\"87\" data-is-only-node=\"\">wasserfreies Betain (Betaine anhydrous)<\/strong>, ist eine nat\u00fcrlich vorkommende Verbindung, die aus Glycin abgeleitet ist und in verschiedenen Pflanzen und Mikroorganismen vorkommt. Aufgrund seiner Funktion als Methylgruppendonator in verschiedenen experimentellen Systemen wird es in der biochemischen und laborbasierten Forschung h\u00e4ufig eingesetzt. Dank seiner gut charakterisierten chemischen Struktur und Stabilit\u00e4t wird TMG h\u00e4ufig in Studien verwendet, die sich mit Stoffwechselwegen, Methylierungsprozessen und zellul\u00e4ren biochemischen Reaktionen befassen.<\/p>\n<p data-start=\"604\" data-end=\"661\" data-is-last-node=\"\" data-is-only-node=\"\">Produkt ausschlie\u00dflich f\u00fcr Forschungszwecke bestimmt.<\/p>\n<\/div>\n<\/div>\n<\/div>\n<\/div>\n<div class=\"z-0 flex min-h-[46px] justify-start\"><\/div>\n<div class=\"mt-3 w-full empty:hidden\">\n<div class=\"text-center\"><\/div>\n<\/div>\n<\/div>\n<\/div>\n<\/article>\n<\/div>\n<div class=\"pointer-events-none h-px w-px absolute bottom-0\" aria-hidden=\"true\" data-edge=\"true\"><\/div>\n","protected":false},"excerpt":{"rendered":"<p>TMG (Trimethylglycin), auch bekannt als wasserfreies Betain (Betaine anhydrous), ist eine nat\u00fcrlich vorkommende Verbindung, die aus Glycin abgeleitet ist und in verschiedenen Pflanzen und Mikroorganismen vorkommt. Aufgrund seiner Funktion als Methylgruppendonator in verschiedenen experimentellen Systemen wird es in der biochemischen und laborbasierten Forschung h\u00e4ufig eingesetzt. Dank seiner gut charakterisierten chemischen Struktur und Stabilit\u00e4t wird TMG&#8230;<\/p>\n","protected":false},"featured_media":13826,"comment_status":"open","ping_status":"closed","template":"","meta":{"_kadence_starter_templates_imported_post":false,"_kad_post_transparent":"default","_kad_post_title":"","_kad_post_layout":"default","_kad_post_sidebar_id":"","_kad_post_content_style":"default","_kad_post_vertical_padding":"default","_kad_post_feature":"","_kad_post_feature_position":"","_kad_post_header":false,"_kad_post_footer":false,"_kad_post_classname":""},"product_brand":[],"product_cat":[104,101,102,88],"product_tag":[],"class_list":{"0":"post-13827","1":"product","2":"type-product","3":"status-publish","4":"has-post-thumbnail","6":"product_cat-anti-aging","7":"product_cat-erholung","8":"product_cat-gehirn-gedachtnis-konzentration","9":"product_cat-unkategorisiert","11":"first","12":"instock","13":"shipping-taxable","14":"purchasable","15":"product-type-simple","16":"entry","17":"content-bg","18":"loop-entry"},"_links":{"self":[{"href":"https:\/\/x-peptides.com\/de\/wp-json\/wp\/v2\/product\/13827","targetHints":{"allow":["GET"]}}],"collection":[{"href":"https:\/\/x-peptides.com\/de\/wp-json\/wp\/v2\/product"}],"about":[{"href":"https:\/\/x-peptides.com\/de\/wp-json\/wp\/v2\/types\/product"}],"replies":[{"embeddable":true,"href":"https:\/\/x-peptides.com\/de\/wp-json\/wp\/v2\/comments?post=13827"}],"wp:featuredmedia":[{"embeddable":true,"href":"https:\/\/x-peptides.com\/de\/wp-json\/wp\/v2\/media\/13826"}],"wp:attachment":[{"href":"https:\/\/x-peptides.com\/de\/wp-json\/wp\/v2\/media?parent=13827"}],"wp:term":[{"taxonomy":"product_brand","embeddable":true,"href":"https:\/\/x-peptides.com\/de\/wp-json\/wp\/v2\/product_brand?post=13827"},{"taxonomy":"product_cat","embeddable":true,"href":"https:\/\/x-peptides.com\/de\/wp-json\/wp\/v2\/product_cat?post=13827"},{"taxonomy":"product_tag","embeddable":true,"href":"https:\/\/x-peptides.com\/de\/wp-json\/wp\/v2\/product_tag?post=13827"}],"curies":[{"name":"wp","href":"https:\/\/api.w.org\/{rel}","templated":true}]}}