{"id":13775,"date":"2026-03-13T12:16:30","date_gmt":"2026-03-13T11:16:30","guid":{"rendered":"https:\/\/x-peptides.com\/?post_type=product&#038;p=13775"},"modified":"2026-03-16T11:47:45","modified_gmt":"2026-03-16T10:47:45","slug":"uridin","status":"publish","type":"product","link":"https:\/\/x-peptides.com\/de\/produkt\/uridin\/","title":{"rendered":"Uridin"},"content":{"rendered":"<p data-start=\"0\" data-end=\"396\"><strong data-start=\"0\" data-end=\"10\">Uridin<\/strong> ist eine Wirkstoffkombination, die h\u00e4ufig in der biochemischen und laborbasierten Forschung verwendet wird. Uridin ist ein nat\u00fcrlich vorkommendes Nukleosid, das in der RNA enthalten ist und an verschiedenen zellul\u00e4ren Prozessen beteiligt ist, w\u00e4hrend Magnesiumcitrat eine Quelle von Magnesiumionen darstellt, die h\u00e4ufig in experimentellen und analytischen Umgebungen eingesetzt werden.<\/p>\n<p data-start=\"398\" data-end=\"422\"><strong data-start=\"398\" data-end=\"422\">Jede Kapsel enth\u00e4lt:<\/strong><\/p>\n<ul data-start=\"424\" data-end=\"474\">\n<li data-section-id=\"1nbj88s\" data-start=\"424\" data-end=\"445\">\n<p data-start=\"426\" data-end=\"445\">300 mg Uridin<\/p>\n<\/li>\n<li data-section-id=\"lbov0r\" data-start=\"446\" data-end=\"474\">\n<p data-start=\"448\" data-end=\"474\">200 mg Magnesiumcitrat<\/p>\n<\/li>\n<\/ul>\n<p data-start=\"476\" data-end=\"533\" data-is-last-node=\"\" data-is-only-node=\"\">Produkt ausschlie\u00dflich f\u00fcr Forschungszwecke bestimmt.<\/p>\n","protected":false},"excerpt":{"rendered":"<p>Uridin ist eine Wirkstoffkombination, die h\u00e4ufig in der biochemischen und laborbasierten Forschung verwendet wird. Uridin ist ein nat\u00fcrlich vorkommendes Nukleosid, das in der RNA enthalten ist und an verschiedenen zellul\u00e4ren Prozessen beteiligt ist, w\u00e4hrend Magnesiumcitrat eine Quelle von Magnesiumionen darstellt, die h\u00e4ufig in experimentellen und analytischen Umgebungen eingesetzt werden. Jede Kapsel enth\u00e4lt: 300 mg Uridin&#8230;<\/p>\n","protected":false},"featured_media":13774,"comment_status":"open","ping_status":"closed","template":"","meta":{"_kadence_starter_templates_imported_post":false,"_kad_post_transparent":"default","_kad_post_title":"","_kad_post_layout":"default","_kad_post_sidebar_id":"","_kad_post_content_style":"default","_kad_post_vertical_padding":"default","_kad_post_feature":"","_kad_post_feature_position":"","_kad_post_header":false,"_kad_post_footer":false,"_kad_post_classname":""},"product_brand":[],"product_cat":[102,125,88],"product_tag":[],"class_list":{"0":"post-13775","1":"product","2":"type-product","3":"status-publish","4":"has-post-thumbnail","6":"product_cat-gehirn-gedachtnis-konzentration","7":"product_cat-nootropics","8":"product_cat-unkategorisiert","10":"first","11":"instock","12":"shipping-taxable","13":"purchasable","14":"product-type-simple","15":"entry","16":"content-bg","17":"loop-entry"},"_links":{"self":[{"href":"https:\/\/x-peptides.com\/de\/wp-json\/wp\/v2\/product\/13775","targetHints":{"allow":["GET"]}}],"collection":[{"href":"https:\/\/x-peptides.com\/de\/wp-json\/wp\/v2\/product"}],"about":[{"href":"https:\/\/x-peptides.com\/de\/wp-json\/wp\/v2\/types\/product"}],"replies":[{"embeddable":true,"href":"https:\/\/x-peptides.com\/de\/wp-json\/wp\/v2\/comments?post=13775"}],"wp:featuredmedia":[{"embeddable":true,"href":"https:\/\/x-peptides.com\/de\/wp-json\/wp\/v2\/media\/13774"}],"wp:attachment":[{"href":"https:\/\/x-peptides.com\/de\/wp-json\/wp\/v2\/media?parent=13775"}],"wp:term":[{"taxonomy":"product_brand","embeddable":true,"href":"https:\/\/x-peptides.com\/de\/wp-json\/wp\/v2\/product_brand?post=13775"},{"taxonomy":"product_cat","embeddable":true,"href":"https:\/\/x-peptides.com\/de\/wp-json\/wp\/v2\/product_cat?post=13775"},{"taxonomy":"product_tag","embeddable":true,"href":"https:\/\/x-peptides.com\/de\/wp-json\/wp\/v2\/product_tag?post=13775"}],"curies":[{"name":"wp","href":"https:\/\/api.w.org\/{rel}","templated":true}]}}