{"id":12065,"date":"2024-09-04T10:54:29","date_gmt":"2024-09-04T08:54:29","guid":{"rendered":"https:\/\/x-peptides.com\/produkt\/sem-glp-1-5mg-10mg\/"},"modified":"2026-02-25T10:53:43","modified_gmt":"2026-02-25T09:53:43","slug":"sem-glp-1-5mg-10mg","status":"publish","type":"product","link":"https:\/\/x-peptides.com\/de\/produkt\/sem-glp-1-5mg-10mg\/","title":{"rendered":"Sem (GLP-1) 5mg\/10mg"},"content":{"rendered":"<p data-start=\"52\" data-end=\"315\"><strong data-start=\"52\" data-end=\"67\">Sem (GLP-1)<\/strong> ist ein Forschungspr\u00e4parat und ein Analogon des nat\u00fcrlich vorkommenden GLP-1 (glucagon-like peptide-1), eines Hormons, das an der Stoffwechselregulierung beteiligt ist. Im Labor wird es zur Untersuchung des Glukosestoffwechsels, der Appetitkontrolle und der Insulinaussch\u00fcttung verwendet. <\/p>\n<p data-start=\"317\" data-end=\"416\">Sem interagiert mit GLP-1-Rezeptoren und erm\u00f6glicht so eine detaillierte Analyse der hormonellen und metabolischen Reaktionen.<\/p>\n<p data-start=\"418\" data-end=\"470\"><strong data-start=\"418\" data-end=\"470\">In pr\u00e4klinischen Modellen wurde beobachtet, dass Sem:<\/strong><\/p>\n<ul data-start=\"471\" data-end=\"660\">\n<li data-start=\"471\" data-end=\"506\">\n<p data-start=\"473\" data-end=\"506\">den Blutzuckerspiegel beeinflussen,<\/p>\n<\/li>\n<li data-start=\"507\" data-end=\"552\">\n<p data-start=\"509\" data-end=\"552\">modulieren den Appetit und die S\u00e4ttigungsmechanismen,<\/p>\n<\/li>\n<li data-start=\"553\" data-end=\"595\">\n<p data-start=\"555\" data-end=\"595\">die Forschung zur Insulinsekretion zu unterst\u00fctzen,<\/p>\n<\/li>\n<li data-start=\"596\" data-end=\"660\">\n<p data-start=\"598\" data-end=\"660\">helfen, metabolische Reaktionen unter kontrollierten Bedingungen zu bewerten.<\/p>\n<\/li>\n<\/ul>\n<p data-start=\"662\" data-end=\"1028\"><strong data-start=\"662\" data-end=\"714\">Laborreagenz &#8211; nur f\u00fcr Forschungszwecke.<\/strong><br data-start=\"714\" data-end=\"717\">Dieses Produkt ist als chemisches Reagenz ausschlie\u00dflich f\u00fcr Forschungszwecke klassifiziert und sollte von qualifiziertem Fachpersonal unter Laborbedingungen gehandhabt werden. Es handelt sich nicht um ein Nahrungserg\u00e4nzungsmittel, ein Medikament oder ein Lebensmittel und ist nicht f\u00fcr den menschlichen Verzehr bestimmt.  Alle bereitgestellten Informationen sind nur f\u00fcr Bildungszwecke gedacht.<\/p>\n","protected":false},"excerpt":{"rendered":"<p>Sem (GLP-1) ist ein Forschungspr\u00e4parat und ein Analogon des nat\u00fcrlich vorkommenden GLP-1 (glucagon-like peptide-1), eines Hormons, das an der Stoffwechselregulierung beteiligt ist. Im Labor wird es zur Untersuchung des Glukosestoffwechsels, der Appetitkontrolle und der Insulinaussch\u00fcttung verwendet. Sem interagiert mit GLP-1-Rezeptoren und erm\u00f6glicht so eine detaillierte Analyse der hormonellen und metabolischen Reaktionen. In pr\u00e4klinischen Modellen wurde&#8230;<\/p>\n","protected":false},"featured_media":12072,"comment_status":"open","ping_status":"closed","template":"","meta":{"_kadence_starter_templates_imported_post":false,"_kad_post_transparent":"","_kad_post_title":"","_kad_post_layout":"","_kad_post_sidebar_id":"","_kad_post_content_style":"","_kad_post_vertical_padding":"","_kad_post_feature":"","_kad_post_feature_position":"","_kad_post_header":false,"_kad_post_footer":false,"_kad_post_classname":""},"product_brand":[],"product_cat":[122,143,120,88],"product_tag":[],"class_list":{"0":"post-12065","1":"product","2":"type-product","3":"status-publish","4":"has-post-thumbnail","6":"product_cat-flaschchen","7":"product_cat-gewichtsverlust","8":"product_cat-peptides","9":"product_cat-unkategorisiert","11":"first","12":"instock","13":"sale","14":"featured","15":"shipping-taxable","16":"purchasable","17":"product-type-variable","18":"has-default-attributes","19":"entry","20":"content-bg","21":"loop-entry"},"_links":{"self":[{"href":"https:\/\/x-peptides.com\/de\/wp-json\/wp\/v2\/product\/12065","targetHints":{"allow":["GET"]}}],"collection":[{"href":"https:\/\/x-peptides.com\/de\/wp-json\/wp\/v2\/product"}],"about":[{"href":"https:\/\/x-peptides.com\/de\/wp-json\/wp\/v2\/types\/product"}],"replies":[{"embeddable":true,"href":"https:\/\/x-peptides.com\/de\/wp-json\/wp\/v2\/comments?post=12065"}],"wp:featuredmedia":[{"embeddable":true,"href":"https:\/\/x-peptides.com\/de\/wp-json\/wp\/v2\/media\/12072"}],"wp:attachment":[{"href":"https:\/\/x-peptides.com\/de\/wp-json\/wp\/v2\/media?parent=12065"}],"wp:term":[{"taxonomy":"product_brand","embeddable":true,"href":"https:\/\/x-peptides.com\/de\/wp-json\/wp\/v2\/product_brand?post=12065"},{"taxonomy":"product_cat","embeddable":true,"href":"https:\/\/x-peptides.com\/de\/wp-json\/wp\/v2\/product_cat?post=12065"},{"taxonomy":"product_tag","embeddable":true,"href":"https:\/\/x-peptides.com\/de\/wp-json\/wp\/v2\/product_tag?post=12065"}],"curies":[{"name":"wp","href":"https:\/\/api.w.org\/{rel}","templated":true}]}}