{"id":11967,"date":"2024-07-01T19:39:51","date_gmt":"2024-07-01T17:39:51","guid":{"rendered":"https:\/\/x-peptides.com\/produkt\/pqq-pyrrolochinolinchinon-coenzym-q10-ubichinon\/"},"modified":"2026-04-17T14:05:56","modified_gmt":"2026-04-17T12:05:56","slug":"pqq-pyrrolochinolinchinon-coenzym-q10-ubichinon","status":"publish","type":"product","link":"https:\/\/x-peptides.com\/de\/produkt\/pqq-pyrrolochinolinchinon-coenzym-q10-ubichinon\/","title":{"rendered":"PQQ (Pyrrolochinolinchinon) + Coenzym Q10 Ubichinon"},"content":{"rendered":"<p data-start=\"42\" data-end=\"318\"><strong data-start=\"42\" data-end=\"205\">PQQ + Q10 <\/strong>wurde entwickelt, um die Gesundheit der Mitochondrien zu unterst\u00fctzen, die zellul\u00e4re Energieproduktion zu steigern und das allgemeine kardiovaskul\u00e4re und neurologische Wohlbefinden zu f\u00f6rdern. Die Kombination von PQQ und Coenzym Q10 bietet einen Synergieeffekt, der ihre individuellen Vorteile noch verst\u00e4rkt.<\/p>\n<p data-start=\"320\" data-end=\"855\">Diese Formel unterst\u00fctzt die Funktion der Mitochondrien, erh\u00f6ht die ATP-Produktion und hilft, die Zellen vor oxidativem Stress zu sch\u00fctzen. <strong data-start=\"439\" data-end=\"488\">PQQ f\u00f6rdert die Bildung neuer Mitochondrien<\/strong> und verbessert die Energieeffizienz, w\u00e4hrend <strong data-start=\"525\" data-end=\"581\">CoQ10 eine Schl\u00fcsselrolle bei der zellul\u00e4ren Energieproduktion spielt<\/strong> und die Gesundheit von Herz und Kreislauf unterst\u00fctzt. Beide Verbindungen wirken als starke Antioxidantien und tragen dazu bei, den Alterungsprozess zu verlangsamen und die Zellen vor Sch\u00e4den zu sch\u00fctzen.<br data-start=\"736\" data-end=\"739\" \/>Dar\u00fcber hinaus <strong data-start=\"753\" data-end=\"787\" data-is-only-node=\"\">kann PQQ die Gehirnfunktion unterst\u00fctzen<\/strong> und zu einem besseren Ged\u00e4chtnis, mehr Konzentration und einer besseren kognitiven Leistungsf\u00e4higkeit beitragen.<\/p>\n<p data-start=\"857\" data-end=\"1087\" data-is-last-node=\"\" data-is-only-node=\"\"><strong data-start=\"857\" data-end=\"888\">Nur f\u00fcr Forschungszwecke.<\/strong><br data-start=\"888\" data-end=\"891\" \/>Dieses Produkt ist als chemisches Reagenz f\u00fcr den Laborgebrauch durch qualifiziertes Fachpersonal klassifiziert. Es ist kein Nahrungserg\u00e4nzungsmittel, keine Medizin und kein Lebensmittel und ist nicht f\u00fcr den menschlichen Verzehr bestimmt.<\/p>\n","protected":false},"excerpt":{"rendered":"<p>PQQ + Q10 wurde entwickelt, um die Gesundheit der Mitochondrien zu unterst\u00fctzen, die zellul\u00e4re Energieproduktion zu steigern und das allgemeine kardiovaskul\u00e4re und neurologische Wohlbefinden zu f\u00f6rdern. Die Kombination von PQQ und Coenzym Q10 bietet einen Synergieeffekt, der ihre individuellen Vorteile noch verst\u00e4rkt. Diese Formel unterst\u00fctzt die Funktion der Mitochondrien, erh\u00f6ht die ATP-Produktion und hilft, die&#8230;<\/p>\n","protected":false},"featured_media":11972,"comment_status":"open","ping_status":"closed","template":"","meta":{"_kadence_starter_templates_imported_post":false,"_kad_post_transparent":"default","_kad_post_title":"","_kad_post_layout":"default","_kad_post_sidebar_id":"","_kad_post_content_style":"default","_kad_post_vertical_padding":"default","_kad_post_feature":"","_kad_post_feature_position":"","_kad_post_header":false,"_kad_post_footer":false,"_kad_post_classname":""},"product_brand":[],"product_cat":[104,100,88],"product_tag":[],"class_list":{"0":"post-11967","1":"product","2":"type-product","3":"status-publish","4":"has-post-thumbnail","6":"product_cat-anti-aging","7":"product_cat-erganzungen","8":"product_cat-unkategorisiert","10":"first","11":"instock","12":"featured","13":"shipping-taxable","14":"purchasable","15":"product-type-variable","16":"has-default-attributes","17":"entry","18":"content-bg","19":"loop-entry"},"_links":{"self":[{"href":"https:\/\/x-peptides.com\/de\/wp-json\/wp\/v2\/product\/11967","targetHints":{"allow":["GET"]}}],"collection":[{"href":"https:\/\/x-peptides.com\/de\/wp-json\/wp\/v2\/product"}],"about":[{"href":"https:\/\/x-peptides.com\/de\/wp-json\/wp\/v2\/types\/product"}],"replies":[{"embeddable":true,"href":"https:\/\/x-peptides.com\/de\/wp-json\/wp\/v2\/comments?post=11967"}],"wp:featuredmedia":[{"embeddable":true,"href":"https:\/\/x-peptides.com\/de\/wp-json\/wp\/v2\/media\/11972"}],"wp:attachment":[{"href":"https:\/\/x-peptides.com\/de\/wp-json\/wp\/v2\/media?parent=11967"}],"wp:term":[{"taxonomy":"product_brand","embeddable":true,"href":"https:\/\/x-peptides.com\/de\/wp-json\/wp\/v2\/product_brand?post=11967"},{"taxonomy":"product_cat","embeddable":true,"href":"https:\/\/x-peptides.com\/de\/wp-json\/wp\/v2\/product_cat?post=11967"},{"taxonomy":"product_tag","embeddable":true,"href":"https:\/\/x-peptides.com\/de\/wp-json\/wp\/v2\/product_tag?post=11967"}],"curies":[{"name":"wp","href":"https:\/\/api.w.org\/{rel}","templated":true}]}}