{"id":11894,"date":"2024-06-11T11:29:31","date_gmt":"2024-06-11T09:29:31","guid":{"rendered":"https:\/\/x-peptides.com\/produkt\/apigenin-pulver\/"},"modified":"2026-04-01T13:46:19","modified_gmt":"2026-04-01T11:46:19","slug":"apigenin-pulver","status":"publish","type":"product","link":"https:\/\/x-peptides.com\/de\/produkt\/apigenin-pulver\/","title":{"rendered":"Apigenin Pulver"},"content":{"rendered":"<p data-start=\"78\" data-end=\"126\"><strong data-start=\"82\" data-end=\"126\">Apigenin &#8211; Nat\u00fcrliche Unterst\u00fctzung f\u00fcr Ihren K\u00f6rper<\/strong><\/p>\n<p data-start=\"128\" data-end=\"381\">Apigenin ist ein nat\u00fcrliches Flavonoid, das in Petersilie, Sellerie und Kamille vorkommt und f\u00fcr sein breites Spektrum an gesundheitlichen Vorteilen bekannt ist. Es unterst\u00fctzt das Nerven-, Immun- und Herz-Kreislaufsystem und hat gleichzeitig eine starke antioxidative und entz\u00fcndungshemmende Wirkung.<\/p>\n<p data-start=\"383\" data-end=\"403\"><strong data-start=\"387\" data-end=\"403\">Wichtigste Vorteile<\/strong><\/p>\n<p data-start=\"405\" data-end=\"875\">\u2714 <strong data-start=\"407\" data-end=\"436\">Neutralisiert freie Radikale<\/strong> &#8211; sch\u00fctzt die Zellen vor oxidativem Stress.<br data-start=\"476\" data-end=\"479\" \/>\u2714 <strong data-start=\"481\" data-end=\"505\">Reduziert Entz\u00fcndungen<\/strong> &#8211; unterst\u00fctzt den K\u00f6rper bei der Bew\u00e4ltigung chronischer Erkrankungen.<br data-start=\"557\" data-end=\"560\" \/>\u2714 <strong data-start=\"562\" data-end=\"589\">Unterst\u00fctzt die Gehirnfunktion<\/strong> &#8211; kann das Ged\u00e4chtnis verbessern und Angstzust\u00e4nde reduzieren.<br data-start=\"630\" data-end=\"633\" \/>\u2714 <strong data-start=\"635\" data-end=\"651\">Gesundheit des Herzens<\/strong> &#8211; hilft bei der Regulierung des Blutdrucks und des Cholesterinspiegels.<br data-start=\"707\" data-end=\"710\" \/>\u2714 <strong data-start=\"712\" data-end=\"747\">Potenzielle krebshemmende Eigenschaften<\/strong> &#8211; kann das Wachstum abnormaler Zellen hemmen.<br data-start=\"791\" data-end=\"794\" \/>\u2714 <strong data-start=\"796\" data-end=\"823\">Verbessert den Hautzustand<\/strong> &#8211; f\u00f6rdert die Regeneration und sch\u00fctzt vor Alterung.<\/p>\n","protected":false},"excerpt":{"rendered":"<p>Apigenin &#8211; Nat\u00fcrliche Unterst\u00fctzung f\u00fcr Ihren K\u00f6rper Apigenin ist ein nat\u00fcrliches Flavonoid, das in Petersilie, Sellerie und Kamille vorkommt und f\u00fcr sein breites Spektrum an gesundheitlichen Vorteilen bekannt ist. Es unterst\u00fctzt das Nerven-, Immun- und Herz-Kreislaufsystem und hat gleichzeitig eine starke antioxidative und entz\u00fcndungshemmende Wirkung. Wichtigste Vorteile \u2714 Neutralisiert freie Radikale &#8211; sch\u00fctzt die Zellen&#8230;<\/p>\n","protected":false},"featured_media":11897,"comment_status":"open","ping_status":"closed","template":"","meta":{"_kadence_starter_templates_imported_post":false,"_kad_post_transparent":"default","_kad_post_title":"","_kad_post_layout":"default","_kad_post_sidebar_id":"","_kad_post_content_style":"default","_kad_post_vertical_padding":"default","_kad_post_feature":"","_kad_post_feature_position":"","_kad_post_header":false,"_kad_post_footer":false,"_kad_post_classname":""},"product_brand":[],"product_cat":[104,100,103,88],"product_tag":[],"class_list":{"0":"post-11894","1":"product","2":"type-product","3":"status-publish","4":"has-post-thumbnail","6":"product_cat-anti-aging","7":"product_cat-erganzungen","8":"product_cat-schlaf-entspannung","9":"product_cat-unkategorisiert","11":"first","12":"instock","13":"featured","14":"shipping-taxable","15":"purchasable","16":"product-type-variable","17":"has-default-attributes","18":"entry","19":"content-bg","20":"loop-entry"},"_links":{"self":[{"href":"https:\/\/x-peptides.com\/de\/wp-json\/wp\/v2\/product\/11894","targetHints":{"allow":["GET"]}}],"collection":[{"href":"https:\/\/x-peptides.com\/de\/wp-json\/wp\/v2\/product"}],"about":[{"href":"https:\/\/x-peptides.com\/de\/wp-json\/wp\/v2\/types\/product"}],"replies":[{"embeddable":true,"href":"https:\/\/x-peptides.com\/de\/wp-json\/wp\/v2\/comments?post=11894"}],"wp:featuredmedia":[{"embeddable":true,"href":"https:\/\/x-peptides.com\/de\/wp-json\/wp\/v2\/media\/11897"}],"wp:attachment":[{"href":"https:\/\/x-peptides.com\/de\/wp-json\/wp\/v2\/media?parent=11894"}],"wp:term":[{"taxonomy":"product_brand","embeddable":true,"href":"https:\/\/x-peptides.com\/de\/wp-json\/wp\/v2\/product_brand?post=11894"},{"taxonomy":"product_cat","embeddable":true,"href":"https:\/\/x-peptides.com\/de\/wp-json\/wp\/v2\/product_cat?post=11894"},{"taxonomy":"product_tag","embeddable":true,"href":"https:\/\/x-peptides.com\/de\/wp-json\/wp\/v2\/product_tag?post=11894"}],"curies":[{"name":"wp","href":"https:\/\/api.w.org\/{rel}","templated":true}]}}