{"id":11839,"date":"2024-05-16T13:10:18","date_gmt":"2024-05-16T11:10:18","guid":{"rendered":"https:\/\/x-peptides.com\/produkt\/spermidin-10mg\/"},"modified":"2026-04-17T14:08:56","modified_gmt":"2026-04-17T12:08:56","slug":"spermidin-10mg","status":"publish","type":"product","link":"https:\/\/x-peptides.com\/de\/produkt\/spermidin-10mg\/","title":{"rendered":"Spermidin 10mg"},"content":{"rendered":"<div class=\"mpof_ki myre_zn myre_8v_l m389_6m_l\">\n<div class=\"mp4t_16_s mryx_16_s mr3m_1 mli2_1 mh85_56 mh85_0_l\">\n<div class=\"mgn2_16 _0d3bd_am0a-\">\n<p data-start=\"67\" data-end=\"118\"><strong data-start=\"71\" data-end=\"118\">Spermidin &#8211; Nat\u00fcrliche Unterst\u00fctzung f\u00fcr Ihre Zellen<\/strong><\/p>\n<p data-start=\"120\" data-end=\"352\">Spermidin ist ein nat\u00fcrlich vorkommendes Polyamin, das f\u00fcr seine Schl\u00fcsselrolle bei der Autophagie &#8211; dem Prozess der Zellerneuerung und -verj\u00fcngung &#8211; bekannt ist. Forschungsergebnisse deuten darauf hin, dass es die Lebenserwartung, die Herzgesundheit und die kognitiven Funktionen positiv beeinflussen kann.<\/p>\n<p data-start=\"354\" data-end=\"374\"><strong data-start=\"358\" data-end=\"374\">Wichtigste Vorteile<\/strong><\/p>\n<p data-start=\"376\" data-end=\"876\">\u2714 <strong data-start=\"378\" data-end=\"407\">Unterst\u00fctzt die Zellerneuerung<\/strong> &#8211; regt die Autophagie an und hilft dabei, gesch\u00e4digte Zellen zu entfernen.<br data-start=\"461\" data-end=\"464\" \/>\u2714 <strong data-start=\"466\" data-end=\"491\">Kann die Langlebigkeit f\u00f6rdern<\/strong> &#8211; tr\u00e4gt dazu bei, den altersbedingten Verfall zu reduzieren.<br data-start=\"538\" data-end=\"541\" \/>\u2714 <strong data-start=\"543\" data-end=\"578\">Herz und kardiovaskul\u00e4re Gesundheit<\/strong> &#8211; kann helfen, den Blutdruck zu senken.<br data-start=\"611\" data-end=\"614\" \/>\u2714 <strong data-start=\"616\" data-end=\"658\" data-is-only-node=\"\">Unterst\u00fctzt die kognitiven F\u00e4higkeiten und sch\u00fctzt das Gehirn<\/strong> &#8211; kann sich positiv auf das Ged\u00e4chtnis und die neuronale Funktion auswirken.<br data-start=\"713\" data-end=\"716\" \/>\u2714 <strong data-start=\"718\" data-end=\"742\">Reguliert den Stoffwechsel<\/strong> &#8211; kann das Gewichtsmanagement und die Energiebilanz unterst\u00fctzen.<br data-start=\"794\" data-end=\"797\" \/>\u2714 <strong data-start=\"799\" data-end=\"828\">Wirkt entz\u00fcndungshemmend<\/strong> &#8211; hilft, den K\u00f6rper vor oxidativem Stress zu sch\u00fctzen.<\/p>\n<p data-start=\"878\" data-end=\"909\"><strong data-start=\"878\" data-end=\"909\">Nur f\u00fcr Forschungszwecke.<\/strong><\/p>\n<\/div>\n<\/div>\n<\/div>\n","protected":false},"excerpt":{"rendered":"<p>Spermidin &#8211; Nat\u00fcrliche Unterst\u00fctzung f\u00fcr Ihre Zellen Spermidin ist ein nat\u00fcrlich vorkommendes Polyamin, das f\u00fcr seine Schl\u00fcsselrolle bei der Autophagie &#8211; dem Prozess der Zellerneuerung und -verj\u00fcngung &#8211; bekannt ist. Forschungsergebnisse deuten darauf hin, dass es die Lebenserwartung, die Herzgesundheit und die kognitiven Funktionen positiv beeinflussen kann. Wichtigste Vorteile \u2714 Unterst\u00fctzt die Zellerneuerung &#8211; regt&#8230;<\/p>\n","protected":false},"featured_media":11840,"comment_status":"open","ping_status":"closed","template":"","meta":{"_kadence_starter_templates_imported_post":false,"_kad_post_transparent":"default","_kad_post_title":"","_kad_post_layout":"default","_kad_post_sidebar_id":"","_kad_post_content_style":"default","_kad_post_vertical_padding":"default","_kad_post_feature":"","_kad_post_feature_position":"","_kad_post_header":false,"_kad_post_footer":false,"_kad_post_classname":""},"product_brand":[],"product_cat":[104,100,88],"product_tag":[],"class_list":{"0":"post-11839","1":"product","2":"type-product","3":"status-publish","4":"has-post-thumbnail","6":"product_cat-anti-aging","7":"product_cat-erganzungen","8":"product_cat-unkategorisiert","10":"first","11":"instock","12":"featured","13":"shipping-taxable","14":"purchasable","15":"product-type-variable","16":"has-default-attributes","17":"entry","18":"content-bg","19":"loop-entry"},"_links":{"self":[{"href":"https:\/\/x-peptides.com\/de\/wp-json\/wp\/v2\/product\/11839","targetHints":{"allow":["GET"]}}],"collection":[{"href":"https:\/\/x-peptides.com\/de\/wp-json\/wp\/v2\/product"}],"about":[{"href":"https:\/\/x-peptides.com\/de\/wp-json\/wp\/v2\/types\/product"}],"replies":[{"embeddable":true,"href":"https:\/\/x-peptides.com\/de\/wp-json\/wp\/v2\/comments?post=11839"}],"wp:featuredmedia":[{"embeddable":true,"href":"https:\/\/x-peptides.com\/de\/wp-json\/wp\/v2\/media\/11840"}],"wp:attachment":[{"href":"https:\/\/x-peptides.com\/de\/wp-json\/wp\/v2\/media?parent=11839"}],"wp:term":[{"taxonomy":"product_brand","embeddable":true,"href":"https:\/\/x-peptides.com\/de\/wp-json\/wp\/v2\/product_brand?post=11839"},{"taxonomy":"product_cat","embeddable":true,"href":"https:\/\/x-peptides.com\/de\/wp-json\/wp\/v2\/product_cat?post=11839"},{"taxonomy":"product_tag","embeddable":true,"href":"https:\/\/x-peptides.com\/de\/wp-json\/wp\/v2\/product_tag?post=11839"}],"curies":[{"name":"wp","href":"https:\/\/api.w.org\/{rel}","templated":true}]}}