{"id":11776,"date":"2024-05-15T17:21:42","date_gmt":"2024-05-15T15:21:42","guid":{"rendered":"https:\/\/x-peptides.com\/produkt\/fisetin-pulver\/"},"modified":"2026-04-17T13:45:49","modified_gmt":"2026-04-17T11:45:49","slug":"fisetin-pulver","status":"publish","type":"product","link":"https:\/\/x-peptides.com\/de\/produkt\/fisetin-pulver\/","title":{"rendered":"Fisetin-Pulver"},"content":{"rendered":"<div class=\"mpof_ki myre_zn myre_8v_l m389_6m_l\">\n<div class=\"mp4t_16_s mryx_16_s mr3m_1 mli2_1 mh85_56 mh85_0_l\">\n<div class=\"mgn2_16 _0d3bd_am0a-\">\n<p data-start=\"85\" data-end=\"140\"><strong data-start=\"89\" data-end=\"140\">Fisetin &#8211; Ein nat\u00fcrliches Senolytikum f\u00fcr gesunde Zellen<\/strong><\/p>\n<p data-start=\"142\" data-end=\"326\">Fisetin ist eines der st\u00e4rksten nat\u00fcrlichen Senolytika. Es hilft dem K\u00f6rper, alte und gesch\u00e4digte Zellen (sogenannte seneszente Zellen) zu entfernen, die zu Entz\u00fcndungen und Alterungsprozessen beitragen k\u00f6nnen.<\/p>\n<p data-start=\"328\" data-end=\"348\"><strong data-start=\"332\" data-end=\"348\">Wichtigste Vorteile<\/strong><\/p>\n<p data-start=\"350\" data-end=\"743\">\u2714 <strong data-start=\"352\" data-end=\"381\">Unterst\u00fctzt die Zellerneuerung<\/strong> &#8211; beseitigt seneszente Zellen und macht Platz f\u00fcr gesunde Zellen.<br data-start=\"437\" data-end=\"440\" \/>\u2714 <strong data-start=\"442\" data-end=\"463\">Unterst\u00fctzt die Langlebigkeit<\/strong> &#8211; Forschungsergebnisse deuten darauf hin, dass es das Altern verlangsamen und die allgemeine physiologische Funktion verbessern kann.<br data-start=\"545\" data-end=\"548\" \/>\u2714 <strong data-start=\"550\" data-end=\"582\">Reduziert chronische Entz\u00fcndungen<\/strong> &#8211; sch\u00fctzt das Gewebe vor den sch\u00e4dlichen Auswirkungen von &#8222;Zombie&#8220;-Zellen.<br data-start=\"645\" data-end=\"648\" \/>\u2714 <strong data-start=\"650\" data-end=\"676\" data-is-only-node=\"\">Sicher f\u00fcr gesunde Zellen<\/strong> &#8211; wirkt selektiv und zielt nur auf besch\u00e4digte oder dysfunktionale Zellen ab.<\/p>\n<p data-start=\"745\" data-end=\"776\"><strong data-start=\"745\" data-end=\"776\">Nur f\u00fcr Forschungszwecke.<\/strong><\/p>\n<\/div>\n<\/div>\n<\/div>\n","protected":false},"excerpt":{"rendered":"<p>Fisetin &#8211; Ein nat\u00fcrliches Senolytikum f\u00fcr gesunde Zellen Fisetin ist eines der st\u00e4rksten nat\u00fcrlichen Senolytika. Es hilft dem K\u00f6rper, alte und gesch\u00e4digte Zellen (sogenannte seneszente Zellen) zu entfernen, die zu Entz\u00fcndungen und Alterungsprozessen beitragen k\u00f6nnen. Wichtigste Vorteile \u2714 Unterst\u00fctzt die Zellerneuerung &#8211; beseitigt seneszente Zellen und macht Platz f\u00fcr gesunde Zellen.\u2714 Unterst\u00fctzt die Langlebigkeit &#8211;&#8230;<\/p>\n","protected":false},"featured_media":11781,"comment_status":"open","ping_status":"closed","template":"","meta":{"_kadence_starter_templates_imported_post":false,"_kad_post_transparent":"default","_kad_post_title":"","_kad_post_layout":"default","_kad_post_sidebar_id":"","_kad_post_content_style":"default","_kad_post_vertical_padding":"default","_kad_post_feature":"","_kad_post_feature_position":"","_kad_post_header":false,"_kad_post_footer":false,"_kad_post_classname":""},"product_brand":[],"product_cat":[104,100,88],"product_tag":[],"class_list":{"0":"post-11776","1":"product","2":"type-product","3":"status-publish","4":"has-post-thumbnail","6":"product_cat-anti-aging","7":"product_cat-erganzungen","8":"product_cat-unkategorisiert","10":"first","11":"instock","12":"featured","13":"shipping-taxable","14":"purchasable","15":"product-type-variable","16":"has-default-attributes","17":"entry","18":"content-bg","19":"loop-entry"},"_links":{"self":[{"href":"https:\/\/x-peptides.com\/de\/wp-json\/wp\/v2\/product\/11776","targetHints":{"allow":["GET"]}}],"collection":[{"href":"https:\/\/x-peptides.com\/de\/wp-json\/wp\/v2\/product"}],"about":[{"href":"https:\/\/x-peptides.com\/de\/wp-json\/wp\/v2\/types\/product"}],"replies":[{"embeddable":true,"href":"https:\/\/x-peptides.com\/de\/wp-json\/wp\/v2\/comments?post=11776"}],"wp:featuredmedia":[{"embeddable":true,"href":"https:\/\/x-peptides.com\/de\/wp-json\/wp\/v2\/media\/11781"}],"wp:attachment":[{"href":"https:\/\/x-peptides.com\/de\/wp-json\/wp\/v2\/media?parent=11776"}],"wp:term":[{"taxonomy":"product_brand","embeddable":true,"href":"https:\/\/x-peptides.com\/de\/wp-json\/wp\/v2\/product_brand?post=11776"},{"taxonomy":"product_cat","embeddable":true,"href":"https:\/\/x-peptides.com\/de\/wp-json\/wp\/v2\/product_cat?post=11776"},{"taxonomy":"product_tag","embeddable":true,"href":"https:\/\/x-peptides.com\/de\/wp-json\/wp\/v2\/product_tag?post=11776"}],"curies":[{"name":"wp","href":"https:\/\/api.w.org\/{rel}","templated":true}]}}