{"id":11687,"date":"2024-05-09T20:25:29","date_gmt":"2024-05-09T18:25:29","guid":{"rendered":"https:\/\/x-peptides.com\/produkt\/nac-glutathion-nacet-ist-staerker-als-nac\/"},"modified":"2024-05-09T20:25:29","modified_gmt":"2024-05-09T18:25:29","slug":"nac-glutathion-nacet-ist-staerker-als-nac","status":"publish","type":"product","link":"https:\/\/x-peptides.com\/de\/produkt\/nac-glutathion-nacet-ist-staerker-als-nac\/","title":{"rendered":"NAC + Glutathion &#8211; NACET ist st\u00e4rker als NAC"},"content":{"rendered":"<p data-start=\"82\" data-end=\"142\"><strong data-start=\"86\" data-end=\"142\">Eine revolution\u00e4re Kombination aus Glutathion und NACET<\/strong><\/p>\n<p data-start=\"144\" data-end=\"660\">Die Kombination aus Glutathion und NACET (die ethylierte Form von N-Acetylcystein) zeichnet sich durch ihre starke antioxidative Wirkung aus. Glutathion spielt eine Schl\u00fcsselrolle bei der Neutralisierung freier Radikale und dem Schutz der Zellen, w\u00e4hrend NACET seine Bioverf\u00fcgbarkeit erh\u00f6ht und die nat\u00fcrliche Produktion des K\u00f6rpers unterst\u00fctzt. Beide Verbindungen sind f\u00fcr die Entgiftungsprozesse der Leber unerl\u00e4sslich und k\u00f6nnen eine gesunde Lungen- und Immunfunktion unterst\u00fctzen, neuroprotektive Wirkungen haben und dazu beitragen, das Gewebe vor oxidativem Stress und altersbedingten Sch\u00e4den zu sch\u00fctzen.  <\/p>\n<p data-start=\"662\" data-end=\"693\"><strong data-start=\"662\" data-end=\"693\">Nur f\u00fcr Forschungszwecke.<\/strong><\/p>\n","protected":false},"excerpt":{"rendered":"<p>Eine revolution\u00e4re Kombination aus Glutathion und NACET Die Kombination aus Glutathion und NACET (die ethylierte Form von N-Acetylcystein) zeichnet sich durch ihre starke antioxidative Wirkung aus. Glutathion spielt eine Schl\u00fcsselrolle bei der Neutralisierung freier Radikale und dem Schutz der Zellen, w\u00e4hrend NACET seine Bioverf\u00fcgbarkeit erh\u00f6ht und die nat\u00fcrliche Produktion des K\u00f6rpers unterst\u00fctzt. Beide Verbindungen sind&#8230;<\/p>\n","protected":false},"featured_media":7938,"comment_status":"open","ping_status":"closed","template":"","meta":{"_kadence_starter_templates_imported_post":false,"_kad_post_transparent":"","_kad_post_title":"","_kad_post_layout":"","_kad_post_sidebar_id":"","_kad_post_content_style":"","_kad_post_vertical_padding":"","_kad_post_feature":"","_kad_post_feature_position":"","_kad_post_header":false,"_kad_post_footer":false,"_kad_post_classname":""},"product_brand":[],"product_cat":[121,100,101,137,103,88],"product_tag":[],"class_list":{"0":"post-11687","1":"product","2":"type-product","3":"status-publish","4":"has-post-thumbnail","6":"product_cat-andere","7":"product_cat-erganzungen","8":"product_cat-erholung","9":"product_cat-haut-haare-nagel","10":"product_cat-schlaf-entspannung","11":"product_cat-unkategorisiert","13":"first","14":"instock","15":"featured","16":"shipping-taxable","17":"purchasable","18":"product-type-variable","19":"has-default-attributes","20":"entry","21":"content-bg","22":"loop-entry"},"_links":{"self":[{"href":"https:\/\/x-peptides.com\/de\/wp-json\/wp\/v2\/product\/11687","targetHints":{"allow":["GET"]}}],"collection":[{"href":"https:\/\/x-peptides.com\/de\/wp-json\/wp\/v2\/product"}],"about":[{"href":"https:\/\/x-peptides.com\/de\/wp-json\/wp\/v2\/types\/product"}],"replies":[{"embeddable":true,"href":"https:\/\/x-peptides.com\/de\/wp-json\/wp\/v2\/comments?post=11687"}],"wp:featuredmedia":[{"embeddable":true,"href":"https:\/\/x-peptides.com\/de\/wp-json\/wp\/v2\/media\/7938"}],"wp:attachment":[{"href":"https:\/\/x-peptides.com\/de\/wp-json\/wp\/v2\/media?parent=11687"}],"wp:term":[{"taxonomy":"product_brand","embeddable":true,"href":"https:\/\/x-peptides.com\/de\/wp-json\/wp\/v2\/product_brand?post=11687"},{"taxonomy":"product_cat","embeddable":true,"href":"https:\/\/x-peptides.com\/de\/wp-json\/wp\/v2\/product_cat?post=11687"},{"taxonomy":"product_tag","embeddable":true,"href":"https:\/\/x-peptides.com\/de\/wp-json\/wp\/v2\/product_tag?post=11687"}],"curies":[{"name":"wp","href":"https:\/\/api.w.org\/{rel}","templated":true}]}}