{"id":11592,"date":"2024-03-01T13:05:49","date_gmt":"2024-03-01T12:05:49","guid":{"rendered":"https:\/\/x-peptides.com\/produkt\/urolithin-a\/"},"modified":"2026-04-17T14:15:38","modified_gmt":"2026-04-17T12:15:38","slug":"urolithin-a","status":"publish","type":"product","link":"https:\/\/x-peptides.com\/de\/produkt\/urolithin-a\/","title":{"rendered":"Urolithin A"},"content":{"rendered":"<p data-start=\"64\" data-end=\"247\"><strong data-start=\"68\" data-end=\"245\">Urolithin A (UA) ist eine nat\u00fcrliche Verbindung, die von Darmbakterien aus Polyphenolen wie Ellagitanninen und Ellags\u00e4ure gebildet wird, die in Lebensmitteln wie Granat\u00e4pfeln, Beeren und N\u00fcssen enthalten sind.<\/strong><\/p>\n<p data-start=\"249\" data-end=\"334\">J\u00fcngste Forschungsergebnisse unterstreichen seine wichtige Rolle f\u00fcr gesundes Altern und die Zellfunktionen.<\/p>\n<p data-start=\"336\" data-end=\"353\"><strong data-start=\"336\" data-end=\"353\">Wichtigste Vorteile:<\/strong><\/p>\n<ul data-start=\"355\" data-end=\"744\">\n<li data-start=\"355\" data-end=\"457\">\n<p data-start=\"357\" data-end=\"457\"><strong data-start=\"357\" data-end=\"380\">Unterst\u00fctzt die Mitophagie:<\/strong> hilft, besch\u00e4digte Mitochondrien zu entfernen und verbessert die zellul\u00e4re Energieproduktion.<\/p>\n<\/li>\n<li data-start=\"458\" data-end=\"544\">\n<p data-start=\"460\" data-end=\"544\"><strong data-start=\"460\" data-end=\"485\">Reduziert Entz\u00fcndungen:<\/strong> kann vor altersbedingten Entz\u00fcndungen sch\u00fctzen.<\/p>\n<\/li>\n<li data-start=\"545\" data-end=\"654\">\n<p data-start=\"547\" data-end=\"654\"><strong data-start=\"547\" data-end=\"568\">Organschutz:<\/strong> Pr\u00e4klinische Studien deuten auf Vorteile f\u00fcr Muskeln, Gehirn, Gelenke und andere Gewebe hin.<\/p>\n<\/li>\n<li data-start=\"655\" data-end=\"744\">\n<p data-start=\"657\" data-end=\"744\"><strong data-start=\"657\" data-end=\"675\">Studien am Menschen:<\/strong> J\u00fcngste Studien an \u00e4lteren Erwachsenen best\u00e4tigen Verbesserungen der Muskelgesundheit.<\/p>\n<\/li>\n<\/ul>\n<p data-start=\"778\" data-end=\"879\"><strong>Nur f\u00fcr Forschungszwecke.<\/strong><\/p>\n","protected":false},"excerpt":{"rendered":"<p>Urolithin A (UA) ist eine nat\u00fcrliche Verbindung, die von Darmbakterien aus Polyphenolen wie Ellagitanninen und Ellags\u00e4ure gebildet wird, die in Lebensmitteln wie Granat\u00e4pfeln, Beeren und N\u00fcssen enthalten sind. J\u00fcngste Forschungsergebnisse unterstreichen seine wichtige Rolle f\u00fcr gesundes Altern und die Zellfunktionen. Wichtigste Vorteile: Unterst\u00fctzt die Mitophagie: hilft, besch\u00e4digte Mitochondrien zu entfernen und verbessert die zellul\u00e4re Energieproduktion&#8230;.<\/p>\n","protected":false},"featured_media":11598,"comment_status":"open","ping_status":"closed","template":"","meta":{"_kadence_starter_templates_imported_post":false,"_kad_post_transparent":"default","_kad_post_title":"","_kad_post_layout":"default","_kad_post_sidebar_id":"","_kad_post_content_style":"default","_kad_post_vertical_padding":"default","_kad_post_feature":"","_kad_post_feature_position":"","_kad_post_header":false,"_kad_post_footer":false,"_kad_post_classname":""},"product_brand":[],"product_cat":[104,100,88],"product_tag":[],"class_list":{"0":"post-11592","1":"product","2":"type-product","3":"status-publish","4":"has-post-thumbnail","6":"product_cat-anti-aging","7":"product_cat-erganzungen","8":"product_cat-unkategorisiert","10":"first","11":"instock","12":"shipping-taxable","13":"purchasable","14":"product-type-variable","15":"has-default-attributes","16":"entry","17":"content-bg","18":"loop-entry"},"_links":{"self":[{"href":"https:\/\/x-peptides.com\/de\/wp-json\/wp\/v2\/product\/11592","targetHints":{"allow":["GET"]}}],"collection":[{"href":"https:\/\/x-peptides.com\/de\/wp-json\/wp\/v2\/product"}],"about":[{"href":"https:\/\/x-peptides.com\/de\/wp-json\/wp\/v2\/types\/product"}],"replies":[{"embeddable":true,"href":"https:\/\/x-peptides.com\/de\/wp-json\/wp\/v2\/comments?post=11592"}],"wp:featuredmedia":[{"embeddable":true,"href":"https:\/\/x-peptides.com\/de\/wp-json\/wp\/v2\/media\/11598"}],"wp:attachment":[{"href":"https:\/\/x-peptides.com\/de\/wp-json\/wp\/v2\/media?parent=11592"}],"wp:term":[{"taxonomy":"product_brand","embeddable":true,"href":"https:\/\/x-peptides.com\/de\/wp-json\/wp\/v2\/product_brand?post=11592"},{"taxonomy":"product_cat","embeddable":true,"href":"https:\/\/x-peptides.com\/de\/wp-json\/wp\/v2\/product_cat?post=11592"},{"taxonomy":"product_tag","embeddable":true,"href":"https:\/\/x-peptides.com\/de\/wp-json\/wp\/v2\/product_tag?post=11592"}],"curies":[{"name":"wp","href":"https:\/\/api.w.org\/{rel}","templated":true}]}}