{"id":11578,"date":"2024-03-07T11:44:20","date_gmt":"2024-03-07T10:44:20","guid":{"rendered":"https:\/\/x-peptides.com\/produkt\/tir-glp-1gip\/"},"modified":"2026-04-01T10:50:20","modified_gmt":"2026-04-01T08:50:20","slug":"tir-glp-1gip","status":"publish","type":"product","link":"https:\/\/x-peptides.com\/de\/produkt\/tir-glp-1gip\/","title":{"rendered":"TIR GLP-1+GIP"},"content":{"rendered":"<p data-start=\"81\" data-end=\"596\"><strong>TIR<\/strong> ist ein neues Peptid, das die Wirkungen von GLP-1 und GIP kombiniert und in der Forschung zur Kontrolle des K\u00f6rpergewichts, zur Regulierung des Blutzuckerspiegels und zur Stoffwechselgesundheit ein gro\u00dfes Potenzial gezeigt hat. Es wirkt, indem es die glukoseabh\u00e4ngige Insulinsekretion anregt, Glukagon unterdr\u00fcckt und den Appetit reguliert, was alles zur Gewichtsreduktion und zur Verbesserung des Fettstoffwechsels beitr\u00e4gt. Tierstudien und fr\u00fche klinische Forschungen deuten auch auf Vorteile f\u00fcr die kardiovaskul\u00e4re Gesundheit, den Schutz der Nieren und eine verbesserte Funktion der Beta-Zellen der Bauchspeicheldr\u00fcse hin.<\/p>\n<p data-start=\"598\" data-end=\"1075\">Das Peptid weist auch neuroprotektive Eigenschaften auf, indem es oxidativen Stress und Entz\u00fcndungen im Gehirn reduziert, was bei neurodegenerativen Erkrankungen von Bedeutung sein kann. Au\u00dferdem unterst\u00fctzt es die Gesundheit des Magen-Darm-Trakts, indem es die Darmmotilit\u00e4t, die Zusammensetzung der Mikrobiota und die Integrit\u00e4t der Darmbarriere verbessert. Dank seines breiten Wirkungsspektrums gilt TIR als einer der vielversprechendsten Kandidaten in der Forschung im Zusammenhang mit Fettleibigkeit, Typ-2-Diabetes und anderen Stoffwechselst\u00f6rungen.<\/p>\n<p data-start=\"1082\" data-end=\"1139\"><strong data-start=\"1086\" data-end=\"1137\">Laborreagenz &#8211; nur f\u00fcr Forschungszwecke<\/strong><\/p>\n<p data-start=\"1140\" data-end=\"1468\">Dieses Produkt ist als chemisches Reagenz eingestuft, das ausschlie\u00dflich f\u00fcr Forschungszwecke bestimmt ist und von qualifiziertem Fachpersonal unter Laborbedingungen gehandhabt werden sollte. Es ist kein Nahrungserg\u00e4nzungsmittel, Medikament oder Lebensmittel und ist nicht f\u00fcr den menschlichen Verzehr bestimmt. Alle bereitgestellten Informationen sind nur f\u00fcr Bildungszwecke gedacht.<\/p>\n","protected":false},"excerpt":{"rendered":"<p>TIR ist ein neues Peptid, das die Wirkungen von GLP-1 und GIP kombiniert und in der Forschung zur Kontrolle des K\u00f6rpergewichts, zur Regulierung des Blutzuckerspiegels und zur Stoffwechselgesundheit ein gro\u00dfes Potenzial gezeigt hat. Es wirkt, indem es die glukoseabh\u00e4ngige Insulinsekretion anregt, Glukagon unterdr\u00fcckt und den Appetit reguliert, was alles zur Gewichtsreduktion und zur Verbesserung des&#8230;<\/p>\n","protected":false},"featured_media":11590,"comment_status":"open","ping_status":"closed","template":"","meta":{"_kadence_starter_templates_imported_post":false,"_kad_post_transparent":"default","_kad_post_title":"","_kad_post_layout":"default","_kad_post_sidebar_id":"","_kad_post_content_style":"default","_kad_post_vertical_padding":"default","_kad_post_feature":"","_kad_post_feature_position":"","_kad_post_header":false,"_kad_post_footer":false,"_kad_post_classname":""},"product_brand":[],"product_cat":[121,122,143,120,88],"product_tag":[],"class_list":{"0":"post-11578","1":"product","2":"type-product","3":"status-publish","4":"has-post-thumbnail","6":"product_cat-andere","7":"product_cat-flaschchen","8":"product_cat-gewichtsverlust","9":"product_cat-peptides","10":"product_cat-unkategorisiert","12":"first","13":"instock","14":"sale","15":"featured","16":"shipping-taxable","17":"purchasable","18":"product-type-variable","19":"has-default-attributes","20":"entry","21":"content-bg","22":"loop-entry"},"_links":{"self":[{"href":"https:\/\/x-peptides.com\/de\/wp-json\/wp\/v2\/product\/11578","targetHints":{"allow":["GET"]}}],"collection":[{"href":"https:\/\/x-peptides.com\/de\/wp-json\/wp\/v2\/product"}],"about":[{"href":"https:\/\/x-peptides.com\/de\/wp-json\/wp\/v2\/types\/product"}],"replies":[{"embeddable":true,"href":"https:\/\/x-peptides.com\/de\/wp-json\/wp\/v2\/comments?post=11578"}],"wp:featuredmedia":[{"embeddable":true,"href":"https:\/\/x-peptides.com\/de\/wp-json\/wp\/v2\/media\/11590"}],"wp:attachment":[{"href":"https:\/\/x-peptides.com\/de\/wp-json\/wp\/v2\/media?parent=11578"}],"wp:term":[{"taxonomy":"product_brand","embeddable":true,"href":"https:\/\/x-peptides.com\/de\/wp-json\/wp\/v2\/product_brand?post=11578"},{"taxonomy":"product_cat","embeddable":true,"href":"https:\/\/x-peptides.com\/de\/wp-json\/wp\/v2\/product_cat?post=11578"},{"taxonomy":"product_tag","embeddable":true,"href":"https:\/\/x-peptides.com\/de\/wp-json\/wp\/v2\/product_tag?post=11578"}],"curies":[{"name":"wp","href":"https:\/\/api.w.org\/{rel}","templated":true}]}}