{"id":11545,"date":"2024-02-26T18:12:18","date_gmt":"2024-02-26T17:12:18","guid":{"rendered":"https:\/\/x-peptides.com\/produkt\/nmnh-reduziertes-nmn-pulver-kapseln-500-mg\/"},"modified":"2024-02-26T18:12:18","modified_gmt":"2024-02-26T17:12:18","slug":"nmnh-reduziertes-nmn-pulver-kapseln-500-mg","status":"publish","type":"product","link":"https:\/\/x-peptides.com\/de\/produkt\/nmnh-reduziertes-nmn-pulver-kapseln-500-mg\/","title":{"rendered":"NMNH &#8211; Reduziertes NMN-Pulver Kapseln 500 mg"},"content":{"rendered":"<p data-start=\"71\" data-end=\"118\"><strong data-start=\"75\" data-end=\"118\">NMNH &#8211; Der NAD+ Booster der n\u00e4chsten Generation<\/strong><\/p>\n<p data-start=\"120\" data-end=\"396\">NMNH (Reduziertes Nicotinamid-Mononukleotid) ist eine moderne NAD+-Vorstufe, die schneller und effizienter wirkt als herk\u00f6mmliches NMN. Studien zeigen, dass NMNH den NAD+-Spiegel bis zu zehnmal effektiver erh\u00f6hen kann und die erh\u00f6hten Werte f\u00fcr eine deutlich l\u00e4ngere Zeit aufrechterh\u00e4lt. <\/p>\n<p data-start=\"398\" data-end=\"418\"><strong data-start=\"402\" data-end=\"418\">Wichtigste Vorteile<\/strong><\/p>\n<p data-start=\"420\" data-end=\"767\">\u2714 <strong data-start=\"422\" data-end=\"458\">Schnellere und effektivere Wirkung<\/strong> &#8211; signifikanter Anstieg von NAD+ innerhalb von nur 15 Minuten.<br data-start=\"511\" data-end=\"514\">\u2714 <strong data-start=\"516\" data-end=\"539\">Lang anhaltende Wirkung<\/strong> &#8211; der NAD+-Spiegel bleibt bis zu 20 Stunden lang erh\u00f6ht.<br data-start=\"589\" data-end=\"592\">\u2714 <strong data-start=\"594\" data-end=\"622\">Verbesserte Bioverf\u00fcgbarkeit<\/strong> &#8211; steigert NAD+ in der Leber, den Nieren, dem Herz, den Muskeln und dem Gehirn.<br data-start=\"686\" data-end=\"689\">\u2714 <strong data-start=\"691\" data-end=\"720\">Erweiterte zellul\u00e4re Unterst\u00fctzung<\/strong> &#8211; potenzielle Vorteile f\u00fcr Anti-Aging und Langlebigkeit.<\/p>\n<p data-start=\"859\" data-end=\"890\"><strong data-start=\"859\" data-end=\"890\">Nur f\u00fcr Forschungszwecke.<\/strong><\/p>\n","protected":false},"excerpt":{"rendered":"<p>NMNH &#8211; Der NAD+ Booster der n\u00e4chsten Generation NMNH (Reduziertes Nicotinamid-Mononukleotid) ist eine moderne NAD+-Vorstufe, die schneller und effizienter wirkt als herk\u00f6mmliches NMN. Studien zeigen, dass NMNH den NAD+-Spiegel bis zu zehnmal effektiver erh\u00f6hen kann und die erh\u00f6hten Werte f\u00fcr eine deutlich l\u00e4ngere Zeit aufrechterh\u00e4lt. Wichtigste Vorteile \u2714 Schnellere und effektivere Wirkung &#8211; signifikanter Anstieg&#8230;<\/p>\n","protected":false},"featured_media":4198,"comment_status":"open","ping_status":"closed","template":"","meta":{"_kadence_starter_templates_imported_post":false,"_kad_post_transparent":"","_kad_post_title":"","_kad_post_layout":"","_kad_post_sidebar_id":"","_kad_post_content_style":"","_kad_post_vertical_padding":"","_kad_post_feature":"","_kad_post_feature_position":"","_kad_post_header":false,"_kad_post_footer":false,"_kad_post_classname":""},"product_brand":[],"product_cat":[104,100,101,133,137,88],"product_tag":[],"class_list":{"0":"post-11545","1":"product","2":"type-product","3":"status-publish","4":"has-post-thumbnail","6":"product_cat-anti-aging","7":"product_cat-erganzungen","8":"product_cat-erholung","9":"product_cat-gelenke-sehnen","10":"product_cat-haut-haare-nagel","11":"product_cat-unkategorisiert","13":"first","14":"instock","15":"featured","16":"shipping-taxable","17":"purchasable","18":"product-type-variable","19":"has-default-attributes","20":"entry","21":"content-bg","22":"loop-entry"},"_links":{"self":[{"href":"https:\/\/x-peptides.com\/de\/wp-json\/wp\/v2\/product\/11545","targetHints":{"allow":["GET"]}}],"collection":[{"href":"https:\/\/x-peptides.com\/de\/wp-json\/wp\/v2\/product"}],"about":[{"href":"https:\/\/x-peptides.com\/de\/wp-json\/wp\/v2\/types\/product"}],"replies":[{"embeddable":true,"href":"https:\/\/x-peptides.com\/de\/wp-json\/wp\/v2\/comments?post=11545"}],"wp:featuredmedia":[{"embeddable":true,"href":"https:\/\/x-peptides.com\/de\/wp-json\/wp\/v2\/media\/4198"}],"wp:attachment":[{"href":"https:\/\/x-peptides.com\/de\/wp-json\/wp\/v2\/media?parent=11545"}],"wp:term":[{"taxonomy":"product_brand","embeddable":true,"href":"https:\/\/x-peptides.com\/de\/wp-json\/wp\/v2\/product_brand?post=11545"},{"taxonomy":"product_cat","embeddable":true,"href":"https:\/\/x-peptides.com\/de\/wp-json\/wp\/v2\/product_cat?post=11545"},{"taxonomy":"product_tag","embeddable":true,"href":"https:\/\/x-peptides.com\/de\/wp-json\/wp\/v2\/product_tag?post=11545"}],"curies":[{"name":"wp","href":"https:\/\/api.w.org\/{rel}","templated":true}]}}