{"id":11425,"date":"2024-01-17T10:30:50","date_gmt":"2024-01-17T09:30:50","guid":{"rendered":"https:\/\/x-peptides.com\/produkt\/ghrp-2-10mg\/"},"modified":"2026-04-03T10:08:12","modified_gmt":"2026-04-03T08:08:12","slug":"ghrp-2-10mg","status":"publish","type":"product","link":"https:\/\/x-peptides.com\/de\/produkt\/ghrp-2-10mg\/","title":{"rendered":"GHRP-2 10mg"},"content":{"rendered":"<p data-start=\"80\" data-end=\"558\"><strong data-start=\"80\" data-end=\"558\">GHRP-2 (Pralmorelin) <\/strong>ist ein synthetisches Hexapeptid, das als wachstumshormonfreisetzende Forschungsverbindung fungiert. Es interagiert mit dem Ghrelin-Rezeptorweg und wird h\u00e4ufig im Labor verwendet, um endokrine Reaktionen, Peptid-Rezeptor-Interaktionen und Mechanismen im Zusammenhang mit der Regulierung von Wachstumshormonen zu untersuchen. Das wissenschaftliche Interesse konzentriert sich auf die Rolle von Ghrelin in der Stoffwechselsignalgebung, in appetitbezogenen Signalwegen und in physiologischen Reaktionen, die von der Hypophyse und dem Hypothalamus vermittelt werden.<\/p>\n<p data-start=\"560\" data-end=\"957\"><strong data-start=\"560\" data-end=\"611\">Laborreagenz &#8211; Nur f\u00fcr Forschungszwecke<\/strong><br data-start=\"611\" data-end=\"614\" \/>Dieses Produkt ist als chemisches Reagenz ausschlie\u00dflich f\u00fcr Forschungszwecke klassifiziert und muss von qualifiziertem Fachpersonal in kontrollierten Laborumgebungen gehandhabt werden. Es ist kein Nahrungserg\u00e4nzungsmittel, keine Medizin und kein Lebensmittel und ist nicht f\u00fcr den menschlichen Verzehr bestimmt. Alle Informationen dienen nur zu wissenschaftlichen und p\u00e4dagogischen Zwecken.<\/p>\n","protected":false},"excerpt":{"rendered":"<p>GHRP-2 (Pralmorelin) ist ein synthetisches Hexapeptid, das als wachstumshormonfreisetzende Forschungsverbindung fungiert. Es interagiert mit dem Ghrelin-Rezeptorweg und wird h\u00e4ufig im Labor verwendet, um endokrine Reaktionen, Peptid-Rezeptor-Interaktionen und Mechanismen im Zusammenhang mit der Regulierung von Wachstumshormonen zu untersuchen. Das wissenschaftliche Interesse konzentriert sich auf die Rolle von Ghrelin in der Stoffwechselsignalgebung, in appetitbezogenen Signalwegen und in&#8230;<\/p>\n","protected":false},"featured_media":11429,"comment_status":"open","ping_status":"closed","template":"","meta":{"_kadence_starter_templates_imported_post":false,"_kad_post_transparent":"default","_kad_post_title":"","_kad_post_layout":"default","_kad_post_sidebar_id":"","_kad_post_content_style":"default","_kad_post_vertical_padding":"default","_kad_post_feature":"","_kad_post_feature_position":"","_kad_post_header":false,"_kad_post_footer":false,"_kad_post_classname":""},"product_brand":[],"product_cat":[101,122,133,137,120,88,144],"product_tag":[],"class_list":{"0":"post-11425","1":"product","2":"type-product","3":"status-publish","4":"has-post-thumbnail","6":"product_cat-erholung","7":"product_cat-flaschchen","8":"product_cat-gelenke-sehnen","9":"product_cat-haut-haare-nagel","10":"product_cat-peptides","11":"product_cat-unkategorisiert","12":"product_cat-wachstum-der-muskeln","14":"first","15":"instock","16":"featured","17":"shipping-taxable","18":"purchasable","19":"product-type-simple","20":"entry","21":"content-bg","22":"loop-entry"},"_links":{"self":[{"href":"https:\/\/x-peptides.com\/de\/wp-json\/wp\/v2\/product\/11425","targetHints":{"allow":["GET"]}}],"collection":[{"href":"https:\/\/x-peptides.com\/de\/wp-json\/wp\/v2\/product"}],"about":[{"href":"https:\/\/x-peptides.com\/de\/wp-json\/wp\/v2\/types\/product"}],"replies":[{"embeddable":true,"href":"https:\/\/x-peptides.com\/de\/wp-json\/wp\/v2\/comments?post=11425"}],"wp:featuredmedia":[{"embeddable":true,"href":"https:\/\/x-peptides.com\/de\/wp-json\/wp\/v2\/media\/11429"}],"wp:attachment":[{"href":"https:\/\/x-peptides.com\/de\/wp-json\/wp\/v2\/media?parent=11425"}],"wp:term":[{"taxonomy":"product_brand","embeddable":true,"href":"https:\/\/x-peptides.com\/de\/wp-json\/wp\/v2\/product_brand?post=11425"},{"taxonomy":"product_cat","embeddable":true,"href":"https:\/\/x-peptides.com\/de\/wp-json\/wp\/v2\/product_cat?post=11425"},{"taxonomy":"product_tag","embeddable":true,"href":"https:\/\/x-peptides.com\/de\/wp-json\/wp\/v2\/product_tag?post=11425"}],"curies":[{"name":"wp","href":"https:\/\/api.w.org\/{rel}","templated":true}]}}