{"id":11097,"date":"2025-03-28T13:01:16","date_gmt":"2025-03-28T12:01:16","guid":{"rendered":"https:\/\/x-peptides.com\/produkt\/kiefernpollenpulver\/"},"modified":"2025-03-28T13:01:16","modified_gmt":"2025-03-28T12:01:16","slug":"kiefernpollenpulver","status":"publish","type":"product","link":"https:\/\/x-peptides.com\/de\/produkt\/kiefernpollenpulver\/","title":{"rendered":"KIEFERNPOLLENPULVER"},"content":{"rendered":"<p data-start=\"47\" data-end=\"358\"><strong data-start=\"47\" data-end=\"358\">Kiefernpollen <\/strong>ist ein nat\u00fcrliches Produkt auf pflanzlicher Basis, das reich an Phyton\u00e4hrstoffen, Aminos\u00e4uren, Mineralien und Spurenelementen ist. Er wird traditionell zur Unterst\u00fctzung der Vitalit\u00e4t, der Immunfunktion und des hormonellen Gleichgewichts verwendet &#8211; insbesondere bei M\u00e4nnern. Es kann helfen, das Energieniveau, die Libido, die Kraft und das allgemeine Wohlbefinden zu f\u00f6rdern.  <\/p>\n","protected":false},"excerpt":{"rendered":"<p>Kiefernpollen ist ein nat\u00fcrliches Produkt auf pflanzlicher Basis, das reich an Phyton\u00e4hrstoffen, Aminos\u00e4uren, Mineralien und Spurenelementen ist. Er wird traditionell zur Unterst\u00fctzung der Vitalit\u00e4t, der Immunfunktion und des hormonellen Gleichgewichts verwendet &#8211; insbesondere bei M\u00e4nnern. Es kann helfen, das Energieniveau, die Libido, die Kraft und das allgemeine Wohlbefinden zu f\u00f6rdern.<\/p>\n","protected":false},"featured_media":11101,"comment_status":"open","ping_status":"closed","template":"","meta":{"_kadence_starter_templates_imported_post":false,"_kad_post_transparent":"","_kad_post_title":"","_kad_post_layout":"","_kad_post_sidebar_id":"","_kad_post_content_style":"","_kad_post_vertical_padding":"","_kad_post_feature":"","_kad_post_feature_position":"","_kad_post_header":false,"_kad_post_footer":false,"_kad_post_classname":""},"product_brand":[],"product_cat":[121,104,100,101,129,88,144],"product_tag":[],"class_list":{"0":"post-11097","1":"product","2":"type-product","3":"status-publish","4":"has-post-thumbnail","6":"product_cat-andere","7":"product_cat-anti-aging","8":"product_cat-erganzungen","9":"product_cat-erholung","10":"product_cat-libido","11":"product_cat-unkategorisiert","12":"product_cat-wachstum-der-muskeln","14":"first","15":"instock","16":"shipping-taxable","17":"purchasable","18":"product-type-simple","19":"entry","20":"content-bg","21":"loop-entry"},"_links":{"self":[{"href":"https:\/\/x-peptides.com\/de\/wp-json\/wp\/v2\/product\/11097","targetHints":{"allow":["GET"]}}],"collection":[{"href":"https:\/\/x-peptides.com\/de\/wp-json\/wp\/v2\/product"}],"about":[{"href":"https:\/\/x-peptides.com\/de\/wp-json\/wp\/v2\/types\/product"}],"replies":[{"embeddable":true,"href":"https:\/\/x-peptides.com\/de\/wp-json\/wp\/v2\/comments?post=11097"}],"wp:featuredmedia":[{"embeddable":true,"href":"https:\/\/x-peptides.com\/de\/wp-json\/wp\/v2\/media\/11101"}],"wp:attachment":[{"href":"https:\/\/x-peptides.com\/de\/wp-json\/wp\/v2\/media?parent=11097"}],"wp:term":[{"taxonomy":"product_brand","embeddable":true,"href":"https:\/\/x-peptides.com\/de\/wp-json\/wp\/v2\/product_brand?post=11097"},{"taxonomy":"product_cat","embeddable":true,"href":"https:\/\/x-peptides.com\/de\/wp-json\/wp\/v2\/product_cat?post=11097"},{"taxonomy":"product_tag","embeddable":true,"href":"https:\/\/x-peptides.com\/de\/wp-json\/wp\/v2\/product_tag?post=11097"}],"curies":[{"name":"wp","href":"https:\/\/api.w.org\/{rel}","templated":true}]}}