{"id":11079,"date":"2025-03-28T12:56:21","date_gmt":"2025-03-28T11:56:21","guid":{"rendered":"https:\/\/x-peptides.com\/produkt\/pqq-coq10-spermidin\/"},"modified":"2026-02-25T10:45:17","modified_gmt":"2026-02-25T09:45:17","slug":"pqq-coq10-spermidin","status":"publish","type":"product","link":"https:\/\/x-peptides.com\/de\/produkt\/pqq-coq10-spermidin\/","title":{"rendered":"PQQ + CoQ10 + Spermidin"},"content":{"rendered":"<p data-start=\"47\" data-end=\"506\">Die Kombination aus <strong>PQQ<\/strong> (Pyrrolochinolinchinon), <strong>Coenzym Q10<\/strong> und <strong>Spermidin<\/strong> unterst\u00fctzt die Funktion der Mitochondrien, einschlie\u00dflich der zellul\u00e4ren Energieproduktion und des Schutzes vor oxidativem Stress. PQQ und CoQ10 k\u00f6nnen synergetisch wirken, um die zellul\u00e4re Leistung zu verbessern, w\u00e4hrend Spermidin f\u00fcr seine m\u00f6gliche Rolle bei der F\u00f6rderung der Autophagie und der Verlangsamung altersbedingter Prozesse bekannt ist. Dieses Produkt wird h\u00e4ufig in Anwendungen eingesetzt, die auf die Unterst\u00fctzung von Vitalit\u00e4t und Langlebigkeit abzielen.  <\/p>\n","protected":false},"excerpt":{"rendered":"<p>Die Kombination aus PQQ (Pyrrolochinolinchinon), Coenzym Q10 und Spermidin unterst\u00fctzt die Funktion der Mitochondrien, einschlie\u00dflich der zellul\u00e4ren Energieproduktion und des Schutzes vor oxidativem Stress. PQQ und CoQ10 k\u00f6nnen synergetisch wirken, um die zellul\u00e4re Leistung zu verbessern, w\u00e4hrend Spermidin f\u00fcr seine m\u00f6gliche Rolle bei der F\u00f6rderung der Autophagie und der Verlangsamung altersbedingter Prozesse bekannt ist. Dieses&#8230;<\/p>\n","protected":false},"featured_media":7913,"comment_status":"open","ping_status":"closed","template":"","meta":{"_kadence_starter_templates_imported_post":false,"_kad_post_transparent":"","_kad_post_title":"","_kad_post_layout":"","_kad_post_sidebar_id":"","_kad_post_content_style":"","_kad_post_vertical_padding":"","_kad_post_feature":"","_kad_post_feature_position":"","_kad_post_header":false,"_kad_post_footer":false,"_kad_post_classname":""},"product_brand":[],"product_cat":[104,100,102,88],"product_tag":[],"class_list":{"0":"post-11079","1":"product","2":"type-product","3":"status-publish","4":"has-post-thumbnail","6":"product_cat-anti-aging","7":"product_cat-erganzungen","8":"product_cat-gehirn-gedachtnis-konzentration","9":"product_cat-unkategorisiert","11":"first","12":"instock","13":"shipping-taxable","14":"purchasable","15":"product-type-variable","16":"has-default-attributes","17":"entry","18":"content-bg","19":"loop-entry"},"_links":{"self":[{"href":"https:\/\/x-peptides.com\/de\/wp-json\/wp\/v2\/product\/11079","targetHints":{"allow":["GET"]}}],"collection":[{"href":"https:\/\/x-peptides.com\/de\/wp-json\/wp\/v2\/product"}],"about":[{"href":"https:\/\/x-peptides.com\/de\/wp-json\/wp\/v2\/types\/product"}],"replies":[{"embeddable":true,"href":"https:\/\/x-peptides.com\/de\/wp-json\/wp\/v2\/comments?post=11079"}],"wp:featuredmedia":[{"embeddable":true,"href":"https:\/\/x-peptides.com\/de\/wp-json\/wp\/v2\/media\/7913"}],"wp:attachment":[{"href":"https:\/\/x-peptides.com\/de\/wp-json\/wp\/v2\/media?parent=11079"}],"wp:term":[{"taxonomy":"product_brand","embeddable":true,"href":"https:\/\/x-peptides.com\/de\/wp-json\/wp\/v2\/product_brand?post=11079"},{"taxonomy":"product_cat","embeddable":true,"href":"https:\/\/x-peptides.com\/de\/wp-json\/wp\/v2\/product_cat?post=11079"},{"taxonomy":"product_tag","embeddable":true,"href":"https:\/\/x-peptides.com\/de\/wp-json\/wp\/v2\/product_tag?post=11079"}],"curies":[{"name":"wp","href":"https:\/\/api.w.org\/{rel}","templated":true}]}}