{"id":11030,"date":"2025-03-28T12:08:06","date_gmt":"2025-03-28T11:08:06","guid":{"rendered":"https:\/\/x-peptides.com\/produkt\/glutathione\/"},"modified":"2026-04-17T13:49:28","modified_gmt":"2026-04-17T11:49:28","slug":"glutathione","status":"publish","type":"product","link":"https:\/\/x-peptides.com\/de\/produkt\/glutathione\/","title":{"rendered":"GLUTATHIONE"},"content":{"rendered":"<p><strong>Glutathion<\/strong> ist eines der st\u00e4rksten nat\u00fcrlichen Antioxidantien, die im K\u00f6rper vorkommen. Es sch\u00fctzt die Zellen vor oxidativem Stress, unterst\u00fctzt die Entgiftungsprozesse in der Leber und st\u00e4rkt das Immunsystem. Es spielt eine entscheidende Rolle bei der zellul\u00e4ren Regeneration und bei der Verlangsamung des Alterungsprozesses.<\/p>\n","protected":false},"excerpt":{"rendered":"<p>Glutathion ist eines der st\u00e4rksten nat\u00fcrlichen Antioxidantien, die im K\u00f6rper vorkommen. Es sch\u00fctzt die Zellen vor oxidativem Stress, unterst\u00fctzt die Entgiftungsprozesse in der Leber und st\u00e4rkt das Immunsystem. Es spielt eine entscheidende Rolle bei der zellul\u00e4ren Regeneration und bei der Verlangsamung des Alterungsprozesses.<\/p>\n","protected":false},"featured_media":11031,"comment_status":"open","ping_status":"closed","template":"","meta":{"_kadence_starter_templates_imported_post":false,"_kad_post_transparent":"default","_kad_post_title":"","_kad_post_layout":"default","_kad_post_sidebar_id":"","_kad_post_content_style":"default","_kad_post_vertical_padding":"default","_kad_post_feature":"","_kad_post_feature_position":"","_kad_post_header":false,"_kad_post_footer":false,"_kad_post_classname":""},"product_brand":[],"product_cat":[104,100,101,137,88],"product_tag":[],"class_list":{"0":"post-11030","1":"product","2":"type-product","3":"status-publish","4":"has-post-thumbnail","6":"product_cat-anti-aging","7":"product_cat-erganzungen","8":"product_cat-erholung","9":"product_cat-haut-haare-nagel","10":"product_cat-unkategorisiert","12":"first","13":"instock","14":"shipping-taxable","15":"purchasable","16":"product-type-variable","17":"has-default-attributes","18":"entry","19":"content-bg","20":"loop-entry"},"_links":{"self":[{"href":"https:\/\/x-peptides.com\/de\/wp-json\/wp\/v2\/product\/11030","targetHints":{"allow":["GET"]}}],"collection":[{"href":"https:\/\/x-peptides.com\/de\/wp-json\/wp\/v2\/product"}],"about":[{"href":"https:\/\/x-peptides.com\/de\/wp-json\/wp\/v2\/types\/product"}],"replies":[{"embeddable":true,"href":"https:\/\/x-peptides.com\/de\/wp-json\/wp\/v2\/comments?post=11030"}],"wp:featuredmedia":[{"embeddable":true,"href":"https:\/\/x-peptides.com\/de\/wp-json\/wp\/v2\/media\/11031"}],"wp:attachment":[{"href":"https:\/\/x-peptides.com\/de\/wp-json\/wp\/v2\/media?parent=11030"}],"wp:term":[{"taxonomy":"product_brand","embeddable":true,"href":"https:\/\/x-peptides.com\/de\/wp-json\/wp\/v2\/product_brand?post=11030"},{"taxonomy":"product_cat","embeddable":true,"href":"https:\/\/x-peptides.com\/de\/wp-json\/wp\/v2\/product_cat?post=11030"},{"taxonomy":"product_tag","embeddable":true,"href":"https:\/\/x-peptides.com\/de\/wp-json\/wp\/v2\/product_tag?post=11030"}],"curies":[{"name":"wp","href":"https:\/\/api.w.org\/{rel}","templated":true}]}}