{"id":11014,"date":"2025-03-28T12:13:08","date_gmt":"2025-03-28T11:13:08","guid":{"rendered":"https:\/\/x-peptides.com\/produkt\/dheapregnenolon\/"},"modified":"2025-03-28T12:13:08","modified_gmt":"2025-03-28T11:13:08","slug":"dheapregnenolon","status":"publish","type":"product","link":"https:\/\/x-peptides.com\/de\/produkt\/dheapregnenolon\/","title":{"rendered":"DHEA+PREGNENOLON"},"content":{"rendered":"<p data-start=\"47\" data-end=\"340\"><strong data-start=\"47\" data-end=\"340\">DHEA <\/strong>und <strong data-start=\"47\" data-end=\"340\">Pregnenolon <\/strong>sind zwei nat\u00fcrliche Steroidhormone, die eine Schl\u00fcsselrolle bei der Produktion anderer Hormone spielen, darunter Testosteron, \u00d6strogen und Cortisol. Ihre synergetischen Effekte k\u00f6nnen die kognitive Funktion, die Stimmung, das Energieniveau und die Libido unterst\u00fctzen und helfen, altersbedingte Prozesse zu verlangsamen. <\/p>\n","protected":false},"excerpt":{"rendered":"<p>DHEA und Pregnenolon sind zwei nat\u00fcrliche Steroidhormone, die eine Schl\u00fcsselrolle bei der Produktion anderer Hormone spielen, darunter Testosteron, \u00d6strogen und Cortisol. Ihre synergetischen Effekte k\u00f6nnen die kognitive Funktion, die Stimmung, das Energieniveau und die Libido unterst\u00fctzen und helfen, altersbedingte Prozesse zu verlangsamen.<\/p>\n","protected":false},"featured_media":7916,"comment_status":"open","ping_status":"closed","template":"","meta":{"_kadence_starter_templates_imported_post":false,"_kad_post_transparent":"","_kad_post_title":"","_kad_post_layout":"","_kad_post_sidebar_id":"","_kad_post_content_style":"","_kad_post_vertical_padding":"","_kad_post_feature":"","_kad_post_feature_position":"","_kad_post_header":false,"_kad_post_footer":false,"_kad_post_classname":""},"product_brand":[],"product_cat":[104,100,101,102,129,88],"product_tag":[],"class_list":{"0":"post-11014","1":"product","2":"type-product","3":"status-publish","4":"has-post-thumbnail","6":"product_cat-anti-aging","7":"product_cat-erganzungen","8":"product_cat-erholung","9":"product_cat-gehirn-gedachtnis-konzentration","10":"product_cat-libido","11":"product_cat-unkategorisiert","13":"first","14":"instock","15":"shipping-taxable","16":"purchasable","17":"product-type-variable","18":"has-default-attributes","19":"entry","20":"content-bg","21":"loop-entry"},"_links":{"self":[{"href":"https:\/\/x-peptides.com\/de\/wp-json\/wp\/v2\/product\/11014","targetHints":{"allow":["GET"]}}],"collection":[{"href":"https:\/\/x-peptides.com\/de\/wp-json\/wp\/v2\/product"}],"about":[{"href":"https:\/\/x-peptides.com\/de\/wp-json\/wp\/v2\/types\/product"}],"replies":[{"embeddable":true,"href":"https:\/\/x-peptides.com\/de\/wp-json\/wp\/v2\/comments?post=11014"}],"wp:featuredmedia":[{"embeddable":true,"href":"https:\/\/x-peptides.com\/de\/wp-json\/wp\/v2\/media\/7916"}],"wp:attachment":[{"href":"https:\/\/x-peptides.com\/de\/wp-json\/wp\/v2\/media?parent=11014"}],"wp:term":[{"taxonomy":"product_brand","embeddable":true,"href":"https:\/\/x-peptides.com\/de\/wp-json\/wp\/v2\/product_brand?post=11014"},{"taxonomy":"product_cat","embeddable":true,"href":"https:\/\/x-peptides.com\/de\/wp-json\/wp\/v2\/product_cat?post=11014"},{"taxonomy":"product_tag","embeddable":true,"href":"https:\/\/x-peptides.com\/de\/wp-json\/wp\/v2\/product_tag?post=11014"}],"curies":[{"name":"wp","href":"https:\/\/api.w.org\/{rel}","templated":true}]}}