{"id":10988,"date":"2025-03-28T12:01:32","date_gmt":"2025-03-28T11:01:32","guid":{"rendered":"https:\/\/x-peptides.com\/produkt\/dhea-dehydroepiandrosteron\/"},"modified":"2026-04-17T13:44:58","modified_gmt":"2026-04-17T11:44:58","slug":"dhea-dehydroepiandrosteron","status":"publish","type":"product","link":"https:\/\/x-peptides.com\/de\/produkt\/dhea-dehydroepiandrosteron\/","title":{"rendered":"DHEA Dehydroepiandrosteron"},"content":{"rendered":"<p data-start=\"47\" data-end=\"390\"><strong data-start=\"47\" data-end=\"390\">DHEA <\/strong>(Dehydroepiandrosteron) ist ein nat\u00fcrlich vorkommendes Steroidhormon, das haupts\u00e4chlich von den Nebennieren produziert wird. Es spielt eine wichtige Rolle als Vorl\u00e4ufer f\u00fcr andere Hormone, einschlie\u00dflich Testosteron und \u00d6strogen. Der DHEA-Spiegel erreicht im fr\u00fchen Erwachsenenalter seinen H\u00f6hepunkt und nimmt mit dem Alter allm\u00e4hlich ab. Es kann Stimmung, Energie, Libido und allgemeine Vitalit\u00e4t beeinflussen.<\/p>\n<p data-start=\"392\" data-end=\"515\">Die Einnahme von DHEA sollte von einem Spezialisten \u00fcberwacht werden, da es sich nicht um ein Nahrungserg\u00e4nzungsmittel, sondern um eine hormonaktive Substanz handelt<strong data-start=\"392\" data-end=\"515\">.<\/strong><\/p>\n","protected":false},"excerpt":{"rendered":"<p>DHEA (Dehydroepiandrosteron) ist ein nat\u00fcrlich vorkommendes Steroidhormon, das haupts\u00e4chlich von den Nebennieren produziert wird. Es spielt eine wichtige Rolle als Vorl\u00e4ufer f\u00fcr andere Hormone, einschlie\u00dflich Testosteron und \u00d6strogen. Der DHEA-Spiegel erreicht im fr\u00fchen Erwachsenenalter seinen H\u00f6hepunkt und nimmt mit dem Alter allm\u00e4hlich ab. Es kann Stimmung, Energie, Libido und allgemeine Vitalit\u00e4t beeinflussen. Die Einnahme von&#8230;<\/p>\n","protected":false},"featured_media":10993,"comment_status":"open","ping_status":"closed","template":"","meta":{"_kadence_starter_templates_imported_post":false,"_kad_post_transparent":"default","_kad_post_title":"","_kad_post_layout":"default","_kad_post_sidebar_id":"","_kad_post_content_style":"default","_kad_post_vertical_padding":"default","_kad_post_feature":"","_kad_post_feature_position":"","_kad_post_header":false,"_kad_post_footer":false,"_kad_post_classname":""},"product_brand":[],"product_cat":[104,100,101,129,88,144],"product_tag":[],"class_list":{"0":"post-10988","1":"product","2":"type-product","3":"status-publish","4":"has-post-thumbnail","6":"product_cat-anti-aging","7":"product_cat-erganzungen","8":"product_cat-erholung","9":"product_cat-libido","10":"product_cat-unkategorisiert","11":"product_cat-wachstum-der-muskeln","13":"first","14":"instock","15":"featured","16":"shipping-taxable","17":"purchasable","18":"product-type-variable","19":"has-default-attributes","20":"entry","21":"content-bg","22":"loop-entry"},"_links":{"self":[{"href":"https:\/\/x-peptides.com\/de\/wp-json\/wp\/v2\/product\/10988","targetHints":{"allow":["GET"]}}],"collection":[{"href":"https:\/\/x-peptides.com\/de\/wp-json\/wp\/v2\/product"}],"about":[{"href":"https:\/\/x-peptides.com\/de\/wp-json\/wp\/v2\/types\/product"}],"replies":[{"embeddable":true,"href":"https:\/\/x-peptides.com\/de\/wp-json\/wp\/v2\/comments?post=10988"}],"wp:featuredmedia":[{"embeddable":true,"href":"https:\/\/x-peptides.com\/de\/wp-json\/wp\/v2\/media\/10993"}],"wp:attachment":[{"href":"https:\/\/x-peptides.com\/de\/wp-json\/wp\/v2\/media?parent=10988"}],"wp:term":[{"taxonomy":"product_brand","embeddable":true,"href":"https:\/\/x-peptides.com\/de\/wp-json\/wp\/v2\/product_brand?post=10988"},{"taxonomy":"product_cat","embeddable":true,"href":"https:\/\/x-peptides.com\/de\/wp-json\/wp\/v2\/product_cat?post=10988"},{"taxonomy":"product_tag","embeddable":true,"href":"https:\/\/x-peptides.com\/de\/wp-json\/wp\/v2\/product_tag?post=10988"}],"curies":[{"name":"wp","href":"https:\/\/api.w.org\/{rel}","templated":true}]}}