{"id":10964,"date":"2025-03-21T13:52:30","date_gmt":"2025-03-21T12:52:30","guid":{"rendered":"https:\/\/x-peptides.com\/produkt\/krill-oel\/"},"modified":"2026-02-25T10:44:50","modified_gmt":"2026-02-25T09:44:50","slug":"krill-oel","status":"publish","type":"product","link":"https:\/\/x-peptides.com\/de\/produkt\/krill-oel\/","title":{"rendered":"KRILL-\u00d6L"},"content":{"rendered":"<p data-start=\"0\" data-end=\"49\"><strong data-start=\"0\" data-end=\"49\">KRILL\u00d6L &#8211; UNTERST\u00dcTZUNG F\u00dcR HERZ, GEHIRN UND GELENKE<\/strong><\/p>\n<p data-start=\"51\" data-end=\"315\">Eine wertvolle Quelle von Omega-3-Fetts\u00e4uren (EPA und DHA), Phospholipiden und Astaxanthin, die die Gesundheit des Herzens, die kognitive Funktion und die Regeneration der Gelenke unterst\u00fctzen k\u00f6nnen. Dank seiner hohen Bioverf\u00fcgbarkeit wird Krill\u00f6l besser absorbiert als herk\u00f6mmliche Fisch\u00f6le. <\/p>\n<p data-start=\"317\" data-end=\"443\">\u2714 Reine Formel ohne unn\u00f6tige Zusatzstoffe<br data-start=\"361\" data-end=\"364\">\u2714 Einfache Einnahme in Kapselform<br data-start=\"402\" data-end=\"405\">\u2714 Ausgezeichnete Absorption und Stabilit\u00e4t<\/p>\n<p data-start=\"445\" data-end=\"482\" data-is-last-node=\"\" data-is-only-node=\"\">W\u00e4hlen Sie nat\u00fcrliche Unterst\u00fctzung f\u00fcr Ihren K\u00f6rper!<\/p>\n","protected":false},"excerpt":{"rendered":"<p>KRILL\u00d6L &#8211; UNTERST\u00dcTZUNG F\u00dcR HERZ, GEHIRN UND GELENKE Eine wertvolle Quelle von Omega-3-Fetts\u00e4uren (EPA und DHA), Phospholipiden und Astaxanthin, die die Gesundheit des Herzens, die kognitive Funktion und die Regeneration der Gelenke unterst\u00fctzen k\u00f6nnen. Dank seiner hohen Bioverf\u00fcgbarkeit wird Krill\u00f6l besser absorbiert als herk\u00f6mmliche Fisch\u00f6le. \u2714 Reine Formel ohne unn\u00f6tige Zusatzstoffe\u2714 Einfache Einnahme in Kapselform\u2714&#8230;<\/p>\n","protected":false},"featured_media":7919,"comment_status":"open","ping_status":"closed","template":"","meta":{"_kadence_starter_templates_imported_post":false,"_kad_post_transparent":"","_kad_post_title":"","_kad_post_layout":"","_kad_post_sidebar_id":"","_kad_post_content_style":"","_kad_post_vertical_padding":"","_kad_post_feature":"","_kad_post_feature_position":"","_kad_post_header":false,"_kad_post_footer":false,"_kad_post_classname":""},"product_brand":[],"product_cat":[104,100,102,133,137,88],"product_tag":[],"class_list":{"0":"post-10964","1":"product","2":"type-product","3":"status-publish","4":"has-post-thumbnail","6":"product_cat-anti-aging","7":"product_cat-erganzungen","8":"product_cat-gehirn-gedachtnis-konzentration","9":"product_cat-gelenke-sehnen","10":"product_cat-haut-haare-nagel","11":"product_cat-unkategorisiert","13":"first","14":"instock","15":"shipping-taxable","16":"purchasable","17":"product-type-variable","18":"has-default-attributes","19":"entry","20":"content-bg","21":"loop-entry"},"_links":{"self":[{"href":"https:\/\/x-peptides.com\/de\/wp-json\/wp\/v2\/product\/10964","targetHints":{"allow":["GET"]}}],"collection":[{"href":"https:\/\/x-peptides.com\/de\/wp-json\/wp\/v2\/product"}],"about":[{"href":"https:\/\/x-peptides.com\/de\/wp-json\/wp\/v2\/types\/product"}],"replies":[{"embeddable":true,"href":"https:\/\/x-peptides.com\/de\/wp-json\/wp\/v2\/comments?post=10964"}],"wp:featuredmedia":[{"embeddable":true,"href":"https:\/\/x-peptides.com\/de\/wp-json\/wp\/v2\/media\/7919"}],"wp:attachment":[{"href":"https:\/\/x-peptides.com\/de\/wp-json\/wp\/v2\/media?parent=10964"}],"wp:term":[{"taxonomy":"product_brand","embeddable":true,"href":"https:\/\/x-peptides.com\/de\/wp-json\/wp\/v2\/product_brand?post=10964"},{"taxonomy":"product_cat","embeddable":true,"href":"https:\/\/x-peptides.com\/de\/wp-json\/wp\/v2\/product_cat?post=10964"},{"taxonomy":"product_tag","embeddable":true,"href":"https:\/\/x-peptides.com\/de\/wp-json\/wp\/v2\/product_tag?post=10964"}],"curies":[{"name":"wp","href":"https:\/\/api.w.org\/{rel}","templated":true}]}}