{"id":10926,"date":"2025-03-21T13:44:24","date_gmt":"2025-03-21T12:44:24","guid":{"rendered":"https:\/\/x-peptides.com\/produkt\/kolostrum-45-pulver\/"},"modified":"2025-03-21T13:44:24","modified_gmt":"2025-03-21T12:44:24","slug":"kolostrum-45-pulver","status":"publish","type":"product","link":"https:\/\/x-peptides.com\/de\/produkt\/kolostrum-45-pulver\/","title":{"rendered":"KOLOSTRUM 45% PULVER"},"content":{"rendered":"<p data-start=\"34\" data-end=\"199\">Hochwertiges <strong>Kolostrum<\/strong>, reich an Immunglobulinen, Lactoferrin und Wachstumsfaktoren. Eine nat\u00fcrliche Quelle zur Unterst\u00fctzung der Immunit\u00e4t, der zellul\u00e4ren Regeneration und der Darmgesundheit. <\/p>\n<p data-start=\"201\" data-end=\"318\">\u2714 Frei von unn\u00f6tigen Zusatzstoffen<br data-start=\"234\" data-end=\"237\">\u2714 Hohe Bioverf\u00fcgbarkeit und Reinheit<br data-start=\"270\" data-end=\"273\">\u2714 Nat\u00fcrliches Colostrum aus kontrollierten Quellen<\/p>\n","protected":false},"excerpt":{"rendered":"<p>Hochwertiges Kolostrum, reich an Immunglobulinen, Lactoferrin und Wachstumsfaktoren. Eine nat\u00fcrliche Quelle zur Unterst\u00fctzung der Immunit\u00e4t, der zellul\u00e4ren Regeneration und der Darmgesundheit. \u2714 Frei von unn\u00f6tigen Zusatzstoffen\u2714 Hohe Bioverf\u00fcgbarkeit und Reinheit\u2714 Nat\u00fcrliches Colostrum aus kontrollierten Quellen<\/p>\n","protected":false},"featured_media":7920,"comment_status":"open","ping_status":"closed","template":"","meta":{"_kadence_starter_templates_imported_post":false,"_kad_post_transparent":"","_kad_post_title":"","_kad_post_layout":"","_kad_post_sidebar_id":"","_kad_post_content_style":"","_kad_post_vertical_padding":"","_kad_post_feature":"","_kad_post_feature_position":"","_kad_post_header":false,"_kad_post_footer":false,"_kad_post_classname":""},"product_brand":[],"product_cat":[104,100,101,102,133,137],"product_tag":[],"class_list":{"0":"post-10926","1":"product","2":"type-product","3":"status-publish","4":"has-post-thumbnail","6":"product_cat-anti-aging","7":"product_cat-erganzungen","8":"product_cat-erholung","9":"product_cat-gehirn-gedachtnis-konzentration","10":"product_cat-gelenke-sehnen","11":"product_cat-haut-haare-nagel","13":"first","14":"instock","15":"shipping-taxable","16":"purchasable","17":"product-type-simple","18":"entry","19":"content-bg","20":"loop-entry"},"_links":{"self":[{"href":"https:\/\/x-peptides.com\/de\/wp-json\/wp\/v2\/product\/10926","targetHints":{"allow":["GET"]}}],"collection":[{"href":"https:\/\/x-peptides.com\/de\/wp-json\/wp\/v2\/product"}],"about":[{"href":"https:\/\/x-peptides.com\/de\/wp-json\/wp\/v2\/types\/product"}],"replies":[{"embeddable":true,"href":"https:\/\/x-peptides.com\/de\/wp-json\/wp\/v2\/comments?post=10926"}],"wp:featuredmedia":[{"embeddable":true,"href":"https:\/\/x-peptides.com\/de\/wp-json\/wp\/v2\/media\/7920"}],"wp:attachment":[{"href":"https:\/\/x-peptides.com\/de\/wp-json\/wp\/v2\/media?parent=10926"}],"wp:term":[{"taxonomy":"product_brand","embeddable":true,"href":"https:\/\/x-peptides.com\/de\/wp-json\/wp\/v2\/product_brand?post=10926"},{"taxonomy":"product_cat","embeddable":true,"href":"https:\/\/x-peptides.com\/de\/wp-json\/wp\/v2\/product_cat?post=10926"},{"taxonomy":"product_tag","embeddable":true,"href":"https:\/\/x-peptides.com\/de\/wp-json\/wp\/v2\/product_tag?post=10926"}],"curies":[{"name":"wp","href":"https:\/\/api.w.org\/{rel}","templated":true}]}}