{"id":10746,"date":"2025-12-19T10:22:41","date_gmt":"2025-12-19T09:22:41","guid":{"rendered":"https:\/\/x-peptides.com\/produkt\/bpc-157tb-500ghk-cukpv-klow-mischung\/"},"modified":"2025-12-19T10:22:41","modified_gmt":"2025-12-19T09:22:41","slug":"bpc-157tb-500ghk-cukpv-klow-mischung","status":"publish","type":"product","link":"https:\/\/x-peptides.com\/de\/produkt\/bpc-157tb-500ghk-cukpv-klow-mischung\/","title":{"rendered":"BPC-157+TB 500+GHK-Cu+KPV &#8211; Klow Mischung"},"content":{"rendered":"<p data-start=\"162\" data-end=\"587\">Klow Blend ist eine zusammengesetzte Formulierung aus vier hochreinen synthetischen Peptiden, die als lyophilisiertes Pulver geliefert wird und <strong data-start=\"286\" data-end=\"334\">ausschlie\u00dflich f\u00fcr die In-vitro-Laborforschung<\/strong> bestimmt ist. Die Komponenten werden auf ihre komplement\u00e4re Rolle in biochemischen Stoffwechselwegen untersucht, die mit der Dynamik des Zytoskeletts, angiogenen Signalen, Markern f\u00fcr Entz\u00fcndungsreaktionen und Prozessen der Geweberegeneration in experimentellen regenerativen Forschungsmodellen zusammenh\u00e4ngen. <\/p>\n<p data-start=\"589\" data-end=\"620\"><strong data-start=\"589\" data-end=\"620\">Zusammensetzung (Gesamt: 80 mg):<\/strong><\/p>\n<ul data-start=\"621\" data-end=\"719\">\n<li data-start=\"621\" data-end=\"639\">\n<p data-start=\"623\" data-end=\"639\">GHK-Cu &#8211; 50 mg<\/p>\n<\/li>\n<li data-start=\"640\" data-end=\"659\">\n<p data-start=\"642\" data-end=\"659\">BPC-157 &#8211; 10 mg<\/p>\n<\/li>\n<li data-start=\"660\" data-end=\"703\">\n<p data-start=\"662\" data-end=\"703\">TB-4 (Thymosin Beta-4 Fragment) &#8211; 10 mg<\/p>\n<\/li>\n<li data-start=\"704\" data-end=\"719\">\n<p data-start=\"706\" data-end=\"719\">KPV &#8211; 10 mg<\/p>\n<\/li>\n<\/ul>\n<p><strong data-start=\"382\" data-end=\"433\">Laborreagenz &#8211; nur f\u00fcr Forschungszwecke<\/strong><br data-start=\"433\" data-end=\"436\">Dieses Produkt ist als chemisches Reagenz ausschlie\u00dflich f\u00fcr Forschungszwecke klassifiziert und sollte von qualifiziertem Fachpersonal unter Laborbedingungen gehandhabt werden. Es handelt sich nicht um ein Nahrungserg\u00e4nzungsmittel, ein Medikament oder ein Lebensmittel und ist nicht f\u00fcr den menschlichen Verzehr bestimmt. Alle bereitgestellten Informationen dienen nur zu Bildungszwecken.  <\/p>\n","protected":false},"excerpt":{"rendered":"<p>Klow Blend ist eine zusammengesetzte Formulierung aus vier hochreinen synthetischen Peptiden, die als lyophilisiertes Pulver geliefert wird und ausschlie\u00dflich f\u00fcr die In-vitro-Laborforschung bestimmt ist. Die Komponenten werden auf ihre komplement\u00e4re Rolle in biochemischen Stoffwechselwegen untersucht, die mit der Dynamik des Zytoskeletts, angiogenen Signalen, Markern f\u00fcr Entz\u00fcndungsreaktionen und Prozessen der Geweberegeneration in experimentellen regenerativen Forschungsmodellen zusammenh\u00e4ngen&#8230;.<\/p>\n","protected":false},"featured_media":8384,"comment_status":"open","ping_status":"closed","template":"","meta":{"_kadence_starter_templates_imported_post":false,"_kad_post_transparent":"","_kad_post_title":"","_kad_post_layout":"","_kad_post_sidebar_id":"","_kad_post_content_style":"","_kad_post_vertical_padding":"","_kad_post_feature":"","_kad_post_feature_position":"","_kad_post_header":false,"_kad_post_footer":false,"_kad_post_classname":""},"product_brand":[],"product_cat":[104,101,122,133,120,88],"product_tag":[],"class_list":{"0":"post-10746","1":"product","2":"type-product","3":"status-publish","4":"has-post-thumbnail","6":"product_cat-anti-aging","7":"product_cat-erholung","8":"product_cat-flaschchen","9":"product_cat-gelenke-sehnen","10":"product_cat-peptides","11":"product_cat-unkategorisiert","13":"first","14":"instock","15":"shipping-taxable","16":"purchasable","17":"product-type-simple","18":"entry","19":"content-bg","20":"loop-entry"},"_links":{"self":[{"href":"https:\/\/x-peptides.com\/de\/wp-json\/wp\/v2\/product\/10746","targetHints":{"allow":["GET"]}}],"collection":[{"href":"https:\/\/x-peptides.com\/de\/wp-json\/wp\/v2\/product"}],"about":[{"href":"https:\/\/x-peptides.com\/de\/wp-json\/wp\/v2\/types\/product"}],"replies":[{"embeddable":true,"href":"https:\/\/x-peptides.com\/de\/wp-json\/wp\/v2\/comments?post=10746"}],"wp:featuredmedia":[{"embeddable":true,"href":"https:\/\/x-peptides.com\/de\/wp-json\/wp\/v2\/media\/8384"}],"wp:attachment":[{"href":"https:\/\/x-peptides.com\/de\/wp-json\/wp\/v2\/media?parent=10746"}],"wp:term":[{"taxonomy":"product_brand","embeddable":true,"href":"https:\/\/x-peptides.com\/de\/wp-json\/wp\/v2\/product_brand?post=10746"},{"taxonomy":"product_cat","embeddable":true,"href":"https:\/\/x-peptides.com\/de\/wp-json\/wp\/v2\/product_cat?post=10746"},{"taxonomy":"product_tag","embeddable":true,"href":"https:\/\/x-peptides.com\/de\/wp-json\/wp\/v2\/product_tag?post=10746"}],"curies":[{"name":"wp","href":"https:\/\/api.w.org\/{rel}","templated":true}]}}