{"id":10213,"date":"2025-08-25T11:26:32","date_gmt":"2025-08-25T09:26:32","guid":{"rendered":"https:\/\/x-peptides.com\/produkt\/pe-22-28-10-mg\/"},"modified":"2025-08-25T11:26:32","modified_gmt":"2025-08-25T09:26:32","slug":"pe-22-28-10-mg","status":"publish","type":"product","link":"https:\/\/x-peptides.com\/de\/produkt\/pe-22-28-10-mg\/","title":{"rendered":"PE-22-28 10 mg"},"content":{"rendered":"<p data-start=\"133\" data-end=\"464\"><strong data-start=\"133\" data-end=\"464\">PE-22-28 10 mg <\/strong>ist ein synthetisches Forschungspeptid, das von Spadin abgeleitet ist &#8211; einem nat\u00fcrlichen Peptidfragment des Sortilin-Proteins. Es wirkt als Antagonist des TREK-1-Rezeptors (ein Kaliumkanal aus der TWIK-Familie), der als potenzielles therapeutisches Ziel in der Forschung \u00fcber Depressionen und die Modulation der Neurogenese identifiziert wurde. <\/p>\n<p data-start=\"466\" data-end=\"603\">Diese Verbindung wird in experimentellen Studien zum Nervensystem, zur synaptischen Plastizit\u00e4t und zu neuronalen Regenerationsprozessen verwendet.<\/p>\n<p data-start=\"605\" data-end=\"675\">In pr\u00e4klinischen Studien wurde beobachtet, dass PE-22-28 potenziell:<\/p>\n<ul data-start=\"677\" data-end=\"1037\">\n<li data-start=\"677\" data-end=\"748\">\n<p data-start=\"679\" data-end=\"748\">blockieren den TREK-1-Rezeptor wirksamer als nat\u00fcrliches Spadin,<\/p>\n<\/li>\n<li data-start=\"749\" data-end=\"811\">\n<p data-start=\"751\" data-end=\"811\">weisen antidepressive und neuroprotektive Eigenschaften auf,<\/p>\n<\/li>\n<li data-start=\"812\" data-end=\"878\">\n<p data-start=\"814\" data-end=\"878\">die Neurogenese innerhalb weniger Tage nach der Anwendung anregen,<\/p>\n<\/li>\n<li data-start=\"879\" data-end=\"938\">\n<p data-start=\"881\" data-end=\"938\">die Forschung \u00fcber Lern- und Ged\u00e4chtnismechanismen unterst\u00fctzen,<\/p>\n<\/li>\n<li data-start=\"939\" data-end=\"1037\">\n<p data-start=\"941\" data-end=\"1037\">f\u00fcr eine m\u00f6gliche Verwendung bei der Regeneration nach einem Schlaganfall und bei neurodegenerativen Erkrankungen untersucht werden.<\/p>\n<\/li>\n<\/ul>\n<p data-start=\"1039\" data-end=\"1401\"><strong data-start=\"1039\" data-end=\"1091\">Laborreagenz &#8211; nur f\u00fcr Forschungszwecke.<\/strong><br data-start=\"1091\" data-end=\"1094\">Dieses Produkt ist als chemisches Reagenz ausschlie\u00dflich f\u00fcr Forschungszwecke klassifiziert und muss von qualifiziertem Fachpersonal unter Laborbedingungen gehandhabt werden. Es ist kein Nahrungserg\u00e4nzungsmittel, keine Medizin und kein Lebensmittel und ist nicht f\u00fcr den menschlichen Verzehr bestimmt. Alle bereitgestellten Informationen dienen nur zu Bildungszwecken.  <\/p>\n","protected":false},"excerpt":{"rendered":"<p>PE-22-28 10 mg ist ein synthetisches Forschungspeptid, das von Spadin abgeleitet ist &#8211; einem nat\u00fcrlichen Peptidfragment des Sortilin-Proteins. Es wirkt als Antagonist des TREK-1-Rezeptors (ein Kaliumkanal aus der TWIK-Familie), der als potenzielles therapeutisches Ziel in der Forschung \u00fcber Depressionen und die Modulation der Neurogenese identifiziert wurde. Diese Verbindung wird in experimentellen Studien zum Nervensystem, zur&#8230;<\/p>\n","protected":false},"featured_media":10217,"comment_status":"open","ping_status":"closed","template":"","meta":{"_kadence_starter_templates_imported_post":false,"_kad_post_transparent":"","_kad_post_title":"","_kad_post_layout":"","_kad_post_sidebar_id":"","_kad_post_content_style":"","_kad_post_vertical_padding":"","_kad_post_feature":"","_kad_post_feature_position":"","_kad_post_header":false,"_kad_post_footer":false,"_kad_post_classname":""},"product_brand":[],"product_cat":[122,102,120,88],"product_tag":[],"class_list":{"0":"post-10213","1":"product","2":"type-product","3":"status-publish","4":"has-post-thumbnail","6":"product_cat-flaschchen","7":"product_cat-gehirn-gedachtnis-konzentration","8":"product_cat-peptides","9":"product_cat-unkategorisiert","11":"first","12":"outofstock","13":"shipping-taxable","14":"purchasable","15":"product-type-simple","16":"entry","17":"content-bg","18":"loop-entry"},"_links":{"self":[{"href":"https:\/\/x-peptides.com\/de\/wp-json\/wp\/v2\/product\/10213","targetHints":{"allow":["GET"]}}],"collection":[{"href":"https:\/\/x-peptides.com\/de\/wp-json\/wp\/v2\/product"}],"about":[{"href":"https:\/\/x-peptides.com\/de\/wp-json\/wp\/v2\/types\/product"}],"replies":[{"embeddable":true,"href":"https:\/\/x-peptides.com\/de\/wp-json\/wp\/v2\/comments?post=10213"}],"wp:featuredmedia":[{"embeddable":true,"href":"https:\/\/x-peptides.com\/de\/wp-json\/wp\/v2\/media\/10217"}],"wp:attachment":[{"href":"https:\/\/x-peptides.com\/de\/wp-json\/wp\/v2\/media?parent=10213"}],"wp:term":[{"taxonomy":"product_brand","embeddable":true,"href":"https:\/\/x-peptides.com\/de\/wp-json\/wp\/v2\/product_brand?post=10213"},{"taxonomy":"product_cat","embeddable":true,"href":"https:\/\/x-peptides.com\/de\/wp-json\/wp\/v2\/product_cat?post=10213"},{"taxonomy":"product_tag","embeddable":true,"href":"https:\/\/x-peptides.com\/de\/wp-json\/wp\/v2\/product_tag?post=10213"}],"curies":[{"name":"wp","href":"https:\/\/api.w.org\/{rel}","templated":true}]}}