{"id":10152,"date":"2025-07-01T12:15:55","date_gmt":"2025-07-01T10:15:55","guid":{"rendered":"https:\/\/x-peptides.com\/produkt\/ahk-cu-10-mg\/"},"modified":"2025-07-01T12:15:55","modified_gmt":"2025-07-01T10:15:55","slug":"ahk-cu-10-mg","status":"publish","type":"product","link":"https:\/\/x-peptides.com\/de\/produkt\/ahk-cu-10-mg\/","title":{"rendered":"AHK-CU 10 mg"},"content":{"rendered":"<p data-start=\"143\" data-end=\"379\"><strong data-start=\"143\" data-end=\"379\">AHK-Cu <\/strong>ist ein fortschrittliches Peptid, das aus dem Tripeptid AHK (Ala-His-Lys) besteht, das an ein Kupferion (Cu\u00b2\u207a) gebunden ist. In In-vitro-Studien und pr\u00e4klinischen Modellen hat es sein Potenzial zur Unterst\u00fctzung des Haarwachstums und zur Verbesserung des Zustands der Kopfhaut unter Beweis gestellt. <\/p>\n<p data-start=\"381\" data-end=\"441\">Das Forschungsinteresse an AHK-Cu wird durch seine F\u00e4higkeit angetrieben:<\/p>\n<ul data-start=\"443\" data-end=\"835\">\n<li data-start=\"443\" data-end=\"501\">\n<p data-start=\"445\" data-end=\"501\">stimulieren Haarfollikel und dermale Papillenzellen,<\/p>\n<\/li>\n<li data-start=\"502\" data-end=\"578\">\n<p data-start=\"504\" data-end=\"578\">die Anagenphase (die aktive Wachstumsphase des Haarzyklus) zu verl\u00e4ngern,<\/p>\n<\/li>\n<li data-start=\"579\" data-end=\"662\">\n<p data-start=\"581\" data-end=\"662\">reduzieren die Miniaturisierung der Haarfollikel &#8211; ein Kennzeichen der androgenetischen Alopezie,<\/p>\n<\/li>\n<li data-start=\"663\" data-end=\"765\">\n<p data-start=\"665\" data-end=\"765\">m\u00f6glicherweise die lokale Wirkung von DHT (Dihydrotestosteron), einem Schl\u00fcsselfaktor f\u00fcr Haarausfall, verringern,<\/p>\n<\/li>\n<li data-start=\"766\" data-end=\"835\">\n<p data-start=\"768\" data-end=\"835\">die Mikrozirkulation der Kopfhaut verbessern und antioxidativ wirken.<\/p>\n<\/li>\n<\/ul>\n<p data-start=\"1348\" data-end=\"1710\"><strong data-start=\"1348\" data-end=\"1400\">Laborreagenz &#8211; nur f\u00fcr Forschungszwecke.<\/strong><br data-start=\"1400\" data-end=\"1403\">Dieses Produkt ist als chemisches Reagenz ausschlie\u00dflich f\u00fcr Forschungszwecke klassifiziert und muss von qualifiziertem Fachpersonal unter Laborbedingungen gehandhabt werden. Es ist kein Nahrungserg\u00e4nzungsmittel, keine Medizin und kein Lebensmittel und ist nicht f\u00fcr den menschlichen Verzehr bestimmt. Alle bereitgestellten Informationen dienen nur zu Bildungszwecken.  <\/p>\n","protected":false},"excerpt":{"rendered":"<p>AHK-Cu ist ein fortschrittliches Peptid, das aus dem Tripeptid AHK (Ala-His-Lys) besteht, das an ein Kupferion (Cu\u00b2\u207a) gebunden ist. In In-vitro-Studien und pr\u00e4klinischen Modellen hat es sein Potenzial zur Unterst\u00fctzung des Haarwachstums und zur Verbesserung des Zustands der Kopfhaut unter Beweis gestellt. Das Forschungsinteresse an AHK-Cu wird durch seine F\u00e4higkeit angetrieben: stimulieren Haarfollikel und dermale&#8230;<\/p>\n","protected":false},"featured_media":5030,"comment_status":"open","ping_status":"closed","template":"","meta":{"_kadence_starter_templates_imported_post":false,"_kad_post_transparent":"","_kad_post_title":"","_kad_post_layout":"","_kad_post_sidebar_id":"","_kad_post_content_style":"","_kad_post_vertical_padding":"","_kad_post_feature":"","_kad_post_feature_position":"","_kad_post_header":false,"_kad_post_footer":false,"_kad_post_classname":""},"product_brand":[],"product_cat":[122,137,120,88],"product_tag":[],"class_list":{"0":"post-10152","1":"product","2":"type-product","3":"status-publish","4":"has-post-thumbnail","6":"product_cat-flaschchen","7":"product_cat-haut-haare-nagel","8":"product_cat-peptides","9":"product_cat-unkategorisiert","11":"first","12":"instock","13":"shipping-taxable","14":"purchasable","15":"product-type-simple","16":"entry","17":"content-bg","18":"loop-entry"},"_links":{"self":[{"href":"https:\/\/x-peptides.com\/de\/wp-json\/wp\/v2\/product\/10152","targetHints":{"allow":["GET"]}}],"collection":[{"href":"https:\/\/x-peptides.com\/de\/wp-json\/wp\/v2\/product"}],"about":[{"href":"https:\/\/x-peptides.com\/de\/wp-json\/wp\/v2\/types\/product"}],"replies":[{"embeddable":true,"href":"https:\/\/x-peptides.com\/de\/wp-json\/wp\/v2\/comments?post=10152"}],"wp:featuredmedia":[{"embeddable":true,"href":"https:\/\/x-peptides.com\/de\/wp-json\/wp\/v2\/media\/5030"}],"wp:attachment":[{"href":"https:\/\/x-peptides.com\/de\/wp-json\/wp\/v2\/media?parent=10152"}],"wp:term":[{"taxonomy":"product_brand","embeddable":true,"href":"https:\/\/x-peptides.com\/de\/wp-json\/wp\/v2\/product_brand?post=10152"},{"taxonomy":"product_cat","embeddable":true,"href":"https:\/\/x-peptides.com\/de\/wp-json\/wp\/v2\/product_cat?post=10152"},{"taxonomy":"product_tag","embeddable":true,"href":"https:\/\/x-peptides.com\/de\/wp-json\/wp\/v2\/product_tag?post=10152"}],"curies":[{"name":"wp","href":"https:\/\/api.w.org\/{rel}","templated":true}]}}