{"id":10097,"date":"2025-06-05T09:48:16","date_gmt":"2025-06-05T07:48:16","guid":{"rendered":"https:\/\/x-peptides.com\/produkt\/mots-c-10mg\/"},"modified":"2025-06-05T09:48:16","modified_gmt":"2025-06-05T07:48:16","slug":"mots-c-10mg","status":"publish","type":"product","link":"https:\/\/x-peptides.com\/de\/produkt\/mots-c-10mg\/","title":{"rendered":"MOTS-C 10mg"},"content":{"rendered":"<p data-start=\"62\" data-end=\"322\"><strong data-start=\"62\" data-end=\"322\">MOTS-c <\/strong>ist ein mitochondriales Signalpeptid, das aus 16 Aminos\u00e4uren besteht und nat\u00fcrlich im menschlichen K\u00f6rper vorkommt. Wissenschaftliche Studien weisen auf seine potenzielle Rolle bei der Regulierung des Stoffwechsels, der Verbesserung der Insulinempfindlichkeit und der Unterst\u00fctzung der zellul\u00e4ren Energieprozesse hin. <\/p>\n<p data-start=\"324\" data-end=\"636\">Dieses Peptid spielt eine Rolle bei der zellul\u00e4ren Anpassung an metabolischen Stress, was es zu einem interessanten Forschungsgegenstand im Zusammenhang mit Alterung, Gewichtsmanagement und Muskelfunktion macht. In experimentellen Modellen hat sich gezeigt, dass MOTS-c die k\u00f6rperliche Ausdauer erh\u00f6ht, den Glukosestoffwechsel verbessert und Entz\u00fcndungen reduziert. <\/p>\n<p data-start=\"638\" data-end=\"844\">Aufgrund seines einzigartigen mitochondrialen Ursprungs und seines Einflusses auf die Expression von Genen, die mit Langlebigkeit zusammenh\u00e4ngen, gewinnt MOTS-c in Studien \u00fcber gesundes Altern, Regeneration und k\u00f6rperliche Leistungsf\u00e4higkeit zunehmend an Interesse.<\/p>\n<p data-start=\"846\" data-end=\"1209\"><strong>Laborreagenz &#8211; nur f\u00fcr Forschungszwecke<\/strong><br data-start=\"895\" data-end=\"898\">Dieses Produkt ist als chemisches Reagenz ausschlie\u00dflich f\u00fcr Forschungszwecke klassifiziert und sollte von qualifizierten Fachleuten in Laborumgebungen gehandhabt werden. Es handelt sich nicht um ein Nahrungserg\u00e4nzungsmittel, ein Medikament oder ein Lebensmittel und ist nicht f\u00fcr den menschlichen Verzehr bestimmt. Alle bereitgestellten Informationen dienen nur zu Bildungszwecken.  <\/p>\n","protected":false},"excerpt":{"rendered":"<p>MOTS-c ist ein mitochondriales Signalpeptid, das aus 16 Aminos\u00e4uren besteht und nat\u00fcrlich im menschlichen K\u00f6rper vorkommt. Wissenschaftliche Studien weisen auf seine potenzielle Rolle bei der Regulierung des Stoffwechsels, der Verbesserung der Insulinempfindlichkeit und der Unterst\u00fctzung der zellul\u00e4ren Energieprozesse hin. Dieses Peptid spielt eine Rolle bei der zellul\u00e4ren Anpassung an metabolischen Stress, was es zu einem&#8230;<\/p>\n","protected":false},"featured_media":10101,"comment_status":"open","ping_status":"closed","template":"","meta":{"_kadence_starter_templates_imported_post":false,"_kad_post_transparent":"","_kad_post_title":"","_kad_post_layout":"","_kad_post_sidebar_id":"","_kad_post_content_style":"","_kad_post_vertical_padding":"","_kad_post_feature":"","_kad_post_feature_position":"","_kad_post_header":false,"_kad_post_footer":false,"_kad_post_classname":""},"product_brand":[],"product_cat":[101,122,143,120,88,144],"product_tag":[],"class_list":{"0":"post-10097","1":"product","2":"type-product","3":"status-publish","4":"has-post-thumbnail","6":"product_cat-erholung","7":"product_cat-flaschchen","8":"product_cat-gewichtsverlust","9":"product_cat-peptides","10":"product_cat-unkategorisiert","11":"product_cat-wachstum-der-muskeln","13":"first","14":"instock","15":"shipping-taxable","16":"purchasable","17":"product-type-variable","18":"has-default-attributes","19":"entry","20":"content-bg","21":"loop-entry"},"_links":{"self":[{"href":"https:\/\/x-peptides.com\/de\/wp-json\/wp\/v2\/product\/10097","targetHints":{"allow":["GET"]}}],"collection":[{"href":"https:\/\/x-peptides.com\/de\/wp-json\/wp\/v2\/product"}],"about":[{"href":"https:\/\/x-peptides.com\/de\/wp-json\/wp\/v2\/types\/product"}],"replies":[{"embeddable":true,"href":"https:\/\/x-peptides.com\/de\/wp-json\/wp\/v2\/comments?post=10097"}],"wp:featuredmedia":[{"embeddable":true,"href":"https:\/\/x-peptides.com\/de\/wp-json\/wp\/v2\/media\/10101"}],"wp:attachment":[{"href":"https:\/\/x-peptides.com\/de\/wp-json\/wp\/v2\/media?parent=10097"}],"wp:term":[{"taxonomy":"product_brand","embeddable":true,"href":"https:\/\/x-peptides.com\/de\/wp-json\/wp\/v2\/product_brand?post=10097"},{"taxonomy":"product_cat","embeddable":true,"href":"https:\/\/x-peptides.com\/de\/wp-json\/wp\/v2\/product_cat?post=10097"},{"taxonomy":"product_tag","embeddable":true,"href":"https:\/\/x-peptides.com\/de\/wp-json\/wp\/v2\/product_tag?post=10097"}],"curies":[{"name":"wp","href":"https:\/\/api.w.org\/{rel}","templated":true}]}}