{"id":10071,"date":"2025-05-30T13:22:34","date_gmt":"2025-05-30T11:22:34","guid":{"rendered":"https:\/\/x-peptides.com\/produkt\/vitamin-c-l-ascorbinsaeure\/"},"modified":"2025-05-30T13:22:34","modified_gmt":"2025-05-30T11:22:34","slug":"vitamin-c-l-ascorbinsaeure","status":"publish","type":"product","link":"https:\/\/x-peptides.com\/de\/produkt\/vitamin-c-l-ascorbinsaeure\/","title":{"rendered":"Vitamin C (L-Ascorbins\u00e4ure)"},"content":{"rendered":"<p data-start=\"59\" data-end=\"351\"><strong data-start=\"59\" data-end=\"351\">Vitamin C (L-Ascorbins\u00e4ure) <br data-start=\"102\" data-end=\"105\"><\/strong>L-Ascorbins\u00e4ure ist eine chemische Verbindung, die im Labor und in technischen Anwendungen weit verbreitet ist. Sie ist als Antioxidans und Reagenz bekannt und wird in Studien \u00fcber oxidativen Stress, Redoxprozesse und die Stabilit\u00e4t anderer chemischer Verbindungen eingesetzt. <\/p>\n<p data-start=\"353\" data-end=\"454\"><strong data-start=\"353\" data-end=\"454\">Dieses Produkt ist weder ein Nahrungserg\u00e4nzungsmittel noch ein Lebensmittel. Es ist nur f\u00fcr Forschungszwecke bestimmt. <\/strong><\/p>\n","protected":false},"excerpt":{"rendered":"<p>Vitamin C (L-Ascorbins\u00e4ure) L-Ascorbins\u00e4ure ist eine chemische Verbindung, die im Labor und in technischen Anwendungen weit verbreitet ist. Sie ist als Antioxidans und Reagenz bekannt und wird in Studien \u00fcber oxidativen Stress, Redoxprozesse und die Stabilit\u00e4t anderer chemischer Verbindungen eingesetzt. Dieses Produkt ist weder ein Nahrungserg\u00e4nzungsmittel noch ein Lebensmittel. Es ist nur f\u00fcr Forschungszwecke bestimmt.<\/p>\n","protected":false},"featured_media":7890,"comment_status":"open","ping_status":"closed","template":"","meta":{"_kadence_starter_templates_imported_post":false,"_kad_post_transparent":"","_kad_post_title":"","_kad_post_layout":"","_kad_post_sidebar_id":"","_kad_post_content_style":"","_kad_post_vertical_padding":"","_kad_post_feature":"","_kad_post_feature_position":"","_kad_post_header":false,"_kad_post_footer":false,"_kad_post_classname":""},"product_brand":[],"product_cat":[104,101,137,88],"product_tag":[],"class_list":{"0":"post-10071","1":"product","2":"type-product","3":"status-publish","4":"has-post-thumbnail","6":"product_cat-anti-aging","7":"product_cat-erholung","8":"product_cat-haut-haare-nagel","9":"product_cat-unkategorisiert","11":"first","12":"instock","13":"shipping-taxable","14":"purchasable","15":"product-type-variable","16":"has-default-attributes","17":"entry","18":"content-bg","19":"loop-entry"},"_links":{"self":[{"href":"https:\/\/x-peptides.com\/de\/wp-json\/wp\/v2\/product\/10071","targetHints":{"allow":["GET"]}}],"collection":[{"href":"https:\/\/x-peptides.com\/de\/wp-json\/wp\/v2\/product"}],"about":[{"href":"https:\/\/x-peptides.com\/de\/wp-json\/wp\/v2\/types\/product"}],"replies":[{"embeddable":true,"href":"https:\/\/x-peptides.com\/de\/wp-json\/wp\/v2\/comments?post=10071"}],"wp:featuredmedia":[{"embeddable":true,"href":"https:\/\/x-peptides.com\/de\/wp-json\/wp\/v2\/media\/7890"}],"wp:attachment":[{"href":"https:\/\/x-peptides.com\/de\/wp-json\/wp\/v2\/media?parent=10071"}],"wp:term":[{"taxonomy":"product_brand","embeddable":true,"href":"https:\/\/x-peptides.com\/de\/wp-json\/wp\/v2\/product_brand?post=10071"},{"taxonomy":"product_cat","embeddable":true,"href":"https:\/\/x-peptides.com\/de\/wp-json\/wp\/v2\/product_cat?post=10071"},{"taxonomy":"product_tag","embeddable":true,"href":"https:\/\/x-peptides.com\/de\/wp-json\/wp\/v2\/product_tag?post=10071"}],"curies":[{"name":"wp","href":"https:\/\/api.w.org\/{rel}","templated":true}]}}