{"id":10062,"date":"2025-06-05T09:45:23","date_gmt":"2025-06-05T07:45:23","guid":{"rendered":"https:\/\/x-peptides.com\/produkt\/snap-8-10mg\/"},"modified":"2025-06-05T09:45:23","modified_gmt":"2025-06-05T07:45:23","slug":"snap-8-10mg","status":"publish","type":"product","link":"https:\/\/x-peptides.com\/de\/produkt\/snap-8-10mg\/","title":{"rendered":"SNAP-8 10mg"},"content":{"rendered":"<p data-start=\"63\" data-end=\"342\"><strong data-start=\"63\" data-end=\"342\">SNAP-8 <\/strong>ist ein Peptid, das von einer modifizierten Version des Proteins SNAP-25 abgeleitet ist, das eine Schl\u00fcsselrolle im Mechanismus der Muskelkontraktion spielt. In Laborstudien hat es die F\u00e4higkeit bewiesen, die Kontraktion der Gesichtsmuskeln durch Beeinflussung der Freisetzung von Neurotransmittern zu verringern. <\/p>\n<p data-start=\"344\" data-end=\"514\">Diese Substanz hat als Alternative zu Botulinumtoxin in der Forschung an Interesse gewonnen und wird auf ihr Potenzial hin untersucht, das Erscheinungsbild von Mimikfalten zu reduzieren.<\/p>\n<p data-start=\"516\" data-end=\"815\">Die Forschung deutet darauf hin, dass SNAP-8 dazu beitragen kann, die f\u00fcr mimische Bewegungen verantwortlichen Gesichtsmuskeln zu entspannen, was es f\u00fcr die Untersuchung von Mechanismen der Hautalterung und Muskelspannung relevant macht. Seine Aktivit\u00e4t wird in den Bereichen Neurobiologie, experimentelle Dermatologie und molekulare \u00c4sthetik weiter erforscht. <\/p>\n<p data-start=\"817\" data-end=\"995\">SNAP-8 gilt als innovatives Peptid, das in der wissenschaftlichen Gemeinschaft als Modellsubstanz f\u00fcr die Untersuchung der neuromuskul\u00e4ren Signal\u00fcbertragung und ihrer Auswirkungen auf das Hautbild anerkannt ist.<\/p>\n<p data-start=\"997\" data-end=\"1360\"><strong data-start=\"997\" data-end=\"1360\">Laborreagenz &#8211; nur f\u00fcr Forschungszwecke<br data-start=\"1046\" data-end=\"1049\"><\/strong>Dieses Produkt ist als chemisches Reagenz ausschlie\u00dflich f\u00fcr Forschungszwecke klassifiziert und sollte von qualifizierten Fachleuten in Laborumgebungen gehandhabt werden. Es handelt sich nicht um ein Nahrungserg\u00e4nzungsmittel, ein Medikament oder ein Lebensmittel und ist nicht f\u00fcr den menschlichen Verzehr bestimmt. Alle bereitgestellten Informationen dienen nur zu Bildungszwecken.  <\/p>\n","protected":false},"excerpt":{"rendered":"<p>SNAP-8 ist ein Peptid, das von einer modifizierten Version des Proteins SNAP-25 abgeleitet ist, das eine Schl\u00fcsselrolle im Mechanismus der Muskelkontraktion spielt. In Laborstudien hat es die F\u00e4higkeit bewiesen, die Kontraktion der Gesichtsmuskeln durch Beeinflussung der Freisetzung von Neurotransmittern zu verringern. Diese Substanz hat als Alternative zu Botulinumtoxin in der Forschung an Interesse gewonnen und&#8230;<\/p>\n","protected":false},"featured_media":10065,"comment_status":"open","ping_status":"closed","template":"","meta":{"_kadence_starter_templates_imported_post":false,"_kad_post_transparent":"","_kad_post_title":"","_kad_post_layout":"","_kad_post_sidebar_id":"","_kad_post_content_style":"","_kad_post_vertical_padding":"","_kad_post_feature":"","_kad_post_feature_position":"","_kad_post_header":false,"_kad_post_footer":false,"_kad_post_classname":""},"product_brand":[],"product_cat":[104,122,120,88],"product_tag":[],"class_list":{"0":"post-10062","1":"product","2":"type-product","3":"status-publish","4":"has-post-thumbnail","6":"product_cat-anti-aging","7":"product_cat-flaschchen","8":"product_cat-peptides","9":"product_cat-unkategorisiert","11":"first","12":"instock","13":"shipping-taxable","14":"purchasable","15":"product-type-simple","16":"entry","17":"content-bg","18":"loop-entry"},"_links":{"self":[{"href":"https:\/\/x-peptides.com\/de\/wp-json\/wp\/v2\/product\/10062","targetHints":{"allow":["GET"]}}],"collection":[{"href":"https:\/\/x-peptides.com\/de\/wp-json\/wp\/v2\/product"}],"about":[{"href":"https:\/\/x-peptides.com\/de\/wp-json\/wp\/v2\/types\/product"}],"replies":[{"embeddable":true,"href":"https:\/\/x-peptides.com\/de\/wp-json\/wp\/v2\/comments?post=10062"}],"wp:featuredmedia":[{"embeddable":true,"href":"https:\/\/x-peptides.com\/de\/wp-json\/wp\/v2\/media\/10065"}],"wp:attachment":[{"href":"https:\/\/x-peptides.com\/de\/wp-json\/wp\/v2\/media?parent=10062"}],"wp:term":[{"taxonomy":"product_brand","embeddable":true,"href":"https:\/\/x-peptides.com\/de\/wp-json\/wp\/v2\/product_brand?post=10062"},{"taxonomy":"product_cat","embeddable":true,"href":"https:\/\/x-peptides.com\/de\/wp-json\/wp\/v2\/product_cat?post=10062"},{"taxonomy":"product_tag","embeddable":true,"href":"https:\/\/x-peptides.com\/de\/wp-json\/wp\/v2\/product_tag?post=10062"}],"curies":[{"name":"wp","href":"https:\/\/api.w.org\/{rel}","templated":true}]}}