{"id":10039,"date":"2025-05-30T13:18:32","date_gmt":"2025-05-30T11:18:32","guid":{"rendered":"https:\/\/x-peptides.com\/produkt\/nad-resveratrol\/"},"modified":"2026-02-26T13:34:43","modified_gmt":"2026-02-26T12:34:43","slug":"nad-resveratrol","status":"publish","type":"product","link":"https:\/\/x-peptides.com\/de\/produkt\/nad-resveratrol\/","title":{"rendered":"NAD+-Resveratrol"},"content":{"rendered":"<p data-start=\"62\" data-end=\"463\">Ein Produkt, das <strong>NAD+<\/strong> (Nicotinamid-Adenin-Dinukleotid) und hochreines <strong>Resveratrol<\/strong> enth\u00e4lt. Diese Verbindung kommt nat\u00fcrlich in lebenden Organismen vor und ist Gegenstand umfangreicher wissenschaftlicher Untersuchungen, insbesondere im Zusammenhang mit Alterungsprozessen, oxidativem Stress und der Funktion der Mitochondrien. Der Zusatz von Resveratrol ist eine beliebte Erg\u00e4nzung in Studien zur zellul\u00e4ren Signal\u00fcbertragung und Sirtuin-Aktivierung.<\/p>\n<p data-start=\"465\" data-end=\"521\"><strong data-start=\"465\" data-end=\"521\">Dieses Produkt ist nur f\u00fcr Forschungszwecke bestimmt.<\/strong><\/p>\n","protected":false},"excerpt":{"rendered":"<p>Ein Produkt, das NAD+ (Nicotinamid-Adenin-Dinukleotid) und hochreines Resveratrol enth\u00e4lt. Diese Verbindung kommt nat\u00fcrlich in lebenden Organismen vor und ist Gegenstand umfangreicher wissenschaftlicher Untersuchungen, insbesondere im Zusammenhang mit Alterungsprozessen, oxidativem Stress und der Funktion der Mitochondrien. Der Zusatz von Resveratrol ist eine beliebte Erg\u00e4nzung in Studien zur zellul\u00e4ren Signal\u00fcbertragung und Sirtuin-Aktivierung. Dieses Produkt ist nur f\u00fcr&#8230;<\/p>\n","protected":false},"featured_media":10043,"comment_status":"open","ping_status":"closed","template":"","meta":{"_kadence_starter_templates_imported_post":false,"_kad_post_transparent":"default","_kad_post_title":"","_kad_post_layout":"default","_kad_post_sidebar_id":"","_kad_post_content_style":"default","_kad_post_vertical_padding":"default","_kad_post_feature":"","_kad_post_feature_position":"","_kad_post_header":false,"_kad_post_footer":false,"_kad_post_classname":""},"product_brand":[],"product_cat":[104,101,102,88],"product_tag":[],"class_list":{"0":"post-10039","1":"product","2":"type-product","3":"status-publish","4":"has-post-thumbnail","6":"product_cat-anti-aging","7":"product_cat-erholung","8":"product_cat-gehirn-gedachtnis-konzentration","9":"product_cat-unkategorisiert","11":"first","12":"instock","13":"shipping-taxable","14":"purchasable","15":"product-type-variable","16":"has-default-attributes","17":"entry","18":"content-bg","19":"loop-entry"},"_links":{"self":[{"href":"https:\/\/x-peptides.com\/de\/wp-json\/wp\/v2\/product\/10039","targetHints":{"allow":["GET"]}}],"collection":[{"href":"https:\/\/x-peptides.com\/de\/wp-json\/wp\/v2\/product"}],"about":[{"href":"https:\/\/x-peptides.com\/de\/wp-json\/wp\/v2\/types\/product"}],"replies":[{"embeddable":true,"href":"https:\/\/x-peptides.com\/de\/wp-json\/wp\/v2\/comments?post=10039"}],"wp:featuredmedia":[{"embeddable":true,"href":"https:\/\/x-peptides.com\/de\/wp-json\/wp\/v2\/media\/10043"}],"wp:attachment":[{"href":"https:\/\/x-peptides.com\/de\/wp-json\/wp\/v2\/media?parent=10039"}],"wp:term":[{"taxonomy":"product_brand","embeddable":true,"href":"https:\/\/x-peptides.com\/de\/wp-json\/wp\/v2\/product_brand?post=10039"},{"taxonomy":"product_cat","embeddable":true,"href":"https:\/\/x-peptides.com\/de\/wp-json\/wp\/v2\/product_cat?post=10039"},{"taxonomy":"product_tag","embeddable":true,"href":"https:\/\/x-peptides.com\/de\/wp-json\/wp\/v2\/product_tag?post=10039"}],"curies":[{"name":"wp","href":"https:\/\/api.w.org\/{rel}","templated":true}]}}